{"id":1178,"date":"2025-07-01T12:16:56","date_gmt":"2025-07-01T10:16:56","guid":{"rendered":"https:\/\/wellbeingeletmod.com\/termekvisszakuldes\/"},"modified":"2025-10-10T23:50:13","modified_gmt":"2025-10-10T21:50:13","slug":"termekvisszakuldes","status":"publish","type":"page","link":"https:\/\/wellbeingeletmod.com\/en\/termekvisszakuldes\/","title":{"rendered":"Product returns"},"content":{"rendered":"\t\t<div data-elementor-type=\"wp-page\" data-elementor-id=\"1178\" class=\"elementor elementor-1178\" data-elementor-post-type=\"page\">\n\t\t\t\t<div class=\"elementor-element elementor-element-5b84d8a8 e-flex e-con-boxed e-con e-parent\" data-id=\"5b84d8a8\" data-element_type=\"container\" data-e-type=\"container\" data-settings=\"{&quot;background_background&quot;:&quot;classic&quot;}\">\n\t\t\t\t\t<div class=\"e-con-inner\">\n\t\t<div class=\"elementor-element elementor-element-3a4db602 e-con-full e-flex e-con e-child\" data-id=\"3a4db602\" data-element_type=\"container\" data-e-type=\"container\">\n\t\t\t\t<div class=\"elementor-element elementor-element-f8b78bc elementor-widget elementor-widget-heading\" data-id=\"f8b78bc\" data-element_type=\"widget\" data-e-type=\"widget\" data-widget_type=\"heading.default\">\n\t\t\t\t<div class=\"elementor-widget-container\">\n\t\t\t\t\t<h1 class=\"elementor-heading-title elementor-size-default\">Term\u00e9kvisszak\u00fcld\u00e9s<\/h1>\t\t\t\t<\/div>\n\t\t\t\t<\/div>\n\t\t\t\t<div class=\"elementor-element elementor-element-549e3400 elementor-widget elementor-widget-text-editor\" data-id=\"549e3400\" data-element_type=\"widget\" data-e-type=\"widget\" data-widget_type=\"text-editor.default\">\n\t\t\t\t<div class=\"elementor-widget-container\">\n\t\t\t\t\t\t\t\t\t<p>K\u00e9rd\u00e9sed van? \u00cdrj nek\u00fcnk \u00e9s felvessz\u00fck veled a kapcsolatot!<\/p>\t\t\t\t\t\t\t\t<\/div>\n\t\t\t\t<\/div>\n\t\t\t\t<\/div>\n\t\t\t\t\t<\/div>\n\t\t\t\t<\/div>\n\t\t<div class=\"elementor-element elementor-element-5153d49e e-flex e-con-boxed e-con e-parent\" data-id=\"5153d49e\" data-element_type=\"container\" data-e-type=\"container\">\n\t\t\t\t\t<div class=\"e-con-inner\">\n\t\t<div class=\"elementor-element elementor-element-50ab5c89 e-con-full e-flex e-con e-child\" data-id=\"50ab5c89\" data-element_type=\"container\" data-e-type=\"container\">\n\t\t\t\t<div class=\"elementor-element elementor-element-6cfcebab elementor-widget elementor-widget-heading\" data-id=\"6cfcebab\" data-element_type=\"widget\" data-e-type=\"widget\" data-widget_type=\"heading.default\">\n\t\t\t\t<div class=\"elementor-widget-container\">\n\t\t\t\t\t<h2 class=\"elementor-heading-title elementor-size-default\">Visszak\u00fcld\u00e9s menete<\/h2>\t\t\t\t<\/div>\n\t\t\t\t<\/div>\n\t\t\t\t<div class=\"elementor-element elementor-element-554ed5db elementor-widget elementor-widget-text-editor\" data-id=\"554ed5db\" data-element_type=\"widget\" data-e-type=\"widget\" data-widget_type=\"text-editor.default\">\n\t\t\t\t<div class=\"elementor-widget-container\">\n\t\t\t\t\t\t\t\t\t<p>1.\u00a0T\u00f6ltsd ki az itt tal\u00e1lhat\u00f3 \u0171rlapot.<\/p><p>2. A megadott e-mail c\u00edmre egy automatikus \u00fczenetet k\u00fcld\u00f6k, amely tartalmazza a visszak\u00fcld\u00e9si c\u00edmet. Ha nem l\u00e1tn\u00e1d az \u00fczenetet p\u00e1r percen bel\u00fcl,\u00a0k\u00e9rlek a SPAM mapp\u00e1t is ellen\u0151rizd.<\/p><p>3. Miut\u00e1n a term\u00e9ket megkaptam \u00e9s meggy\u0151z\u0151dtem annak s\u00e9rtetlens\u00e9g\u00e9r\u0151l, 30 napon bel\u00fcl visszautalom a v\u00e9tel\u00e1rat.\u00a0<\/p><p>A term\u00e9k visszak\u00fcld\u00e9s\u00e9nek k\u00f6lts\u00e9g\u00e9nek k\u00edv\u00fcl az el\u00e1ll\u00e1s kapcs\u00e1n T\u00e9ged semmilyen m\u00e1s k\u00f6lts\u00e9g nem terhel.<\/p><p>B\u00e1rmilyen k\u00e9rd\u00e9s eset\u00e9n k\u00e9rj\u00fck \u00edrj az <a href=\"mailto:info@wellbeingeletmod.com\">info@wellbeingeletmod.com<\/a>\u00a0e-mail c\u00edmre.<\/p>\t\t\t\t\t\t\t\t<\/div>\n\t\t\t\t<\/div>\n\t\t\t\t<\/div>\n\t\t<div class=\"elementor-element elementor-element-34425139 e-con-full e-flex e-con e-child\" data-id=\"34425139\" data-element_type=\"container\" data-e-type=\"container\">\n\t\t\t\t<div class=\"elementor-element elementor-element-5dd0f7e7 elementor-button-align-stretch elementor-widget elementor-widget-form\" data-id=\"5dd0f7e7\" data-element_type=\"widget\" data-e-type=\"widget\" data-settings=\"{&quot;step_next_label&quot;:&quot;K\\u00f6vetkez\\u0151&quot;,&quot;step_previous_label&quot;:&quot;El\\u0151z\\u0151&quot;,&quot;step_type&quot;:&quot;none&quot;,&quot;button_width&quot;:&quot;100&quot;,&quot;step_icon_shape&quot;:&quot;circle&quot;}\" data-widget_type=\"form.default\">\n\t\t\t\t<div class=\"elementor-widget-container\">\n\t\t\t\t\t\t\t<form class=\"elementor-form\" method=\"post\" name=\"Term\u00e9kvisszak\u00fcld\u00e9s\" aria-label=\"Term\u00e9kvisszak\u00fcld\u00e9s\">\n\t\t\t<input type=\"hidden\" name=\"post_id\" value=\"1178\"\/>\n\t\t\t<input type=\"hidden\" name=\"form_id\" value=\"5dd0f7e7\"\/>\n\t\t\t<input type=\"hidden\" name=\"referer_title\" value=\"Term\u00e9kvisszak\u00fcld\u00e9s - Wellbeing \u00c9letm\u00f3d Program\" \/>\n\n\t\t\t\t\t\t\t<input type=\"hidden\" name=\"queried_id\" value=\"1178\"\/>\n\t\t\t\n\t\t\t<div class=\"elementor-form-fields-wrapper elementor-labels-above\">\n\t\t\t\t\t\t\t\t<div class=\"elementor-field-type-text elementor-field-group elementor-column elementor-field-group-teljes_nev elementor-col-50 elementor-field-required elementor-mark-required\">\n\t\t\t\t\t\t\t\t\t\t\t\t<label for=\"form-field-teljes_nev\" class=\"elementor-field-label\">\n\t\t\t\t\t\t\t\tTeljes n\u00e9v\t\t\t\t\t\t\t<\/label>\n\t\t\t\t\t\t\t\t\t\t\t\t\t\t<input size=\"1\" type=\"text\" name=\"form_fields[teljes_nev]\" id=\"form-field-teljes_nev\" class=\"elementor-field elementor-size-md  elementor-field-textual\" placeholder=\"Teljes n\u00e9v\" required=\"required\">\n\t\t\t\t\t\t\t\t\t\t\t<\/div>\n\t\t\t\t\t\t\t\t<div class=\"elementor-field-type-email elementor-field-group elementor-column elementor-field-group-email elementor-col-50 elementor-field-required elementor-mark-required\">\n\t\t\t\t\t\t\t\t\t\t\t\t<label for=\"form-field-email\" class=\"elementor-field-label\">\n\t\t\t\t\t\t\t\tE-mail c\u00edm\t\t\t\t\t\t\t<\/label>\n\t\t\t\t\t\t\t\t\t\t\t\t\t\t<input size=\"1\" type=\"email\" name=\"form_fields[email]\" id=\"form-field-email\" class=\"elementor-field elementor-size-md  elementor-field-textual\" placeholder=\"E-mail c\u00edm\" required=\"required\">\n\t\t\t\t\t\t\t\t\t\t\t<\/div>\n\t\t\t\t\t\t\t\t<div class=\"elementor-field-type-text elementor-field-group elementor-column elementor-field-group-rendelesi_azonosito elementor-col-50\">\n\t\t\t\t\t\t\t\t\t\t\t\t<label for=\"form-field-rendelesi_azonosito\" class=\"elementor-field-label\">\n\t\t\t\t\t\t\t\tRendel\u00e9si azonos\u00edt\u00f3\t\t\t\t\t\t\t<\/label>\n\t\t\t\t\t\t\t\t\t\t\t\t\t\t<input size=\"1\" type=\"text\" name=\"form_fields[rendelesi_azonosito]\" id=\"form-field-rendelesi_azonosito\" class=\"elementor-field elementor-size-md  elementor-field-textual\" placeholder=\"Rendel\u00e9si azonos\u00edt\u00f3\">\n\t\t\t\t\t\t\t\t\t\t\t<\/div>\n\t\t\t\t\t\t\t\t<div class=\"elementor-field-type-text elementor-field-group elementor-column elementor-field-group-telefonszam elementor-col-50\">\n\t\t\t\t\t\t\t\t\t\t\t\t<label for=\"form-field-telefonszam\" class=\"elementor-field-label\">\n\t\t\t\t\t\t\t\tTelefonsz\u00e1m\t\t\t\t\t\t\t<\/label>\n\t\t\t\t\t\t\t\t\t\t\t\t\t\t<input size=\"1\" type=\"text\" name=\"form_fields[telefonszam]\" id=\"form-field-telefonszam\" class=\"elementor-field elementor-size-md  elementor-field-textual\" placeholder=\"+36701234567\">\n\t\t\t\t\t\t\t\t\t\t\t<\/div>\n\t\t\t\t\t\t\t\t<div class=\"elementor-field-type-text elementor-field-group elementor-column elementor-field-group-bankszamlaszam elementor-col-100 elementor-field-required elementor-mark-required\">\n\t\t\t\t\t\t\t\t\t\t\t\t<label for=\"form-field-bankszamlaszam\" class=\"elementor-field-label\">\n\t\t\t\t\t\t\t\tBanksz\u00e1mlasz\u00e1mod\t\t\t\t\t\t\t<\/label>\n\t\t\t\t\t\t\t\t\t\t\t\t\t\t<input size=\"1\" type=\"text\" name=\"form_fields[bankszamlaszam]\" id=\"form-field-bankszamlaszam\" class=\"elementor-field elementor-size-md  elementor-field-textual\" placeholder=\"Ide fogjuk utalni a visszat\u00e9r\u00edt\u00e9st.\" required=\"required\">\n\t\t\t\t\t\t\t\t\t\t\t<\/div>\n\t\t\t\t\t\t\t\t<div class=\"elementor-field-type-text elementor-field-group elementor-column elementor-field-group-kedvezmenyezett_neve elementor-col-100 elementor-field-required elementor-mark-required\">\n\t\t\t\t\t\t\t\t\t\t\t\t<label for=\"form-field-kedvezmenyezett_neve\" class=\"elementor-field-label\">\n\t\t\t\t\t\t\t\tKedvezm\u00e9nyezett neve\t\t\t\t\t\t\t<\/label>\n\t\t\t\t\t\t\t\t\t\t\t\t\t\t<input size=\"1\" type=\"text\" name=\"form_fields[kedvezmenyezett_neve]\" id=\"form-field-kedvezmenyezett_neve\" class=\"elementor-field elementor-size-md  elementor-field-textual\" placeholder=\"A banksz\u00e1mlasz\u00e1m tulajdonos\u00e1nak neve.\" required=\"required\">\n\t\t\t\t\t\t\t\t\t\t\t<\/div>\n\t\t\t\t\t\t\t\t<div class=\"elementor-field-type-textarea elementor-field-group elementor-column elementor-field-group-megjegyzes elementor-col-100\">\n\t\t\t\t\t\t\t\t\t\t\t\t<label for=\"form-field-megjegyzes\" class=\"elementor-field-label\">\n\t\t\t\t\t\t\t\tMilyen okb\u00f3l szeretn\u00e9d visszak\u00fcldeni a term\u00e9ket?\t\t\t\t\t\t\t<\/label>\n\t\t\t\t\t\t<textarea class=\"elementor-field-textual elementor-field  elementor-size-md\" name=\"form_fields[megjegyzes]\" id=\"form-field-megjegyzes\" rows=\"4\" placeholder=\"Megjegyz\u00e9s\"><\/textarea>\t\t\t\t<\/div>\n\t\t\t\t\t\t\t\t<div class=\"elementor-field-group elementor-column elementor-field-type-submit elementor-col-100 e-form__buttons\">\n\t\t\t\t\t<button class=\"elementor-button elementor-size-sm\" type=\"submit\">\n\t\t\t\t\t\t<span class=\"elementor-button-content-wrapper\">\n\t\t\t\t\t\t\t\t\t\t\t\t\t\t\t\t\t\t\t\t\t\t<span class=\"elementor-button-text\">K\u00fcld\u00e9s<\/span>\n\t\t\t\t\t\t\t\t\t\t\t\t\t<\/span>\n\t\t\t\t\t<\/button>\n\t\t\t\t<\/div>\n\t\t\t<\/div>\n\t\t<\/form>\n\t\t\t\t\t\t<\/div>\n\t\t\t\t<\/div>\n\t\t\t\t<\/div>\n\t\t\t\t\t<\/div>\n\t\t\t\t<\/div>\n\t\t\t\t<\/div>\n\t\t","protected":false},"excerpt":{"rendered":"<p>Term\u00e9kvisszak\u00fcld\u00e9s K\u00e9rd\u00e9sed van? \u00cdrj nek\u00fcnk \u00e9s felvessz\u00fck veled a kapcsolatot! Visszak\u00fcld\u00e9s menete 1.\u00a0T\u00f6ltsd ki az itt tal\u00e1lhat\u00f3 \u0171rlapot. 2. A megadott e-mail c\u00edmre egy automatikus \u00fczenetet k\u00fcld\u00f6k, amely tartalmazza a visszak\u00fcld\u00e9si c\u00edmet. Ha nem l\u00e1tn\u00e1d az \u00fczenetet p\u00e1r percen bel\u00fcl,\u00a0k\u00e9rlek a SPAM mapp\u00e1t is ellen\u0151rizd. 3. Miut\u00e1n a term\u00e9ket megkaptam \u00e9s meggy\u0151z\u0151dtem annak s\u00e9rtetlens\u00e9g\u00e9r\u0151l, 30 [&hellip;]<\/p>\n","protected":false},"author":1,"featured_media":0,"parent":0,"menu_order":0,"comment_status":"closed","ping_status":"closed","template":"","meta":{"footnotes":""},"class_list":["post-1178","page","type-page","status-publish","hentry"],"yoast_head":"<!-- This site is optimized with the Yoast SEO plugin v27.5 - https:\/\/yoast.com\/product\/yoast-seo-wordpress\/ -->\n<title>Term\u00e9kvisszak\u00fcld\u00e9s - Wellbeing \u00c9letm\u00f3d Program<\/title>\n<meta name=\"robots\" content=\"index, follow, max-snippet:-1, max-image-preview:large, max-video-preview:-1\" \/>\n<link rel=\"canonical\" href=\"https:\/\/wellbeingeletmod.com\/en\/termekvisszakuldes\/\" \/>\n<meta property=\"og:locale\" content=\"en_GB\" \/>\n<meta property=\"og:type\" content=\"article\" \/>\n<meta property=\"og:title\" content=\"Term\u00e9kvisszak\u00fcld\u00e9s - Wellbeing \u00c9letm\u00f3d Program\" \/>\n<meta property=\"og:description\" content=\"Term\u00e9kvisszak\u00fcld\u00e9s K\u00e9rd\u00e9sed van? \u00cdrj nek\u00fcnk \u00e9s felvessz\u00fck veled a kapcsolatot! Visszak\u00fcld\u00e9s menete 1.\u00a0T\u00f6ltsd ki az itt tal\u00e1lhat\u00f3 \u0171rlapot. 2. A megadott e-mail c\u00edmre egy automatikus \u00fczenetet k\u00fcld\u00f6k, amely tartalmazza a visszak\u00fcld\u00e9si c\u00edmet. Ha nem l\u00e1tn\u00e1d az \u00fczenetet p\u00e1r percen bel\u00fcl,\u00a0k\u00e9rlek a SPAM mapp\u00e1t is ellen\u0151rizd. 3. Miut\u00e1n a term\u00e9ket megkaptam \u00e9s meggy\u0151z\u0151dtem annak s\u00e9rtetlens\u00e9g\u00e9r\u0151l, 30 [&hellip;]\" \/>\n<meta property=\"og:url\" content=\"https:\/\/wellbeingeletmod.com\/en\/termekvisszakuldes\/\" \/>\n<meta property=\"og:site_name\" content=\"Wellbeing \u00c9letm\u00f3d Program\" \/>\n<meta property=\"article:modified_time\" content=\"2025-10-10T21:50:13+00:00\" \/>\n<meta name=\"twitter:card\" content=\"summary_large_image\" \/>\n<meta name=\"twitter:label1\" content=\"Estimated reading time\" \/>\n\t<meta name=\"twitter:data1\" content=\"1 minute\" \/>\n<script type=\"application\/ld+json\" class=\"yoast-schema-graph\">{\"@context\":\"https:\\\/\\\/schema.org\",\"@graph\":[{\"@type\":\"WebPage\",\"@id\":\"https:\\\/\\\/wellbeingeletmod.com\\\/termekvisszakuldes\\\/\",\"url\":\"https:\\\/\\\/wellbeingeletmod.com\\\/termekvisszakuldes\\\/\",\"name\":\"Term\u00e9kvisszak\u00fcld\u00e9s - Wellbeing \u00c9letm\u00f3d Program\",\"isPartOf\":{\"@id\":\"https:\\\/\\\/wellbeingeletmod.com\\\/#website\"},\"datePublished\":\"2025-07-01T10:16:56+00:00\",\"dateModified\":\"2025-10-10T21:50:13+00:00\",\"breadcrumb\":{\"@id\":\"https:\\\/\\\/wellbeingeletmod.com\\\/termekvisszakuldes\\\/#breadcrumb\"},\"inLanguage\":\"en-GB\",\"potentialAction\":[{\"@type\":\"ReadAction\",\"target\":[\"https:\\\/\\\/wellbeingeletmod.com\\\/termekvisszakuldes\\\/\"]}]},{\"@type\":\"BreadcrumbList\",\"@id\":\"https:\\\/\\\/wellbeingeletmod.com\\\/termekvisszakuldes\\\/#breadcrumb\",\"itemListElement\":[{\"@type\":\"ListItem\",\"position\":1,\"name\":\"Kezd\u0151lap\",\"item\":\"https:\\\/\\\/wellbeingeletmod.com\\\/\"},{\"@type\":\"ListItem\",\"position\":2,\"name\":\"Term\u00e9kvisszak\u00fcld\u00e9s\"}]},{\"@type\":\"WebSite\",\"@id\":\"https:\\\/\\\/wellbeingeletmod.com\\\/#website\",\"url\":\"https:\\\/\\\/wellbeingeletmod.com\\\/\",\"name\":\"Wellbeing \u00c9letm\u00f3d Program\",\"description\":\"\u00c9letm\u00f3d amely bel\u00fclr\u0151l \u00e9p\u00edt\",\"publisher\":{\"@id\":\"https:\\\/\\\/wellbeingeletmod.com\\\/#\\\/schema\\\/person\\\/5922e136ec70ee3c2d22fac7ab1ac917\"},\"potentialAction\":[{\"@type\":\"SearchAction\",\"target\":{\"@type\":\"EntryPoint\",\"urlTemplate\":\"https:\\\/\\\/wellbeingeletmod.com\\\/?s={search_term_string}\"},\"query-input\":{\"@type\":\"PropertyValueSpecification\",\"valueRequired\":true,\"valueName\":\"search_term_string\"}}],\"inLanguage\":\"en-GB\"},{\"@type\":[\"Person\",\"Organization\"],\"@id\":\"https:\\\/\\\/wellbeingeletmod.com\\\/#\\\/schema\\\/person\\\/5922e136ec70ee3c2d22fac7ab1ac917\",\"name\":\"Borb\u00e9ly Erika\",\"image\":{\"@type\":\"ImageObject\",\"inLanguage\":\"en-GB\",\"@id\":\"https:\\\/\\\/wellbeingeletmod.com\\\/wp-content\\\/uploads\\\/2025\\\/07\\\/wb-png-logo.png\",\"url\":\"https:\\\/\\\/wellbeingeletmod.com\\\/wp-content\\\/uploads\\\/2025\\\/07\\\/wb-png-logo.png\",\"contentUrl\":\"https:\\\/\\\/wellbeingeletmod.com\\\/wp-content\\\/uploads\\\/2025\\\/07\\\/wb-png-logo.png\",\"width\":350,\"height\":120,\"caption\":\"Borb\u00e9ly Erika\"},\"logo\":{\"@id\":\"https:\\\/\\\/wellbeingeletmod.com\\\/wp-content\\\/uploads\\\/2025\\\/07\\\/wb-png-logo.png\"},\"sameAs\":[\"https:\\\/\\\/wellbeingeletmod.com\"]}]}<\/script>\n<!-- \/ Yoast SEO plugin. -->","yoast_head_json":{"title":"Term\u00e9kvisszak\u00fcld\u00e9s - Wellbeing \u00c9letm\u00f3d Program","robots":{"index":"index","follow":"follow","max-snippet":"max-snippet:-1","max-image-preview":"max-image-preview:large","max-video-preview":"max-video-preview:-1"},"canonical":"https:\/\/wellbeingeletmod.com\/en\/termekvisszakuldes\/","og_locale":"en_GB","og_type":"article","og_title":"Term\u00e9kvisszak\u00fcld\u00e9s - Wellbeing \u00c9letm\u00f3d Program","og_description":"Term\u00e9kvisszak\u00fcld\u00e9s K\u00e9rd\u00e9sed van? \u00cdrj nek\u00fcnk \u00e9s felvessz\u00fck veled a kapcsolatot! Visszak\u00fcld\u00e9s menete 1.\u00a0T\u00f6ltsd ki az itt tal\u00e1lhat\u00f3 \u0171rlapot. 2. A megadott e-mail c\u00edmre egy automatikus \u00fczenetet k\u00fcld\u00f6k, amely tartalmazza a visszak\u00fcld\u00e9si c\u00edmet. Ha nem l\u00e1tn\u00e1d az \u00fczenetet p\u00e1r percen bel\u00fcl,\u00a0k\u00e9rlek a SPAM mapp\u00e1t is ellen\u0151rizd. 3. Miut\u00e1n a term\u00e9ket megkaptam \u00e9s meggy\u0151z\u0151dtem annak s\u00e9rtetlens\u00e9g\u00e9r\u0151l, 30 [&hellip;]","og_url":"https:\/\/wellbeingeletmod.com\/en\/termekvisszakuldes\/","og_site_name":"Wellbeing \u00c9letm\u00f3d Program","article_modified_time":"2025-10-10T21:50:13+00:00","twitter_card":"summary_large_image","twitter_misc":{"Estimated reading time":"1 minute"},"schema":{"@context":"https:\/\/schema.org","@graph":[{"@type":"WebPage","@id":"https:\/\/wellbeingeletmod.com\/termekvisszakuldes\/","url":"https:\/\/wellbeingeletmod.com\/termekvisszakuldes\/","name":"Term\u00e9kvisszak\u00fcld\u00e9s - Wellbeing \u00c9letm\u00f3d Program","isPartOf":{"@id":"https:\/\/wellbeingeletmod.com\/#website"},"datePublished":"2025-07-01T10:16:56+00:00","dateModified":"2025-10-10T21:50:13+00:00","breadcrumb":{"@id":"https:\/\/wellbeingeletmod.com\/termekvisszakuldes\/#breadcrumb"},"inLanguage":"en-GB","potentialAction":[{"@type":"ReadAction","target":["https:\/\/wellbeingeletmod.com\/termekvisszakuldes\/"]}]},{"@type":"BreadcrumbList","@id":"https:\/\/wellbeingeletmod.com\/termekvisszakuldes\/#breadcrumb","itemListElement":[{"@type":"ListItem","position":1,"name":"Kezd\u0151lap","item":"https:\/\/wellbeingeletmod.com\/"},{"@type":"ListItem","position":2,"name":"Term\u00e9kvisszak\u00fcld\u00e9s"}]},{"@type":"WebSite","@id":"https:\/\/wellbeingeletmod.com\/#website","url":"https:\/\/wellbeingeletmod.com\/","name":"Wellbeing Lifestyle Programme","description":"\u00c9letm\u00f3d amely bel\u00fclr\u0151l \u00e9p\u00edt","publisher":{"@id":"https:\/\/wellbeingeletmod.com\/#\/schema\/person\/5922e136ec70ee3c2d22fac7ab1ac917"},"potentialAction":[{"@type":"SearchAction","target":{"@type":"EntryPoint","urlTemplate":"https:\/\/wellbeingeletmod.com\/?s={search_term_string}"},"query-input":{"@type":"PropertyValueSpecification","valueRequired":true,"valueName":"search_term_string"}}],"inLanguage":"en-GB"},{"@type":["Person","Organization"],"@id":"https:\/\/wellbeingeletmod.com\/#\/schema\/person\/5922e136ec70ee3c2d22fac7ab1ac917","name":"Erika Borb\u00e9ly","image":{"@type":"ImageObject","inLanguage":"en-GB","@id":"https:\/\/wellbeingeletmod.com\/wp-content\/uploads\/2025\/07\/wb-png-logo.png","url":"https:\/\/wellbeingeletmod.com\/wp-content\/uploads\/2025\/07\/wb-png-logo.png","contentUrl":"https:\/\/wellbeingeletmod.com\/wp-content\/uploads\/2025\/07\/wb-png-logo.png","width":350,"height":120,"caption":"Borb\u00e9ly Erika"},"logo":{"@id":"https:\/\/wellbeingeletmod.com\/wp-content\/uploads\/2025\/07\/wb-png-logo.png"},"sameAs":["https:\/\/wellbeingeletmod.com"]}]}},"_links":{"self":[{"href":"https:\/\/wellbeingeletmod.com\/en\/wp-json\/wp\/v2\/pages\/1178","targetHints":{"allow":["GET"]}}],"collection":[{"href":"https:\/\/wellbeingeletmod.com\/en\/wp-json\/wp\/v2\/pages"}],"about":[{"href":"https:\/\/wellbeingeletmod.com\/en\/wp-json\/wp\/v2\/types\/page"}],"author":[{"embeddable":true,"href":"https:\/\/wellbeingeletmod.com\/en\/wp-json\/wp\/v2\/users\/1"}],"replies":[{"embeddable":true,"href":"https:\/\/wellbeingeletmod.com\/en\/wp-json\/wp\/v2\/comments?post=1178"}],"version-history":[{"count":0,"href":"https:\/\/wellbeingeletmod.com\/en\/wp-json\/wp\/v2\/pages\/1178\/revisions"}],"wp:attachment":[{"href":"https:\/\/wellbeingeletmod.com\/en\/wp-json\/wp\/v2\/media?parent=1178"}],"curies":[{"name":"wp","href":"https:\/\/api.w.org\/{rel}","templated":true}]}}