{"id":1181,"date":"2025-07-01T12:16:56","date_gmt":"2025-07-01T10:16:56","guid":{"rendered":"https:\/\/wellbeingeletmod.com\/szallitasi-es-fizetesi-feltetelek\/"},"modified":"2025-10-10T23:37:00","modified_gmt":"2025-10-10T21:37:00","slug":"szallitasi-es-fizetesi-feltetelek","status":"publish","type":"page","link":"https:\/\/wellbeingeletmod.com\/en\/szallitasi-es-fizetesi-feltetelek\/","title":{"rendered":"Shipping and payment terms"},"content":{"rendered":"<div data-elementor-type=\"wp-page\" data-elementor-id=\"1181\" class=\"elementor elementor-1181\" data-elementor-post-type=\"page\">\n\t\t\t\t<div class=\"elementor-element elementor-element-5c31a015 e-flex e-con-boxed e-con e-parent\" data-id=\"5c31a015\" data-element_type=\"container\" data-e-type=\"container\" data-settings=\"{&quot;background_background&quot;:&quot;classic&quot;}\">\n\t\t\t\t\t<div class=\"e-con-inner\">\n\t\t<div class=\"elementor-element elementor-element-24c68bac e-con-full e-flex e-con e-child\" data-id=\"24c68bac\" data-element_type=\"container\" data-e-type=\"container\">\n\t\t\t\t<div class=\"elementor-element elementor-element-19982274 elementor-widget elementor-widget-heading\" data-id=\"19982274\" data-element_type=\"widget\" data-e-type=\"widget\" data-widget_type=\"heading.default\">\n\t\t\t\t<div class=\"elementor-widget-container\">\n\t\t\t\t\t<h1 class=\"elementor-heading-title elementor-size-default\">Shipping and payment terms<\/h1>\t\t\t\t<\/div>\n\t\t\t\t<\/div>\n\t\t\t\t<\/div>\n\t\t\t\t\t<\/div>\n\t\t\t\t<\/div>\n\t\t<div class=\"elementor-element elementor-element-877a658 e-flex e-con-boxed e-con e-parent\" data-id=\"877a658\" data-element_type=\"container\" data-e-type=\"container\">\n\t\t\t\t\t<div class=\"e-con-inner\">\n\t\t<div class=\"elementor-element elementor-element-67fadd8e e-con-full e-flex e-con e-child\" data-id=\"67fadd8e\" data-element_type=\"container\" data-e-type=\"container\">\n\t\t\t\t<div class=\"elementor-element elementor-element-4e3dc36b elementor-widget elementor-widget-heading\" data-id=\"4e3dc36b\" data-element_type=\"widget\" data-e-type=\"widget\" data-widget_type=\"heading.default\">\n\t\t\t\t<div class=\"elementor-widget-container\">\n\t\t\t\t\t<h2 class=\"elementor-heading-title elementor-size-default\">Shipping terms<\/h2>\t\t\t\t<\/div>\n\t\t\t\t<\/div>\n\t\t\t\t<div class=\"elementor-element elementor-element-3e3f2d3e elementor-widget elementor-widget-text-editor\" data-id=\"3e3f2d3e\" data-element_type=\"widget\" data-e-type=\"widget\" data-widget_type=\"text-editor.default\">\n\t\t\t\t<div class=\"elementor-widget-container\">\n\t\t\t\t\t\t\t\t\t<p>Website: <strong>wellbeingeletmod.com<\/strong><br \/>E-mail: <strong>info@wellbeingeletmod.com<\/strong><\/p><p>We will send you an electronic confirmation of your order. After placing your order, packages will be delivered by Magyar Posta courier service or automatically by Foxpost parcel delivery service.<\/p><p><strong>Shipping costs for products:\u00a0<\/strong><\/p><ul><li>Parcel machine: 1690 HUF<\/li><li>Hungarian Post home delivery: 2490 HUF<\/li><\/ul><p>The current shipping cost for the product is displayed in the online store during the checkout process.<\/p><p>We recommend that you provide a delivery address where our courier can definitely find you or your representative between 9 a.m. and 5 p.m. This can be your home address, workplace, or any other planned location.<\/p><p>If you choose cash on delivery, please ensure that if someone else is receiving the package on your behalf, they have the necessary funds to pay for it. When placing your order, you can provide delivery details in the comments section (e.g., doorbell, reception, representative, etc.).<\/p><p>If you encounter any problems with delivery, please call the courier service customer service number, where you can obtain accurate information using the tracking code provided in the confirmation letter.<\/p>\t\t\t\t\t\t\t\t<\/div>\n\t\t\t\t<\/div>\n\t\t\t\t<\/div>\n\t\t<div class=\"elementor-element elementor-element-237a810 e-con-full e-flex e-con e-child\" data-id=\"237a810\" data-element_type=\"container\" data-e-type=\"container\">\n\t\t\t\t<div class=\"elementor-element elementor-element-68f3c5c elementor-widget elementor-widget-heading\" data-id=\"68f3c5c\" data-element_type=\"widget\" data-e-type=\"widget\" data-widget_type=\"heading.default\">\n\t\t\t\t<div class=\"elementor-widget-container\">\n\t\t\t\t\t<h2 class=\"elementor-heading-title elementor-size-default\">Payment terms<\/h2>\t\t\t\t<\/div>\n\t\t\t\t<\/div>\n\t\t\t\t<div class=\"elementor-element elementor-element-c5aac50 elementor-widget elementor-widget-text-editor\" data-id=\"c5aac50\" data-element_type=\"widget\" data-e-type=\"widget\" data-widget_type=\"text-editor.default\">\n\t\t\t\t<div class=\"elementor-widget-container\">\n\t\t\t\t\t\t\t\t\t<div class=\"elementor-element elementor-element-07f1e5e elementor-widget elementor-widget-heading\" data-id=\"07f1e5e\" data-element_type=\"widget\" data-widget_type=\"heading.default\"><div class=\"elementor-widget-container\"><p class=\"elementor-heading-title elementor-size-default\"><strong>Ordering process:<\/strong><\/p><\/div><\/div><div class=\"elementor-element elementor-element-b1c3070 elementor-widget elementor-widget-text-editor\" data-id=\"b1c3070\" data-element_type=\"widget\" data-widget_type=\"text-editor.default\"><div class=\"elementor-widget-container\"><p>You can pay for the selected product after placing it in your shopping cart.<\/p><p><strong>You will receive confirmation of your order and the invoice by email. You can pay online by credit card or bank transfer; cash on delivery is not currently available.<\/strong><\/p><p>Your order is expected to arrive within 1-3 business days after payment has been completed.<\/p><p><strong>Online credit card payment (with Stripe)<\/strong><\/p><p>The security of the credit card payment process is ensured by Stripe (a financial service provider with the highest level of PCI-1 certification). The credit card details provided during payment are sent directly to the Stripe system and are not seen, stored, or accessed by the service provider in any form.<\/p><p>No registration is required for credit card payments. Simply enter your credit card number, expiration date, and the CVC code on the back of your card.<\/p><p>You can use the following for payment:<\/p><ul><li>Your Mastercard or Maestro bank card<\/li><li>Your Visa credit card<\/li><li>Your American Express credit card<\/li><\/ul><p>There is no surcharge for customers paying by credit card.<\/p><p>Further information: https:\/\/stripe.com\/<\/p><p><strong>Bank transfer<\/strong><\/p><p>Payment process:<\/p><p>Please transfer the amount to the specified account number (OTP Bank \u2013 11705008-22568548) and do not forget to enter the order number in the message field. This will allow us to identify what you have paid for. The order will be processed after the amount has been received.<\/p><\/div><\/div>\t\t\t\t\t\t\t\t<\/div>\n\t\t\t\t<\/div>\n\t\t\t\t<div class=\"elementor-element elementor-element-a877605 elementor-widget elementor-widget-text-editor\" data-id=\"a877605\" data-element_type=\"widget\" data-e-type=\"widget\" data-widget_type=\"text-editor.default\">\n\t\t\t\t<div class=\"elementor-widget-container\">\n\t\t\t\t\t\t\t\t\t<p>Budapest, 2025.10.01.<\/p>\t\t\t\t\t\t\t\t<\/div>\n\t\t\t\t<\/div>\n\t\t\t\t<\/div>\n\t\t\t\t\t<\/div>\n\t\t\t\t<\/div>\n\t\t\t\t<\/div>","protected":false},"excerpt":{"rendered":"<p>Sz\u00e1ll\u00edt\u00e1si \u00e9s fizet\u00e9si felt\u00e9telek Sz\u00e1ll\u00edt\u00e1si felt\u00e9telek Weboldal: wellbeingeletmod.comE-mail: info@wellbeingeletmod.com A leadott megrendel\u00e9sr\u0151l visszaigazol\u00e1st k\u00fcld\u00fcnk elektronikus form\u00e1ban. A megrendel\u00e9st k\u00f6vet\u0151en a csomagok kisz\u00e1ll\u00edt\u00e1s\u00e1t a Magyar Posta fut\u00e1rszolg\u00e1lat v\u00e9gzi vagy Foxpost csomagk\u00fcld\u0151 szolg\u00e1ltat\u00e1ssal t\u00f6rt\u00e9nik automat\u00e1ba. A term\u00e9kek sz\u00e1ll\u00edt\u00e1si d\u00edja:\u00a0 Csomagautomat\u00e1ba: 1690 Ft Magyar Posta h\u00e1zhoz sz\u00e1ll\u00edt\u00e1ssal: 2490 Ft A term\u00e9k aktu\u00e1lis sz\u00e1ll\u00edt\u00e1si d\u00edj\u00e1t a web\u00e1ruh\u00e1z ismerteti a [&hellip;]<\/p>\n","protected":false},"author":1,"featured_media":0,"parent":0,"menu_order":0,"comment_status":"closed","ping_status":"closed","template":"","meta":{"footnotes":""},"class_list":["post-1181","page","type-page","status-publish","hentry"],"yoast_head":"<!-- This site is optimized with the Yoast SEO plugin v27.5 - https:\/\/yoast.com\/product\/yoast-seo-wordpress\/ -->\n<title>Sz\u00e1ll\u00edt\u00e1si \u00e9s fizet\u00e9si felt\u00e9telek - Wellbeing \u00c9letm\u00f3d Program<\/title>\n<meta name=\"robots\" content=\"index, follow, max-snippet:-1, max-image-preview:large, max-video-preview:-1\" \/>\n<link rel=\"canonical\" href=\"https:\/\/wellbeingeletmod.com\/en\/szallitasi-es-fizetesi-feltetelek\/\" \/>\n<meta property=\"og:locale\" content=\"en_GB\" \/>\n<meta property=\"og:type\" content=\"article\" \/>\n<meta property=\"og:title\" content=\"Sz\u00e1ll\u00edt\u00e1si \u00e9s fizet\u00e9si felt\u00e9telek - Wellbeing \u00c9letm\u00f3d Program\" \/>\n<meta property=\"og:description\" content=\"Sz\u00e1ll\u00edt\u00e1si \u00e9s fizet\u00e9si felt\u00e9telek Sz\u00e1ll\u00edt\u00e1si felt\u00e9telek Weboldal: wellbeingeletmod.comE-mail: info@wellbeingeletmod.com A leadott megrendel\u00e9sr\u0151l visszaigazol\u00e1st k\u00fcld\u00fcnk elektronikus form\u00e1ban. A megrendel\u00e9st k\u00f6vet\u0151en a csomagok kisz\u00e1ll\u00edt\u00e1s\u00e1t a Magyar Posta fut\u00e1rszolg\u00e1lat v\u00e9gzi vagy Foxpost csomagk\u00fcld\u0151 szolg\u00e1ltat\u00e1ssal t\u00f6rt\u00e9nik automat\u00e1ba. A term\u00e9kek sz\u00e1ll\u00edt\u00e1si d\u00edja:\u00a0 Csomagautomat\u00e1ba: 1690 Ft Magyar Posta h\u00e1zhoz sz\u00e1ll\u00edt\u00e1ssal: 2490 Ft A term\u00e9k aktu\u00e1lis sz\u00e1ll\u00edt\u00e1si d\u00edj\u00e1t a web\u00e1ruh\u00e1z ismerteti a [&hellip;]\" \/>\n<meta property=\"og:url\" content=\"https:\/\/wellbeingeletmod.com\/en\/szallitasi-es-fizetesi-feltetelek\/\" \/>\n<meta property=\"og:site_name\" content=\"Wellbeing \u00c9letm\u00f3d Program\" \/>\n<meta property=\"article:modified_time\" content=\"2025-10-10T21:37:00+00:00\" \/>\n<meta name=\"twitter:card\" content=\"summary_large_image\" \/>\n<meta name=\"twitter:label1\" content=\"Estimated reading time\" \/>\n\t<meta name=\"twitter:data1\" content=\"3 minutes\" \/>\n<script type=\"application\/ld+json\" class=\"yoast-schema-graph\">{\"@context\":\"https:\\\/\\\/schema.org\",\"@graph\":[{\"@type\":\"WebPage\",\"@id\":\"https:\\\/\\\/wellbeingeletmod.com\\\/szallitasi-es-fizetesi-feltetelek\\\/\",\"url\":\"https:\\\/\\\/wellbeingeletmod.com\\\/szallitasi-es-fizetesi-feltetelek\\\/\",\"name\":\"Sz\u00e1ll\u00edt\u00e1si \u00e9s fizet\u00e9si felt\u00e9telek - Wellbeing \u00c9letm\u00f3d Program\",\"isPartOf\":{\"@id\":\"https:\\\/\\\/wellbeingeletmod.com\\\/#website\"},\"datePublished\":\"2025-07-01T10:16:56+00:00\",\"dateModified\":\"2025-10-10T21:37:00+00:00\",\"breadcrumb\":{\"@id\":\"https:\\\/\\\/wellbeingeletmod.com\\\/szallitasi-es-fizetesi-feltetelek\\\/#breadcrumb\"},\"inLanguage\":\"en-GB\",\"potentialAction\":[{\"@type\":\"ReadAction\",\"target\":[\"https:\\\/\\\/wellbeingeletmod.com\\\/szallitasi-es-fizetesi-feltetelek\\\/\"]}]},{\"@type\":\"BreadcrumbList\",\"@id\":\"https:\\\/\\\/wellbeingeletmod.com\\\/szallitasi-es-fizetesi-feltetelek\\\/#breadcrumb\",\"itemListElement\":[{\"@type\":\"ListItem\",\"position\":1,\"name\":\"Kezd\u0151lap\",\"item\":\"https:\\\/\\\/wellbeingeletmod.com\\\/\"},{\"@type\":\"ListItem\",\"position\":2,\"name\":\"Sz\u00e1ll\u00edt\u00e1si \u00e9s fizet\u00e9si felt\u00e9telek\"}]},{\"@type\":\"WebSite\",\"@id\":\"https:\\\/\\\/wellbeingeletmod.com\\\/#website\",\"url\":\"https:\\\/\\\/wellbeingeletmod.com\\\/\",\"name\":\"Wellbeing \u00c9letm\u00f3d Program\",\"description\":\"\u00c9letm\u00f3d amely bel\u00fclr\u0151l \u00e9p\u00edt\",\"publisher\":{\"@id\":\"https:\\\/\\\/wellbeingeletmod.com\\\/#\\\/schema\\\/person\\\/5922e136ec70ee3c2d22fac7ab1ac917\"},\"potentialAction\":[{\"@type\":\"SearchAction\",\"target\":{\"@type\":\"EntryPoint\",\"urlTemplate\":\"https:\\\/\\\/wellbeingeletmod.com\\\/?s={search_term_string}\"},\"query-input\":{\"@type\":\"PropertyValueSpecification\",\"valueRequired\":true,\"valueName\":\"search_term_string\"}}],\"inLanguage\":\"en-GB\"},{\"@type\":[\"Person\",\"Organization\"],\"@id\":\"https:\\\/\\\/wellbeingeletmod.com\\\/#\\\/schema\\\/person\\\/5922e136ec70ee3c2d22fac7ab1ac917\",\"name\":\"Borb\u00e9ly Erika\",\"image\":{\"@type\":\"ImageObject\",\"inLanguage\":\"en-GB\",\"@id\":\"https:\\\/\\\/wellbeingeletmod.com\\\/wp-content\\\/uploads\\\/2025\\\/07\\\/wb-png-logo.png\",\"url\":\"https:\\\/\\\/wellbeingeletmod.com\\\/wp-content\\\/uploads\\\/2025\\\/07\\\/wb-png-logo.png\",\"contentUrl\":\"https:\\\/\\\/wellbeingeletmod.com\\\/wp-content\\\/uploads\\\/2025\\\/07\\\/wb-png-logo.png\",\"width\":350,\"height\":120,\"caption\":\"Borb\u00e9ly Erika\"},\"logo\":{\"@id\":\"https:\\\/\\\/wellbeingeletmod.com\\\/wp-content\\\/uploads\\\/2025\\\/07\\\/wb-png-logo.png\"},\"sameAs\":[\"https:\\\/\\\/wellbeingeletmod.com\"]}]}<\/script>\n<!-- \/ Yoast SEO plugin. -->","yoast_head_json":{"title":"Sz\u00e1ll\u00edt\u00e1si \u00e9s fizet\u00e9si felt\u00e9telek - Wellbeing \u00c9letm\u00f3d Program","robots":{"index":"index","follow":"follow","max-snippet":"max-snippet:-1","max-image-preview":"max-image-preview:large","max-video-preview":"max-video-preview:-1"},"canonical":"https:\/\/wellbeingeletmod.com\/en\/szallitasi-es-fizetesi-feltetelek\/","og_locale":"en_GB","og_type":"article","og_title":"Sz\u00e1ll\u00edt\u00e1si \u00e9s fizet\u00e9si felt\u00e9telek - Wellbeing \u00c9letm\u00f3d Program","og_description":"Sz\u00e1ll\u00edt\u00e1si \u00e9s fizet\u00e9si felt\u00e9telek Sz\u00e1ll\u00edt\u00e1si felt\u00e9telek Weboldal: wellbeingeletmod.comE-mail: info@wellbeingeletmod.com A leadott megrendel\u00e9sr\u0151l visszaigazol\u00e1st k\u00fcld\u00fcnk elektronikus form\u00e1ban. A megrendel\u00e9st k\u00f6vet\u0151en a csomagok kisz\u00e1ll\u00edt\u00e1s\u00e1t a Magyar Posta fut\u00e1rszolg\u00e1lat v\u00e9gzi vagy Foxpost csomagk\u00fcld\u0151 szolg\u00e1ltat\u00e1ssal t\u00f6rt\u00e9nik automat\u00e1ba. A term\u00e9kek sz\u00e1ll\u00edt\u00e1si d\u00edja:\u00a0 Csomagautomat\u00e1ba: 1690 Ft Magyar Posta h\u00e1zhoz sz\u00e1ll\u00edt\u00e1ssal: 2490 Ft A term\u00e9k aktu\u00e1lis sz\u00e1ll\u00edt\u00e1si d\u00edj\u00e1t a web\u00e1ruh\u00e1z ismerteti a [&hellip;]","og_url":"https:\/\/wellbeingeletmod.com\/en\/szallitasi-es-fizetesi-feltetelek\/","og_site_name":"Wellbeing \u00c9letm\u00f3d Program","article_modified_time":"2025-10-10T21:37:00+00:00","twitter_card":"summary_large_image","twitter_misc":{"Estimated reading time":"3 minutes"},"schema":{"@context":"https:\/\/schema.org","@graph":[{"@type":"WebPage","@id":"https:\/\/wellbeingeletmod.com\/szallitasi-es-fizetesi-feltetelek\/","url":"https:\/\/wellbeingeletmod.com\/szallitasi-es-fizetesi-feltetelek\/","name":"Sz\u00e1ll\u00edt\u00e1si \u00e9s fizet\u00e9si felt\u00e9telek - Wellbeing \u00c9letm\u00f3d Program","isPartOf":{"@id":"https:\/\/wellbeingeletmod.com\/#website"},"datePublished":"2025-07-01T10:16:56+00:00","dateModified":"2025-10-10T21:37:00+00:00","breadcrumb":{"@id":"https:\/\/wellbeingeletmod.com\/szallitasi-es-fizetesi-feltetelek\/#breadcrumb"},"inLanguage":"en-GB","potentialAction":[{"@type":"ReadAction","target":["https:\/\/wellbeingeletmod.com\/szallitasi-es-fizetesi-feltetelek\/"]}]},{"@type":"BreadcrumbList","@id":"https:\/\/wellbeingeletmod.com\/szallitasi-es-fizetesi-feltetelek\/#breadcrumb","itemListElement":[{"@type":"ListItem","position":1,"name":"Kezd\u0151lap","item":"https:\/\/wellbeingeletmod.com\/"},{"@type":"ListItem","position":2,"name":"Sz\u00e1ll\u00edt\u00e1si \u00e9s fizet\u00e9si felt\u00e9telek"}]},{"@type":"WebSite","@id":"https:\/\/wellbeingeletmod.com\/#website","url":"https:\/\/wellbeingeletmod.com\/","name":"Wellbeing Lifestyle Programme","description":"\u00c9letm\u00f3d amely bel\u00fclr\u0151l \u00e9p\u00edt","publisher":{"@id":"https:\/\/wellbeingeletmod.com\/#\/schema\/person\/5922e136ec70ee3c2d22fac7ab1ac917"},"potentialAction":[{"@type":"SearchAction","target":{"@type":"EntryPoint","urlTemplate":"https:\/\/wellbeingeletmod.com\/?s={search_term_string}"},"query-input":{"@type":"PropertyValueSpecification","valueRequired":true,"valueName":"search_term_string"}}],"inLanguage":"en-GB"},{"@type":["Person","Organization"],"@id":"https:\/\/wellbeingeletmod.com\/#\/schema\/person\/5922e136ec70ee3c2d22fac7ab1ac917","name":"Erika Borb\u00e9ly","image":{"@type":"ImageObject","inLanguage":"en-GB","@id":"https:\/\/wellbeingeletmod.com\/wp-content\/uploads\/2025\/07\/wb-png-logo.png","url":"https:\/\/wellbeingeletmod.com\/wp-content\/uploads\/2025\/07\/wb-png-logo.png","contentUrl":"https:\/\/wellbeingeletmod.com\/wp-content\/uploads\/2025\/07\/wb-png-logo.png","width":350,"height":120,"caption":"Borb\u00e9ly Erika"},"logo":{"@id":"https:\/\/wellbeingeletmod.com\/wp-content\/uploads\/2025\/07\/wb-png-logo.png"},"sameAs":["https:\/\/wellbeingeletmod.com"]}]}},"_links":{"self":[{"href":"https:\/\/wellbeingeletmod.com\/en\/wp-json\/wp\/v2\/pages\/1181","targetHints":{"allow":["GET"]}}],"collection":[{"href":"https:\/\/wellbeingeletmod.com\/en\/wp-json\/wp\/v2\/pages"}],"about":[{"href":"https:\/\/wellbeingeletmod.com\/en\/wp-json\/wp\/v2\/types\/page"}],"author":[{"embeddable":true,"href":"https:\/\/wellbeingeletmod.com\/en\/wp-json\/wp\/v2\/users\/1"}],"replies":[{"embeddable":true,"href":"https:\/\/wellbeingeletmod.com\/en\/wp-json\/wp\/v2\/comments?post=1181"}],"version-history":[{"count":0,"href":"https:\/\/wellbeingeletmod.com\/en\/wp-json\/wp\/v2\/pages\/1181\/revisions"}],"wp:attachment":[{"href":"https:\/\/wellbeingeletmod.com\/en\/wp-json\/wp\/v2\/media?parent=1181"}],"curies":[{"name":"wp","href":"https:\/\/api.w.org\/{rel}","templated":true}]}}