{"id":2496,"date":"2025-08-14T14:59:52","date_gmt":"2025-08-14T12:59:52","guid":{"rendered":"https:\/\/wellbeingeletmod.com\/?post_type=product&#038;p=2496"},"modified":"2025-10-13T02:18:34","modified_gmt":"2025-10-13T00:18:34","slug":"flavon-peak-veggie-30-tasak","status":"publish","type":"product","link":"https:\/\/wellbeingeletmod.com\/en\/termek\/flavon-peak-veggie-30-tasak\/","title":{"rendered":"Flavon Peak Veggie"},"content":{"rendered":"<h4>\ud83c\udf1f We recommend Flavon Peak Veggie:<\/h4>\n<ul>\n<li>for children and adults seeking something new and intense<\/li>\n<li>for those looking for an exceptional and outstanding product to support their immune system<\/li>\n<li>for those who want to experience the unique, combined effects of plant oils and vegetable ingredients<\/li>\n<li>for those seeking a dietary supplement they can take anytime and anywhere they wish<\/li>\n<\/ul>\n<p>&nbsp;<\/p>\n<p><b>Recommended daily intake<\/b>: 1 sachet daily (10 g)<\/p>\n<h4><strong>\ud83e\udd57 Ingredients:<\/strong><\/h4>\n<p>The special plant oils used contain these essential fatty acids in high percentages and optimal ratios, and are sources of high-nutrient proteins, enzymes, and amino acids. Among the ingredients, shiitake mushrooms stand out, having received exceptional attention in recent years due to their remarkable health-supporting effects, as confirmed by numerous scientific studies. In addition to the valuable, high-active-ingredient vegetable components, the product also includes kiwi and rosehip, which are rich in vitamin C, as well as energy-providing, high-fiber dates.<\/p>\n<h4>\u26a0\ufe0f Important:<\/h4>\n<p>A dietary supplement is not a substitute for a mixed diet and a healthy lifestyle!<br \/>\nConsumers should not exceed the recommended daily intake!<br \/>\nThe product must be kept out of the reach of small children!<br \/>\nContains no preservatives!<\/p>","protected":false},"excerpt":{"rendered":"<p>Another product in the Peak concept combines valuable, nutrient-dense vegetables with plant oils highly regarded by modern science, creating a trendy synergy. It features a high concentration of plant-based compounds with strong antioxidant properties that support immune activity. This product represents a new cornerstone in health planning and chronological nutrition, supporting cellular health. Available in daily servings, it can be taken anytime, anywhere, by anyone.<\/p>\n<p>Flavon Peak Veggie, like Peak Fruit, is a lipophilic oil-water emulsion with a special ratio and composition, made exclusively from natural ingredients. The vegetables used are extremely rich in compounds such as chlorophyll, beta-carotene, and lycopene. These are powerful health-promoting pigments and beneficial antioxidants that exert positive effects throughout the body. Plant-derived, polyunsaturated fatty acids are essential for a healthy life, playing important roles in oxygen transport in the blood, intercellular communication, growth, and many other crucial cellular and organ processes.<\/p>","protected":false},"featured_media":2497,"template":"","meta":[],"product_brand":[59],"product_cat":[55,56],"product_tag":[],"class_list":{"0":"post-2496","1":"product","2":"type-product","3":"status-publish","4":"has-post-thumbnail","6":"product_brand-flavon","7":"product_cat-flavon","8":"product_cat-flavon-peak","10":"first","11":"instock","12":"shipping-taxable","13":"purchasable","14":"product-type-variable"},"yoast_head":"<!-- This site is optimized with the Yoast SEO plugin v27.5 - https:\/\/yoast.com\/product\/yoast-seo-wordpress\/ -->\n<title>Flavon Peak Veggie - Wellbeing \u00c9letm\u00f3d Program<\/title>\n<meta name=\"description\" content=\"A Flavon Peak koncepci\u00f3 egy \u00fajabb term\u00e9ke az \u00e9rt\u00e9kes, magas hat\u00f3anyag tartalm\u00fa z\u00f6lds\u00e9gek \u00e9s a n\u00f6v\u00e9nyi olajok trendi szinergizmusa.\" \/>\n<meta name=\"robots\" content=\"index, follow, max-snippet:-1, max-image-preview:large, max-video-preview:-1\" \/>\n<link rel=\"canonical\" href=\"https:\/\/wellbeingeletmod.com\/en\/product\/flavon-peak-veggie-30-tasak\/\" \/>\n<meta property=\"og:locale\" content=\"en_GB\" \/>\n<meta property=\"og:type\" content=\"article\" \/>\n<meta property=\"og:title\" content=\"Flavon Peak Veggie - Wellbeing \u00c9letm\u00f3d Program\" \/>\n<meta property=\"og:description\" content=\"A Flavon Peak koncepci\u00f3 egy \u00fajabb term\u00e9ke az \u00e9rt\u00e9kes, magas hat\u00f3anyag tartalm\u00fa z\u00f6lds\u00e9gek \u00e9s a n\u00f6v\u00e9nyi olajok trendi szinergizmusa.\" \/>\n<meta property=\"og:url\" content=\"https:\/\/wellbeingeletmod.com\/en\/product\/flavon-peak-veggie-30-tasak\/\" \/>\n<meta property=\"og:site_name\" content=\"Wellbeing \u00c9letm\u00f3d Program\" \/>\n<meta property=\"article:modified_time\" content=\"2025-10-13T00:18:34+00:00\" \/>\n<meta property=\"og:image\" content=\"https:\/\/wellbeingeletmod.com\/wp-content\/uploads\/2025\/08\/flavon-peak-veggie-termekkep.png\" \/>\n\t<meta property=\"og:image:width\" content=\"1000\" \/>\n\t<meta property=\"og:image:height\" content=\"1000\" \/>\n\t<meta property=\"og:image:type\" content=\"image\/png\" \/>\n<meta name=\"twitter:card\" content=\"summary_large_image\" \/>\n<meta name=\"twitter:label1\" content=\"Estimated reading time\" \/>\n\t<meta name=\"twitter:data1\" content=\"2 minutes\" \/>\n<script type=\"application\/ld+json\" class=\"yoast-schema-graph\">{\"@context\":\"https:\\\/\\\/schema.org\",\"@graph\":[{\"@type\":\"WebPage\",\"@id\":\"https:\\\/\\\/wellbeingeletmod.com\\\/termek\\\/flavon-peak-veggie-30-tasak\\\/\",\"url\":\"https:\\\/\\\/wellbeingeletmod.com\\\/termek\\\/flavon-peak-veggie-30-tasak\\\/\",\"name\":\"Flavon Peak Veggie - Wellbeing \u00c9letm\u00f3d Program\",\"isPartOf\":{\"@id\":\"https:\\\/\\\/wellbeingeletmod.com\\\/#website\"},\"primaryImageOfPage\":{\"@id\":\"https:\\\/\\\/wellbeingeletmod.com\\\/termek\\\/flavon-peak-veggie-30-tasak\\\/#primaryimage\"},\"image\":{\"@id\":\"https:\\\/\\\/wellbeingeletmod.com\\\/termek\\\/flavon-peak-veggie-30-tasak\\\/#primaryimage\"},\"thumbnailUrl\":\"https:\\\/\\\/wellbeingeletmod.com\\\/wp-content\\\/uploads\\\/2025\\\/08\\\/flavon-peak-veggie-termekkep.png\",\"datePublished\":\"2025-08-14T12:59:52+00:00\",\"dateModified\":\"2025-10-13T00:18:34+00:00\",\"description\":\"A Flavon Peak koncepci\u00f3 egy \u00fajabb term\u00e9ke az \u00e9rt\u00e9kes, magas hat\u00f3anyag tartalm\u00fa z\u00f6lds\u00e9gek \u00e9s a n\u00f6v\u00e9nyi olajok trendi szinergizmusa.\",\"breadcrumb\":{\"@id\":\"https:\\\/\\\/wellbeingeletmod.com\\\/termek\\\/flavon-peak-veggie-30-tasak\\\/#breadcrumb\"},\"inLanguage\":\"en-GB\",\"potentialAction\":[{\"@type\":\"ReadAction\",\"target\":[\"https:\\\/\\\/wellbeingeletmod.com\\\/termek\\\/flavon-peak-veggie-30-tasak\\\/\"]}]},{\"@type\":\"ImageObject\",\"inLanguage\":\"en-GB\",\"@id\":\"https:\\\/\\\/wellbeingeletmod.com\\\/termek\\\/flavon-peak-veggie-30-tasak\\\/#primaryimage\",\"url\":\"https:\\\/\\\/wellbeingeletmod.com\\\/wp-content\\\/uploads\\\/2025\\\/08\\\/flavon-peak-veggie-termekkep.png\",\"contentUrl\":\"https:\\\/\\\/wellbeingeletmod.com\\\/wp-content\\\/uploads\\\/2025\\\/08\\\/flavon-peak-veggie-termekkep.png\",\"width\":1000,\"height\":1000},{\"@type\":\"BreadcrumbList\",\"@id\":\"https:\\\/\\\/wellbeingeletmod.com\\\/termek\\\/flavon-peak-veggie-30-tasak\\\/#breadcrumb\",\"itemListElement\":[{\"@type\":\"ListItem\",\"position\":1,\"name\":\"Kezd\u0151lap\",\"item\":\"https:\\\/\\\/wellbeingeletmod.com\\\/\"},{\"@type\":\"ListItem\",\"position\":2,\"name\":\"Term\u00e9kek\",\"item\":\"https:\\\/\\\/wellbeingeletmod.com\\\/termekek\\\/\"},{\"@type\":\"ListItem\",\"position\":3,\"name\":\"Flavon Peak Veggie\"}]},{\"@type\":\"WebSite\",\"@id\":\"https:\\\/\\\/wellbeingeletmod.com\\\/#website\",\"url\":\"https:\\\/\\\/wellbeingeletmod.com\\\/\",\"name\":\"Wellbeing \u00c9letm\u00f3d Program\",\"description\":\"\u00c9letm\u00f3d amely bel\u00fclr\u0151l \u00e9p\u00edt\",\"publisher\":{\"@id\":\"https:\\\/\\\/wellbeingeletmod.com\\\/#\\\/schema\\\/person\\\/5922e136ec70ee3c2d22fac7ab1ac917\"},\"potentialAction\":[{\"@type\":\"SearchAction\",\"target\":{\"@type\":\"EntryPoint\",\"urlTemplate\":\"https:\\\/\\\/wellbeingeletmod.com\\\/?s={search_term_string}\"},\"query-input\":{\"@type\":\"PropertyValueSpecification\",\"valueRequired\":true,\"valueName\":\"search_term_string\"}}],\"inLanguage\":\"en-GB\"},{\"@type\":[\"Person\",\"Organization\"],\"@id\":\"https:\\\/\\\/wellbeingeletmod.com\\\/#\\\/schema\\\/person\\\/5922e136ec70ee3c2d22fac7ab1ac917\",\"name\":\"Borb\u00e9ly Erika\",\"image\":{\"@type\":\"ImageObject\",\"inLanguage\":\"en-GB\",\"@id\":\"https:\\\/\\\/wellbeingeletmod.com\\\/wp-content\\\/uploads\\\/2025\\\/07\\\/wb-png-logo.png\",\"url\":\"https:\\\/\\\/wellbeingeletmod.com\\\/wp-content\\\/uploads\\\/2025\\\/07\\\/wb-png-logo.png\",\"contentUrl\":\"https:\\\/\\\/wellbeingeletmod.com\\\/wp-content\\\/uploads\\\/2025\\\/07\\\/wb-png-logo.png\",\"width\":350,\"height\":120,\"caption\":\"Borb\u00e9ly Erika\"},\"logo\":{\"@id\":\"https:\\\/\\\/wellbeingeletmod.com\\\/wp-content\\\/uploads\\\/2025\\\/07\\\/wb-png-logo.png\"},\"sameAs\":[\"https:\\\/\\\/wellbeingeletmod.com\"]}]}<\/script>\n<!-- \/ Yoast SEO plugin. -->","yoast_head_json":{"title":"Flavon Peak Veggie - Wellbeing \u00c9letm\u00f3d Program","description":"A Flavon Peak koncepci\u00f3 egy \u00fajabb term\u00e9ke az \u00e9rt\u00e9kes, magas hat\u00f3anyag tartalm\u00fa z\u00f6lds\u00e9gek \u00e9s a n\u00f6v\u00e9nyi olajok trendi szinergizmusa.","robots":{"index":"index","follow":"follow","max-snippet":"max-snippet:-1","max-image-preview":"max-image-preview:large","max-video-preview":"max-video-preview:-1"},"canonical":"https:\/\/wellbeingeletmod.com\/en\/product\/flavon-peak-veggie-30-tasak\/","og_locale":"en_GB","og_type":"article","og_title":"Flavon Peak Veggie - Wellbeing \u00c9letm\u00f3d Program","og_description":"A Flavon Peak koncepci\u00f3 egy \u00fajabb term\u00e9ke az \u00e9rt\u00e9kes, magas hat\u00f3anyag tartalm\u00fa z\u00f6lds\u00e9gek \u00e9s a n\u00f6v\u00e9nyi olajok trendi szinergizmusa.","og_url":"https:\/\/wellbeingeletmod.com\/en\/product\/flavon-peak-veggie-30-tasak\/","og_site_name":"Wellbeing \u00c9letm\u00f3d Program","article_modified_time":"2025-10-13T00:18:34+00:00","og_image":[{"width":1000,"height":1000,"url":"https:\/\/wellbeingeletmod.com\/wp-content\/uploads\/2025\/08\/flavon-peak-veggie-termekkep.png","type":"image\/png"}],"twitter_card":"summary_large_image","twitter_misc":{"Estimated reading time":"2 minutes"},"schema":{"@context":"https:\/\/schema.org","@graph":[{"@type":"WebPage","@id":"https:\/\/wellbeingeletmod.com\/termek\/flavon-peak-veggie-30-tasak\/","url":"https:\/\/wellbeingeletmod.com\/termek\/flavon-peak-veggie-30-tasak\/","name":"Flavon Peak Veggie - Wellbeing \u00c9letm\u00f3d Program","isPartOf":{"@id":"https:\/\/wellbeingeletmod.com\/#website"},"primaryImageOfPage":{"@id":"https:\/\/wellbeingeletmod.com\/termek\/flavon-peak-veggie-30-tasak\/#primaryimage"},"image":{"@id":"https:\/\/wellbeingeletmod.com\/termek\/flavon-peak-veggie-30-tasak\/#primaryimage"},"thumbnailUrl":"https:\/\/wellbeingeletmod.com\/wp-content\/uploads\/2025\/08\/flavon-peak-veggie-termekkep.png","datePublished":"2025-08-14T12:59:52+00:00","dateModified":"2025-10-13T00:18:34+00:00","description":"A Flavon Peak koncepci\u00f3 egy \u00fajabb term\u00e9ke az \u00e9rt\u00e9kes, magas hat\u00f3anyag tartalm\u00fa z\u00f6lds\u00e9gek \u00e9s a n\u00f6v\u00e9nyi olajok trendi szinergizmusa.","breadcrumb":{"@id":"https:\/\/wellbeingeletmod.com\/termek\/flavon-peak-veggie-30-tasak\/#breadcrumb"},"inLanguage":"en-GB","potentialAction":[{"@type":"ReadAction","target":["https:\/\/wellbeingeletmod.com\/termek\/flavon-peak-veggie-30-tasak\/"]}]},{"@type":"ImageObject","inLanguage":"en-GB","@id":"https:\/\/wellbeingeletmod.com\/termek\/flavon-peak-veggie-30-tasak\/#primaryimage","url":"https:\/\/wellbeingeletmod.com\/wp-content\/uploads\/2025\/08\/flavon-peak-veggie-termekkep.png","contentUrl":"https:\/\/wellbeingeletmod.com\/wp-content\/uploads\/2025\/08\/flavon-peak-veggie-termekkep.png","width":1000,"height":1000},{"@type":"BreadcrumbList","@id":"https:\/\/wellbeingeletmod.com\/termek\/flavon-peak-veggie-30-tasak\/#breadcrumb","itemListElement":[{"@type":"ListItem","position":1,"name":"Kezd\u0151lap","item":"https:\/\/wellbeingeletmod.com\/"},{"@type":"ListItem","position":2,"name":"Term\u00e9kek","item":"https:\/\/wellbeingeletmod.com\/termekek\/"},{"@type":"ListItem","position":3,"name":"Flavon Peak Veggie"}]},{"@type":"WebSite","@id":"https:\/\/wellbeingeletmod.com\/#website","url":"https:\/\/wellbeingeletmod.com\/","name":"Wellbeing Lifestyle Programme","description":"\u00c9letm\u00f3d amely bel\u00fclr\u0151l \u00e9p\u00edt","publisher":{"@id":"https:\/\/wellbeingeletmod.com\/#\/schema\/person\/5922e136ec70ee3c2d22fac7ab1ac917"},"potentialAction":[{"@type":"SearchAction","target":{"@type":"EntryPoint","urlTemplate":"https:\/\/wellbeingeletmod.com\/?s={search_term_string}"},"query-input":{"@type":"PropertyValueSpecification","valueRequired":true,"valueName":"search_term_string"}}],"inLanguage":"en-GB"},{"@type":["Person","Organization"],"@id":"https:\/\/wellbeingeletmod.com\/#\/schema\/person\/5922e136ec70ee3c2d22fac7ab1ac917","name":"Erika Borb\u00e9ly","image":{"@type":"ImageObject","inLanguage":"en-GB","@id":"https:\/\/wellbeingeletmod.com\/wp-content\/uploads\/2025\/07\/wb-png-logo.png","url":"https:\/\/wellbeingeletmod.com\/wp-content\/uploads\/2025\/07\/wb-png-logo.png","contentUrl":"https:\/\/wellbeingeletmod.com\/wp-content\/uploads\/2025\/07\/wb-png-logo.png","width":350,"height":120,"caption":"Borb\u00e9ly Erika"},"logo":{"@id":"https:\/\/wellbeingeletmod.com\/wp-content\/uploads\/2025\/07\/wb-png-logo.png"},"sameAs":["https:\/\/wellbeingeletmod.com"]}]}},"_links":{"self":[{"href":"https:\/\/wellbeingeletmod.com\/en\/wp-json\/wp\/v2\/product\/2496","targetHints":{"allow":["GET"]}}],"collection":[{"href":"https:\/\/wellbeingeletmod.com\/en\/wp-json\/wp\/v2\/product"}],"about":[{"href":"https:\/\/wellbeingeletmod.com\/en\/wp-json\/wp\/v2\/types\/product"}],"version-history":[{"count":0,"href":"https:\/\/wellbeingeletmod.com\/en\/wp-json\/wp\/v2\/product\/2496\/revisions"}],"wp:featuredmedia":[{"embeddable":true,"href":"https:\/\/wellbeingeletmod.com\/en\/wp-json\/wp\/v2\/media\/2497"}],"wp:attachment":[{"href":"https:\/\/wellbeingeletmod.com\/en\/wp-json\/wp\/v2\/media?parent=2496"}],"wp:term":[{"taxonomy":"product_brand","embeddable":true,"href":"https:\/\/wellbeingeletmod.com\/en\/wp-json\/wp\/v2\/product_brand?post=2496"},{"taxonomy":"product_cat","embeddable":true,"href":"https:\/\/wellbeingeletmod.com\/en\/wp-json\/wp\/v2\/product_cat?post=2496"},{"taxonomy":"product_tag","embeddable":true,"href":"https:\/\/wellbeingeletmod.com\/en\/wp-json\/wp\/v2\/product_tag?post=2496"}],"curies":[{"name":"wp","href":"https:\/\/api.w.org\/{rel}","templated":true}]}}