{"id":2507,"date":"2025-08-14T15:46:25","date_gmt":"2025-08-14T13:46:25","guid":{"rendered":"https:\/\/wellbeingeletmod.com\/?post_type=product&#038;p=2507"},"modified":"2025-10-13T02:16:59","modified_gmt":"2025-10-13T00:16:59","slug":"flavon-peak-fruit-30-tasak","status":"publish","type":"product","link":"https:\/\/wellbeingeletmod.com\/en\/termek\/flavon-peak-fruit-30-tasak\/","title":{"rendered":"Flavon Peak Fruit"},"content":{"rendered":"<h4>\ud83c\udf1f We recommend Flavon Peak Fruit:<\/h4>\n<ul>\n<li>for a lifetime, suitable for everyone from children to the elderly<\/li>\n<li>if you want a revolutionary, comprehensive product to complement a conscious diet<\/li>\n<li>if you\u2019re looking for a pioneering product both in packaging and formulation<\/li>\n<li>if you\u2019re interested in the special synergy of high-quality plant oils and fruits<\/li>\n<li>if you want a dietary supplement that\u2019s quick and accessible anytime, anywhere<\/li>\n<\/ul>\n<div class=\"page\" title=\"Page 2\">\n<div class=\"layoutArea\"><\/div>\n<\/div>\n<p>&nbsp;<\/p>\n<p><b>Recommended daily intake<\/b>: 1 sachet daily (10 g)<\/p>\n<h4><strong>\ud83e\udd57 Ingredients:<\/strong><\/h4>\n<p>The uniqueness of Flavon Peak Fruit lies in the special combined effect and synergy of its fruit and oil ingredients. The oils used have an outstanding fatty acid profile, providing abundant sources of essential fatty acids like omega-3 and omega-6, which must be obtained through diet, and they offer diverse physiological and antioxidant benefits. The fruits included are rich in beneficial nutrients, vitamins, polyphenols, fiber, and minerals, acting as strong antioxidants, including superfruits such as pomegranate, blueberry, and apple.<\/p>\n<h4>\u26a0\ufe0f Important:<\/h4>\n<p>A dietary supplement is not a substitute for a mixed diet and a healthy lifestyle!<br \/>\nConsumers should not exceed the recommended daily intake!<br \/>\nThe product must be kept out of the reach of small children!<br \/>\nContains no preservatives!<\/p>","protected":false},"excerpt":{"rendered":"<p>One of the most complex and innovative dietary supplements, produced on a specialized production line using unique technology. It offers an unparalleled combination and synergistic effect of polyphenols, flavonoids, and plant-based oils rich in essential unsaturated fatty acids. Available in convenient daily doses, it can be consumed anytime, anywhere, supporting a healthy lifestyle.<\/p>","protected":false},"featured_media":2508,"template":"","meta":[],"product_brand":[59],"product_cat":[55,56],"product_tag":[],"class_list":{"0":"post-2507","1":"product","2":"type-product","3":"status-publish","4":"has-post-thumbnail","6":"product_brand-flavon","7":"product_cat-flavon","8":"product_cat-flavon-peak","10":"first","11":"instock","12":"shipping-taxable","13":"purchasable","14":"product-type-variable"},"yoast_head":"<!-- This site is optimized with the Yoast SEO plugin v27.5 - https:\/\/yoast.com\/product\/yoast-seo-wordpress\/ -->\n<title>Flavon Peak Fruit - Wellbeing \u00c9letm\u00f3d Program<\/title>\n<meta name=\"description\" content=\"A Flavon Peak Fruit az egyik legkomplexebb \u00e9s leginnovat\u00edvabb \u00e9trend-kieg\u00e9sz\u00edt\u0151, amely speci\u00e1lis gy\u00e1rt\u00f3soron, egyedi technol\u00f3gi\u00e1val k\u00e9sz\u00fcl.\" \/>\n<meta name=\"robots\" content=\"index, follow, max-snippet:-1, max-image-preview:large, max-video-preview:-1\" \/>\n<link rel=\"canonical\" href=\"https:\/\/wellbeingeletmod.com\/en\/product\/flavon-peak-fruit-30-tasak\/\" \/>\n<meta property=\"og:locale\" content=\"en_GB\" \/>\n<meta property=\"og:type\" content=\"article\" \/>\n<meta property=\"og:title\" content=\"Flavon Peak Fruit - Wellbeing \u00c9letm\u00f3d Program\" \/>\n<meta property=\"og:description\" content=\"A Flavon Peak Fruit az egyik legkomplexebb \u00e9s leginnovat\u00edvabb \u00e9trend-kieg\u00e9sz\u00edt\u0151, amely speci\u00e1lis gy\u00e1rt\u00f3soron, egyedi technol\u00f3gi\u00e1val k\u00e9sz\u00fcl.\" \/>\n<meta property=\"og:url\" content=\"https:\/\/wellbeingeletmod.com\/en\/product\/flavon-peak-fruit-30-tasak\/\" \/>\n<meta property=\"og:site_name\" content=\"Wellbeing \u00c9letm\u00f3d Program\" \/>\n<meta property=\"article:modified_time\" content=\"2025-10-13T00:16:59+00:00\" \/>\n<meta property=\"og:image\" content=\"https:\/\/wellbeingeletmod.com\/wp-content\/uploads\/2025\/08\/peak-flavon-fruit.png\" \/>\n\t<meta property=\"og:image:width\" content=\"1000\" \/>\n\t<meta property=\"og:image:height\" content=\"1000\" \/>\n\t<meta property=\"og:image:type\" content=\"image\/png\" \/>\n<meta name=\"twitter:card\" content=\"summary_large_image\" \/>\n<meta name=\"twitter:label1\" content=\"Estimated reading time\" \/>\n\t<meta name=\"twitter:data1\" content=\"2 minutes\" \/>\n<script type=\"application\/ld+json\" class=\"yoast-schema-graph\">{\"@context\":\"https:\\\/\\\/schema.org\",\"@graph\":[{\"@type\":\"WebPage\",\"@id\":\"https:\\\/\\\/wellbeingeletmod.com\\\/termek\\\/flavon-peak-fruit-30-tasak\\\/\",\"url\":\"https:\\\/\\\/wellbeingeletmod.com\\\/termek\\\/flavon-peak-fruit-30-tasak\\\/\",\"name\":\"Flavon Peak Fruit - Wellbeing \u00c9letm\u00f3d Program\",\"isPartOf\":{\"@id\":\"https:\\\/\\\/wellbeingeletmod.com\\\/#website\"},\"primaryImageOfPage\":{\"@id\":\"https:\\\/\\\/wellbeingeletmod.com\\\/termek\\\/flavon-peak-fruit-30-tasak\\\/#primaryimage\"},\"image\":{\"@id\":\"https:\\\/\\\/wellbeingeletmod.com\\\/termek\\\/flavon-peak-fruit-30-tasak\\\/#primaryimage\"},\"thumbnailUrl\":\"https:\\\/\\\/wellbeingeletmod.com\\\/wp-content\\\/uploads\\\/2025\\\/08\\\/peak-flavon-fruit.png\",\"datePublished\":\"2025-08-14T13:46:25+00:00\",\"dateModified\":\"2025-10-13T00:16:59+00:00\",\"description\":\"A Flavon Peak Fruit az egyik legkomplexebb \u00e9s leginnovat\u00edvabb \u00e9trend-kieg\u00e9sz\u00edt\u0151, amely speci\u00e1lis gy\u00e1rt\u00f3soron, egyedi technol\u00f3gi\u00e1val k\u00e9sz\u00fcl.\",\"breadcrumb\":{\"@id\":\"https:\\\/\\\/wellbeingeletmod.com\\\/termek\\\/flavon-peak-fruit-30-tasak\\\/#breadcrumb\"},\"inLanguage\":\"en-GB\",\"potentialAction\":[{\"@type\":\"ReadAction\",\"target\":[\"https:\\\/\\\/wellbeingeletmod.com\\\/termek\\\/flavon-peak-fruit-30-tasak\\\/\"]}]},{\"@type\":\"ImageObject\",\"inLanguage\":\"en-GB\",\"@id\":\"https:\\\/\\\/wellbeingeletmod.com\\\/termek\\\/flavon-peak-fruit-30-tasak\\\/#primaryimage\",\"url\":\"https:\\\/\\\/wellbeingeletmod.com\\\/wp-content\\\/uploads\\\/2025\\\/08\\\/peak-flavon-fruit.png\",\"contentUrl\":\"https:\\\/\\\/wellbeingeletmod.com\\\/wp-content\\\/uploads\\\/2025\\\/08\\\/peak-flavon-fruit.png\",\"width\":1000,\"height\":1000,\"caption\":\"flavon peak fruit\"},{\"@type\":\"BreadcrumbList\",\"@id\":\"https:\\\/\\\/wellbeingeletmod.com\\\/termek\\\/flavon-peak-fruit-30-tasak\\\/#breadcrumb\",\"itemListElement\":[{\"@type\":\"ListItem\",\"position\":1,\"name\":\"Kezd\u0151lap\",\"item\":\"https:\\\/\\\/wellbeingeletmod.com\\\/\"},{\"@type\":\"ListItem\",\"position\":2,\"name\":\"Term\u00e9kek\",\"item\":\"https:\\\/\\\/wellbeingeletmod.com\\\/termekek\\\/\"},{\"@type\":\"ListItem\",\"position\":3,\"name\":\"Flavon Peak Fruit\"}]},{\"@type\":\"WebSite\",\"@id\":\"https:\\\/\\\/wellbeingeletmod.com\\\/#website\",\"url\":\"https:\\\/\\\/wellbeingeletmod.com\\\/\",\"name\":\"Wellbeing \u00c9letm\u00f3d Program\",\"description\":\"\u00c9letm\u00f3d amely bel\u00fclr\u0151l \u00e9p\u00edt\",\"publisher\":{\"@id\":\"https:\\\/\\\/wellbeingeletmod.com\\\/#\\\/schema\\\/person\\\/5922e136ec70ee3c2d22fac7ab1ac917\"},\"potentialAction\":[{\"@type\":\"SearchAction\",\"target\":{\"@type\":\"EntryPoint\",\"urlTemplate\":\"https:\\\/\\\/wellbeingeletmod.com\\\/?s={search_term_string}\"},\"query-input\":{\"@type\":\"PropertyValueSpecification\",\"valueRequired\":true,\"valueName\":\"search_term_string\"}}],\"inLanguage\":\"en-GB\"},{\"@type\":[\"Person\",\"Organization\"],\"@id\":\"https:\\\/\\\/wellbeingeletmod.com\\\/#\\\/schema\\\/person\\\/5922e136ec70ee3c2d22fac7ab1ac917\",\"name\":\"Borb\u00e9ly Erika\",\"image\":{\"@type\":\"ImageObject\",\"inLanguage\":\"en-GB\",\"@id\":\"https:\\\/\\\/wellbeingeletmod.com\\\/wp-content\\\/uploads\\\/2025\\\/07\\\/wb-png-logo.png\",\"url\":\"https:\\\/\\\/wellbeingeletmod.com\\\/wp-content\\\/uploads\\\/2025\\\/07\\\/wb-png-logo.png\",\"contentUrl\":\"https:\\\/\\\/wellbeingeletmod.com\\\/wp-content\\\/uploads\\\/2025\\\/07\\\/wb-png-logo.png\",\"width\":350,\"height\":120,\"caption\":\"Borb\u00e9ly Erika\"},\"logo\":{\"@id\":\"https:\\\/\\\/wellbeingeletmod.com\\\/wp-content\\\/uploads\\\/2025\\\/07\\\/wb-png-logo.png\"},\"sameAs\":[\"https:\\\/\\\/wellbeingeletmod.com\"]}]}<\/script>\n<!-- \/ Yoast SEO plugin. -->","yoast_head_json":{"title":"Flavon Peak Fruit - Wellbeing \u00c9letm\u00f3d Program","description":"A Flavon Peak Fruit az egyik legkomplexebb \u00e9s leginnovat\u00edvabb \u00e9trend-kieg\u00e9sz\u00edt\u0151, amely speci\u00e1lis gy\u00e1rt\u00f3soron, egyedi technol\u00f3gi\u00e1val k\u00e9sz\u00fcl.","robots":{"index":"index","follow":"follow","max-snippet":"max-snippet:-1","max-image-preview":"max-image-preview:large","max-video-preview":"max-video-preview:-1"},"canonical":"https:\/\/wellbeingeletmod.com\/en\/product\/flavon-peak-fruit-30-tasak\/","og_locale":"en_GB","og_type":"article","og_title":"Flavon Peak Fruit - Wellbeing \u00c9letm\u00f3d Program","og_description":"A Flavon Peak Fruit az egyik legkomplexebb \u00e9s leginnovat\u00edvabb \u00e9trend-kieg\u00e9sz\u00edt\u0151, amely speci\u00e1lis gy\u00e1rt\u00f3soron, egyedi technol\u00f3gi\u00e1val k\u00e9sz\u00fcl.","og_url":"https:\/\/wellbeingeletmod.com\/en\/product\/flavon-peak-fruit-30-tasak\/","og_site_name":"Wellbeing \u00c9letm\u00f3d Program","article_modified_time":"2025-10-13T00:16:59+00:00","og_image":[{"width":1000,"height":1000,"url":"https:\/\/wellbeingeletmod.com\/wp-content\/uploads\/2025\/08\/peak-flavon-fruit.png","type":"image\/png"}],"twitter_card":"summary_large_image","twitter_misc":{"Estimated reading time":"2 minutes"},"schema":{"@context":"https:\/\/schema.org","@graph":[{"@type":"WebPage","@id":"https:\/\/wellbeingeletmod.com\/termek\/flavon-peak-fruit-30-tasak\/","url":"https:\/\/wellbeingeletmod.com\/termek\/flavon-peak-fruit-30-tasak\/","name":"Flavon Peak Fruit - Wellbeing \u00c9letm\u00f3d Program","isPartOf":{"@id":"https:\/\/wellbeingeletmod.com\/#website"},"primaryImageOfPage":{"@id":"https:\/\/wellbeingeletmod.com\/termek\/flavon-peak-fruit-30-tasak\/#primaryimage"},"image":{"@id":"https:\/\/wellbeingeletmod.com\/termek\/flavon-peak-fruit-30-tasak\/#primaryimage"},"thumbnailUrl":"https:\/\/wellbeingeletmod.com\/wp-content\/uploads\/2025\/08\/peak-flavon-fruit.png","datePublished":"2025-08-14T13:46:25+00:00","dateModified":"2025-10-13T00:16:59+00:00","description":"A Flavon Peak Fruit az egyik legkomplexebb \u00e9s leginnovat\u00edvabb \u00e9trend-kieg\u00e9sz\u00edt\u0151, amely speci\u00e1lis gy\u00e1rt\u00f3soron, egyedi technol\u00f3gi\u00e1val k\u00e9sz\u00fcl.","breadcrumb":{"@id":"https:\/\/wellbeingeletmod.com\/termek\/flavon-peak-fruit-30-tasak\/#breadcrumb"},"inLanguage":"en-GB","potentialAction":[{"@type":"ReadAction","target":["https:\/\/wellbeingeletmod.com\/termek\/flavon-peak-fruit-30-tasak\/"]}]},{"@type":"ImageObject","inLanguage":"en-GB","@id":"https:\/\/wellbeingeletmod.com\/termek\/flavon-peak-fruit-30-tasak\/#primaryimage","url":"https:\/\/wellbeingeletmod.com\/wp-content\/uploads\/2025\/08\/peak-flavon-fruit.png","contentUrl":"https:\/\/wellbeingeletmod.com\/wp-content\/uploads\/2025\/08\/peak-flavon-fruit.png","width":1000,"height":1000,"caption":"flavon peak fruit"},{"@type":"BreadcrumbList","@id":"https:\/\/wellbeingeletmod.com\/termek\/flavon-peak-fruit-30-tasak\/#breadcrumb","itemListElement":[{"@type":"ListItem","position":1,"name":"Kezd\u0151lap","item":"https:\/\/wellbeingeletmod.com\/"},{"@type":"ListItem","position":2,"name":"Term\u00e9kek","item":"https:\/\/wellbeingeletmod.com\/termekek\/"},{"@type":"ListItem","position":3,"name":"Flavon Peak Fruit"}]},{"@type":"WebSite","@id":"https:\/\/wellbeingeletmod.com\/#website","url":"https:\/\/wellbeingeletmod.com\/","name":"Wellbeing Lifestyle Programme","description":"\u00c9letm\u00f3d amely bel\u00fclr\u0151l \u00e9p\u00edt","publisher":{"@id":"https:\/\/wellbeingeletmod.com\/#\/schema\/person\/5922e136ec70ee3c2d22fac7ab1ac917"},"potentialAction":[{"@type":"SearchAction","target":{"@type":"EntryPoint","urlTemplate":"https:\/\/wellbeingeletmod.com\/?s={search_term_string}"},"query-input":{"@type":"PropertyValueSpecification","valueRequired":true,"valueName":"search_term_string"}}],"inLanguage":"en-GB"},{"@type":["Person","Organization"],"@id":"https:\/\/wellbeingeletmod.com\/#\/schema\/person\/5922e136ec70ee3c2d22fac7ab1ac917","name":"Erika Borb\u00e9ly","image":{"@type":"ImageObject","inLanguage":"en-GB","@id":"https:\/\/wellbeingeletmod.com\/wp-content\/uploads\/2025\/07\/wb-png-logo.png","url":"https:\/\/wellbeingeletmod.com\/wp-content\/uploads\/2025\/07\/wb-png-logo.png","contentUrl":"https:\/\/wellbeingeletmod.com\/wp-content\/uploads\/2025\/07\/wb-png-logo.png","width":350,"height":120,"caption":"Borb\u00e9ly Erika"},"logo":{"@id":"https:\/\/wellbeingeletmod.com\/wp-content\/uploads\/2025\/07\/wb-png-logo.png"},"sameAs":["https:\/\/wellbeingeletmod.com"]}]}},"_links":{"self":[{"href":"https:\/\/wellbeingeletmod.com\/en\/wp-json\/wp\/v2\/product\/2507","targetHints":{"allow":["GET"]}}],"collection":[{"href":"https:\/\/wellbeingeletmod.com\/en\/wp-json\/wp\/v2\/product"}],"about":[{"href":"https:\/\/wellbeingeletmod.com\/en\/wp-json\/wp\/v2\/types\/product"}],"version-history":[{"count":0,"href":"https:\/\/wellbeingeletmod.com\/en\/wp-json\/wp\/v2\/product\/2507\/revisions"}],"wp:featuredmedia":[{"embeddable":true,"href":"https:\/\/wellbeingeletmod.com\/en\/wp-json\/wp\/v2\/media\/2508"}],"wp:attachment":[{"href":"https:\/\/wellbeingeletmod.com\/en\/wp-json\/wp\/v2\/media?parent=2507"}],"wp:term":[{"taxonomy":"product_brand","embeddable":true,"href":"https:\/\/wellbeingeletmod.com\/en\/wp-json\/wp\/v2\/product_brand?post=2507"},{"taxonomy":"product_cat","embeddable":true,"href":"https:\/\/wellbeingeletmod.com\/en\/wp-json\/wp\/v2\/product_cat?post=2507"},{"taxonomy":"product_tag","embeddable":true,"href":"https:\/\/wellbeingeletmod.com\/en\/wp-json\/wp\/v2\/product_tag?post=2507"}],"curies":[{"name":"wp","href":"https:\/\/api.w.org\/{rel}","templated":true}]}}