{"id":2514,"date":"2025-08-14T16:16:42","date_gmt":"2025-08-14T14:16:42","guid":{"rendered":"https:\/\/wellbeingeletmod.com\/?post_type=product&#038;p=2514"},"modified":"2025-10-13T02:15:27","modified_gmt":"2025-10-13T00:15:27","slug":"flavon-peak-future-30-tasak","status":"publish","type":"product","link":"https:\/\/wellbeingeletmod.com\/en\/termek\/flavon-peak-future-30-tasak\/","title":{"rendered":"Flavon Peak Future"},"content":{"rendered":"<h4>\ud83c\udf1f We recommend Flavon Peak Future for every parent whose child:<\/h4>\n<ul>\n<li>is looking for a natural and pioneering product to complement a balanced diet<\/li>\n<li>is intended to receive a high-quality, premium product<\/li>\n<li>wants to support their developing body with the combined effects of exceptional ingredients<\/li>\n<li>wants to provide a dietary supplement that can be taken anytime, anywhere\n<div class=\"layoutArea\">\n<div class=\"column\"><\/div>\n<\/div>\n<\/li>\n<\/ul>\n<p>&nbsp;<\/p>\n<p><b>Recommended daily intake<\/b>: 1 sachet daily (10 g)<\/p>\n<h4><strong>\ud83e\udd57 Ingredients:<\/strong><\/h4>\n<p>Flavon Peak Future is a source of specially formulated phytochemicals, notably unique-structured carotenoids. These compounds have been shown to positively support eye health and skin protection. The product is also rich in flavonoids, particularly anthocyanins, which work synergistically with the carotenoids.<\/p>\n<p>The plant oils used contain high levels of essential omega-3 and omega-6 fatty acids in optimal ratios and are rich sources of high-quality proteins, enzymes, and amino acids. Among the ingredients, goji berries stand out; as a superfruit, they have gained exceptional popularity in recent years. In addition to their high vitamin C content, they provide more than 10 different amino acids and over 20 minerals. Their antioxidant effect is among the strongest of all the fruits and vegetables used in Flavon products.<\/p>\n<h4>\u26a0\ufe0f Important:<\/h4>\n<p>A dietary supplement is not a substitute for a mixed diet and a healthy lifestyle!<br \/>\nConsumers should not exceed the recommended daily intake!<br \/>\nThe product must be kept out of the reach of small children!<br \/>\nContains no preservatives!<\/p>","protected":false},"excerpt":{"rendered":"<p>Flavon Peak Future is designed for the growing generation. Its target group includes children and adolescents, who represent the future for all of us. This product can provide support during the most important developmental stages and help foster health awareness in the next generation. It contains numerous ingredients that are especially significant for early childhood development. The included fruits and vegetables are exceptionally nutrient-rich, offering excellent sources of vitamins, minerals, trace elements, and pigments that are particularly important for children. The plant oils used are rich in unsaturated fatty acids and form a perfect combination with the other components.<\/p>","protected":false},"featured_media":2515,"template":"","meta":[],"product_brand":[59],"product_cat":[55,56],"product_tag":[],"class_list":{"0":"post-2514","1":"product","2":"type-product","3":"status-publish","4":"has-post-thumbnail","6":"product_brand-flavon","7":"product_cat-flavon","8":"product_cat-flavon-peak","10":"first","11":"instock","12":"shipping-taxable","13":"purchasable","14":"product-type-variable"},"yoast_head":"<!-- This site is optimized with the Yoast SEO plugin v27.5 - https:\/\/yoast.com\/product\/yoast-seo-wordpress\/ -->\n<title>Flavon Peak Future - Wellbeing \u00c9letm\u00f3d Program<\/title>\n<meta name=\"description\" content=\"A Flavon Peak Future a feln\u00f6vekv\u0151 gener\u00e1ci\u00f3 sz\u00e1m\u00e1ra k\u00e9sz\u00fclt. C\u00e9lcsoportban a gyermekek, az ifj\u00fa koroszt\u00e1ly, akik a j\u00f6v\u0151t jelentik mindannyiunk sz\u00e1m\u00e1ra.\" \/>\n<meta name=\"robots\" content=\"index, follow, max-snippet:-1, max-image-preview:large, max-video-preview:-1\" \/>\n<link rel=\"canonical\" href=\"https:\/\/wellbeingeletmod.com\/en\/product\/flavon-peak-future-30-tasak\/\" \/>\n<meta property=\"og:locale\" content=\"en_GB\" \/>\n<meta property=\"og:type\" content=\"article\" \/>\n<meta property=\"og:title\" content=\"Flavon Peak Future - Wellbeing \u00c9letm\u00f3d Program\" \/>\n<meta property=\"og:description\" content=\"A Flavon Peak Future a feln\u00f6vekv\u0151 gener\u00e1ci\u00f3 sz\u00e1m\u00e1ra k\u00e9sz\u00fclt. C\u00e9lcsoportban a gyermekek, az ifj\u00fa koroszt\u00e1ly, akik a j\u00f6v\u0151t jelentik mindannyiunk sz\u00e1m\u00e1ra.\" \/>\n<meta property=\"og:url\" content=\"https:\/\/wellbeingeletmod.com\/en\/product\/flavon-peak-future-30-tasak\/\" \/>\n<meta property=\"og:site_name\" content=\"Wellbeing \u00c9letm\u00f3d Program\" \/>\n<meta property=\"article:modified_time\" content=\"2025-10-13T00:15:27+00:00\" \/>\n<meta property=\"og:image\" content=\"https:\/\/wellbeingeletmod.com\/wp-content\/uploads\/2025\/08\/peak-future-flavon.png\" \/>\n\t<meta property=\"og:image:width\" content=\"1000\" \/>\n\t<meta property=\"og:image:height\" content=\"1000\" \/>\n\t<meta property=\"og:image:type\" content=\"image\/png\" \/>\n<meta name=\"twitter:card\" content=\"summary_large_image\" \/>\n<meta name=\"twitter:label1\" content=\"Estimated reading time\" \/>\n\t<meta name=\"twitter:data1\" content=\"2 minutes\" \/>\n<script type=\"application\/ld+json\" class=\"yoast-schema-graph\">{\"@context\":\"https:\\\/\\\/schema.org\",\"@graph\":[{\"@type\":\"WebPage\",\"@id\":\"https:\\\/\\\/wellbeingeletmod.com\\\/termek\\\/flavon-peak-future-30-tasak\\\/\",\"url\":\"https:\\\/\\\/wellbeingeletmod.com\\\/termek\\\/flavon-peak-future-30-tasak\\\/\",\"name\":\"Flavon Peak Future - Wellbeing \u00c9letm\u00f3d Program\",\"isPartOf\":{\"@id\":\"https:\\\/\\\/wellbeingeletmod.com\\\/#website\"},\"primaryImageOfPage\":{\"@id\":\"https:\\\/\\\/wellbeingeletmod.com\\\/termek\\\/flavon-peak-future-30-tasak\\\/#primaryimage\"},\"image\":{\"@id\":\"https:\\\/\\\/wellbeingeletmod.com\\\/termek\\\/flavon-peak-future-30-tasak\\\/#primaryimage\"},\"thumbnailUrl\":\"https:\\\/\\\/wellbeingeletmod.com\\\/wp-content\\\/uploads\\\/2025\\\/08\\\/peak-future-flavon.png\",\"datePublished\":\"2025-08-14T14:16:42+00:00\",\"dateModified\":\"2025-10-13T00:15:27+00:00\",\"description\":\"A Flavon Peak Future a feln\u00f6vekv\u0151 gener\u00e1ci\u00f3 sz\u00e1m\u00e1ra k\u00e9sz\u00fclt. C\u00e9lcsoportban a gyermekek, az ifj\u00fa koroszt\u00e1ly, akik a j\u00f6v\u0151t jelentik mindannyiunk sz\u00e1m\u00e1ra.\",\"breadcrumb\":{\"@id\":\"https:\\\/\\\/wellbeingeletmod.com\\\/termek\\\/flavon-peak-future-30-tasak\\\/#breadcrumb\"},\"inLanguage\":\"en-GB\",\"potentialAction\":[{\"@type\":\"ReadAction\",\"target\":[\"https:\\\/\\\/wellbeingeletmod.com\\\/termek\\\/flavon-peak-future-30-tasak\\\/\"]}]},{\"@type\":\"ImageObject\",\"inLanguage\":\"en-GB\",\"@id\":\"https:\\\/\\\/wellbeingeletmod.com\\\/termek\\\/flavon-peak-future-30-tasak\\\/#primaryimage\",\"url\":\"https:\\\/\\\/wellbeingeletmod.com\\\/wp-content\\\/uploads\\\/2025\\\/08\\\/peak-future-flavon.png\",\"contentUrl\":\"https:\\\/\\\/wellbeingeletmod.com\\\/wp-content\\\/uploads\\\/2025\\\/08\\\/peak-future-flavon.png\",\"width\":1000,\"height\":1000,\"caption\":\"Flavon peak future\"},{\"@type\":\"BreadcrumbList\",\"@id\":\"https:\\\/\\\/wellbeingeletmod.com\\\/termek\\\/flavon-peak-future-30-tasak\\\/#breadcrumb\",\"itemListElement\":[{\"@type\":\"ListItem\",\"position\":1,\"name\":\"Kezd\u0151lap\",\"item\":\"https:\\\/\\\/wellbeingeletmod.com\\\/\"},{\"@type\":\"ListItem\",\"position\":2,\"name\":\"Term\u00e9kek\",\"item\":\"https:\\\/\\\/wellbeingeletmod.com\\\/termekek\\\/\"},{\"@type\":\"ListItem\",\"position\":3,\"name\":\"Flavon Peak Future\"}]},{\"@type\":\"WebSite\",\"@id\":\"https:\\\/\\\/wellbeingeletmod.com\\\/#website\",\"url\":\"https:\\\/\\\/wellbeingeletmod.com\\\/\",\"name\":\"Wellbeing \u00c9letm\u00f3d Program\",\"description\":\"\u00c9letm\u00f3d amely bel\u00fclr\u0151l \u00e9p\u00edt\",\"publisher\":{\"@id\":\"https:\\\/\\\/wellbeingeletmod.com\\\/#\\\/schema\\\/person\\\/5922e136ec70ee3c2d22fac7ab1ac917\"},\"potentialAction\":[{\"@type\":\"SearchAction\",\"target\":{\"@type\":\"EntryPoint\",\"urlTemplate\":\"https:\\\/\\\/wellbeingeletmod.com\\\/?s={search_term_string}\"},\"query-input\":{\"@type\":\"PropertyValueSpecification\",\"valueRequired\":true,\"valueName\":\"search_term_string\"}}],\"inLanguage\":\"en-GB\"},{\"@type\":[\"Person\",\"Organization\"],\"@id\":\"https:\\\/\\\/wellbeingeletmod.com\\\/#\\\/schema\\\/person\\\/5922e136ec70ee3c2d22fac7ab1ac917\",\"name\":\"Borb\u00e9ly Erika\",\"image\":{\"@type\":\"ImageObject\",\"inLanguage\":\"en-GB\",\"@id\":\"https:\\\/\\\/wellbeingeletmod.com\\\/wp-content\\\/uploads\\\/2025\\\/07\\\/wb-png-logo.png\",\"url\":\"https:\\\/\\\/wellbeingeletmod.com\\\/wp-content\\\/uploads\\\/2025\\\/07\\\/wb-png-logo.png\",\"contentUrl\":\"https:\\\/\\\/wellbeingeletmod.com\\\/wp-content\\\/uploads\\\/2025\\\/07\\\/wb-png-logo.png\",\"width\":350,\"height\":120,\"caption\":\"Borb\u00e9ly Erika\"},\"logo\":{\"@id\":\"https:\\\/\\\/wellbeingeletmod.com\\\/wp-content\\\/uploads\\\/2025\\\/07\\\/wb-png-logo.png\"},\"sameAs\":[\"https:\\\/\\\/wellbeingeletmod.com\"]}]}<\/script>\n<!-- \/ Yoast SEO plugin. -->","yoast_head_json":{"title":"Flavon Peak Future - Wellbeing \u00c9letm\u00f3d Program","description":"A Flavon Peak Future a feln\u00f6vekv\u0151 gener\u00e1ci\u00f3 sz\u00e1m\u00e1ra k\u00e9sz\u00fclt. C\u00e9lcsoportban a gyermekek, az ifj\u00fa koroszt\u00e1ly, akik a j\u00f6v\u0151t jelentik mindannyiunk sz\u00e1m\u00e1ra.","robots":{"index":"index","follow":"follow","max-snippet":"max-snippet:-1","max-image-preview":"max-image-preview:large","max-video-preview":"max-video-preview:-1"},"canonical":"https:\/\/wellbeingeletmod.com\/en\/product\/flavon-peak-future-30-tasak\/","og_locale":"en_GB","og_type":"article","og_title":"Flavon Peak Future - Wellbeing \u00c9letm\u00f3d Program","og_description":"A Flavon Peak Future a feln\u00f6vekv\u0151 gener\u00e1ci\u00f3 sz\u00e1m\u00e1ra k\u00e9sz\u00fclt. C\u00e9lcsoportban a gyermekek, az ifj\u00fa koroszt\u00e1ly, akik a j\u00f6v\u0151t jelentik mindannyiunk sz\u00e1m\u00e1ra.","og_url":"https:\/\/wellbeingeletmod.com\/en\/product\/flavon-peak-future-30-tasak\/","og_site_name":"Wellbeing \u00c9letm\u00f3d Program","article_modified_time":"2025-10-13T00:15:27+00:00","og_image":[{"width":1000,"height":1000,"url":"https:\/\/wellbeingeletmod.com\/wp-content\/uploads\/2025\/08\/peak-future-flavon.png","type":"image\/png"}],"twitter_card":"summary_large_image","twitter_misc":{"Estimated reading time":"2 minutes"},"schema":{"@context":"https:\/\/schema.org","@graph":[{"@type":"WebPage","@id":"https:\/\/wellbeingeletmod.com\/termek\/flavon-peak-future-30-tasak\/","url":"https:\/\/wellbeingeletmod.com\/termek\/flavon-peak-future-30-tasak\/","name":"Flavon Peak Future - Wellbeing \u00c9letm\u00f3d Program","isPartOf":{"@id":"https:\/\/wellbeingeletmod.com\/#website"},"primaryImageOfPage":{"@id":"https:\/\/wellbeingeletmod.com\/termek\/flavon-peak-future-30-tasak\/#primaryimage"},"image":{"@id":"https:\/\/wellbeingeletmod.com\/termek\/flavon-peak-future-30-tasak\/#primaryimage"},"thumbnailUrl":"https:\/\/wellbeingeletmod.com\/wp-content\/uploads\/2025\/08\/peak-future-flavon.png","datePublished":"2025-08-14T14:16:42+00:00","dateModified":"2025-10-13T00:15:27+00:00","description":"A Flavon Peak Future a feln\u00f6vekv\u0151 gener\u00e1ci\u00f3 sz\u00e1m\u00e1ra k\u00e9sz\u00fclt. C\u00e9lcsoportban a gyermekek, az ifj\u00fa koroszt\u00e1ly, akik a j\u00f6v\u0151t jelentik mindannyiunk sz\u00e1m\u00e1ra.","breadcrumb":{"@id":"https:\/\/wellbeingeletmod.com\/termek\/flavon-peak-future-30-tasak\/#breadcrumb"},"inLanguage":"en-GB","potentialAction":[{"@type":"ReadAction","target":["https:\/\/wellbeingeletmod.com\/termek\/flavon-peak-future-30-tasak\/"]}]},{"@type":"ImageObject","inLanguage":"en-GB","@id":"https:\/\/wellbeingeletmod.com\/termek\/flavon-peak-future-30-tasak\/#primaryimage","url":"https:\/\/wellbeingeletmod.com\/wp-content\/uploads\/2025\/08\/peak-future-flavon.png","contentUrl":"https:\/\/wellbeingeletmod.com\/wp-content\/uploads\/2025\/08\/peak-future-flavon.png","width":1000,"height":1000,"caption":"Flavon peak future"},{"@type":"BreadcrumbList","@id":"https:\/\/wellbeingeletmod.com\/termek\/flavon-peak-future-30-tasak\/#breadcrumb","itemListElement":[{"@type":"ListItem","position":1,"name":"Kezd\u0151lap","item":"https:\/\/wellbeingeletmod.com\/"},{"@type":"ListItem","position":2,"name":"Term\u00e9kek","item":"https:\/\/wellbeingeletmod.com\/termekek\/"},{"@type":"ListItem","position":3,"name":"Flavon Peak Future"}]},{"@type":"WebSite","@id":"https:\/\/wellbeingeletmod.com\/#website","url":"https:\/\/wellbeingeletmod.com\/","name":"Wellbeing Lifestyle Programme","description":"\u00c9letm\u00f3d amely bel\u00fclr\u0151l \u00e9p\u00edt","publisher":{"@id":"https:\/\/wellbeingeletmod.com\/#\/schema\/person\/5922e136ec70ee3c2d22fac7ab1ac917"},"potentialAction":[{"@type":"SearchAction","target":{"@type":"EntryPoint","urlTemplate":"https:\/\/wellbeingeletmod.com\/?s={search_term_string}"},"query-input":{"@type":"PropertyValueSpecification","valueRequired":true,"valueName":"search_term_string"}}],"inLanguage":"en-GB"},{"@type":["Person","Organization"],"@id":"https:\/\/wellbeingeletmod.com\/#\/schema\/person\/5922e136ec70ee3c2d22fac7ab1ac917","name":"Erika Borb\u00e9ly","image":{"@type":"ImageObject","inLanguage":"en-GB","@id":"https:\/\/wellbeingeletmod.com\/wp-content\/uploads\/2025\/07\/wb-png-logo.png","url":"https:\/\/wellbeingeletmod.com\/wp-content\/uploads\/2025\/07\/wb-png-logo.png","contentUrl":"https:\/\/wellbeingeletmod.com\/wp-content\/uploads\/2025\/07\/wb-png-logo.png","width":350,"height":120,"caption":"Borb\u00e9ly Erika"},"logo":{"@id":"https:\/\/wellbeingeletmod.com\/wp-content\/uploads\/2025\/07\/wb-png-logo.png"},"sameAs":["https:\/\/wellbeingeletmod.com"]}]}},"_links":{"self":[{"href":"https:\/\/wellbeingeletmod.com\/en\/wp-json\/wp\/v2\/product\/2514","targetHints":{"allow":["GET"]}}],"collection":[{"href":"https:\/\/wellbeingeletmod.com\/en\/wp-json\/wp\/v2\/product"}],"about":[{"href":"https:\/\/wellbeingeletmod.com\/en\/wp-json\/wp\/v2\/types\/product"}],"version-history":[{"count":0,"href":"https:\/\/wellbeingeletmod.com\/en\/wp-json\/wp\/v2\/product\/2514\/revisions"}],"wp:featuredmedia":[{"embeddable":true,"href":"https:\/\/wellbeingeletmod.com\/en\/wp-json\/wp\/v2\/media\/2515"}],"wp:attachment":[{"href":"https:\/\/wellbeingeletmod.com\/en\/wp-json\/wp\/v2\/media?parent=2514"}],"wp:term":[{"taxonomy":"product_brand","embeddable":true,"href":"https:\/\/wellbeingeletmod.com\/en\/wp-json\/wp\/v2\/product_brand?post=2514"},{"taxonomy":"product_cat","embeddable":true,"href":"https:\/\/wellbeingeletmod.com\/en\/wp-json\/wp\/v2\/product_cat?post=2514"},{"taxonomy":"product_tag","embeddable":true,"href":"https:\/\/wellbeingeletmod.com\/en\/wp-json\/wp\/v2\/product_tag?post=2514"}],"curies":[{"name":"wp","href":"https:\/\/api.w.org\/{rel}","templated":true}]}}