{"id":2674,"date":"2025-08-16T12:59:39","date_gmt":"2025-08-16T10:59:39","guid":{"rendered":"https:\/\/wellbeingeletmod.com\/?post_type=product&#038;p=2674"},"modified":"2026-02-17T15:21:03","modified_gmt":"2026-02-17T14:21:03","slug":"flavon-protect","status":"publish","type":"product","link":"https:\/\/wellbeingeletmod.com\/en\/termek\/flavon-protect\/","title":{"rendered":"Flavone Protect"},"content":{"rendered":"<h4>\ud83c\udf1f We recommend Flavon Protect:<\/h4>\n<ul>\n<li>from middle-aged adults to the eldest, for everyone<\/li>\n<li>if your body needs extra protection<\/li>\n<li>if you want to naturally strengthen your immune system<\/li>\n<li>if you want to consume fruits in a concentrated form<\/li>\n<li>if you want to enjoy the synergy of the special ingredients\n<div class=\"section\">\n<div class=\"layoutArea\"><\/div>\n<\/div>\n<\/li>\n<\/ul>\n<p>&nbsp;<\/p>\n<p><b>Recommended daily intake<\/b>: one teaspoon daily (approx. 6 g \u2013 4.5 ml) after a meal.<\/p>\n<h4><strong>\ud83e\udd57 Ingredients:<\/strong><\/h4>\n<p>Flavon Protect contains ingredients that individually provide high amounts of various polyphenolic compounds. The ingredients have been carefully selected to cover the widest possible spectrum of natural pigments, minerals, and vitamins.<\/p>\n<h4>\u26a0\ufe0f Important:<\/h4>\n<p>A dietary supplement is not a substitute for a mixed diet and a healthy lifestyle!<br \/>\nConsumers should not exceed the recommended daily intake!<br \/>\nThe product must be kept out of the reach of small children!<br \/>\nContains no preservatives!<\/p>","protected":false},"excerpt":{"rendered":"<p><strong><em>For balanced parents and grandparents<\/em><\/strong><\/p>\n<p>As we age, we face increasing challenges, making it important to pay attention to our body\u2019s signals and do our best to live healthily, protected as much as possible from harmful external effects. Flavon Protect can be an effective part of this protection.<\/p>","protected":false},"featured_media":2677,"template":"","meta":[],"product_brand":[59],"product_cat":[55,57],"product_tag":[],"class_list":{"0":"post-2674","1":"product","2":"type-product","3":"status-publish","4":"has-post-thumbnail","6":"product_brand-flavon","7":"product_cat-flavon","8":"product_cat-flavon-basic","10":"first","11":"instock","12":"shipping-taxable","13":"purchasable","14":"product-type-variable"},"yoast_head":"<!-- This site is optimized with the Yoast SEO plugin v27.5 - https:\/\/yoast.com\/product\/yoast-seo-wordpress\/ -->\n<title>Flavon Protect - Wellbeing \u00c9letm\u00f3d Program<\/title>\n<meta name=\"description\" content=\"A Flavon Protect seg\u00edt meg\u0151rizni eg\u00e9szs\u00e9g\u00fcnket \u00e9s t\u00e1mogatja szervezet\u00fcnket a kor el\u0151rehaladt\u00e1val, v\u00e9delmet ny\u00fajtva a k\u00e1ros k\u00fcls\u0151 hat\u00e1sok ellen.\" \/>\n<meta name=\"robots\" content=\"index, follow, max-snippet:-1, max-image-preview:large, max-video-preview:-1\" \/>\n<link rel=\"canonical\" href=\"https:\/\/wellbeingeletmod.com\/en\/product\/flavon-protect\/\" \/>\n<meta property=\"og:locale\" content=\"en_GB\" \/>\n<meta property=\"og:type\" content=\"article\" \/>\n<meta property=\"og:title\" content=\"Flavon Protect - Wellbeing \u00c9letm\u00f3d Program\" \/>\n<meta property=\"og:description\" content=\"A Flavon Protect seg\u00edt meg\u0151rizni eg\u00e9szs\u00e9g\u00fcnket \u00e9s t\u00e1mogatja szervezet\u00fcnket a kor el\u0151rehaladt\u00e1val, v\u00e9delmet ny\u00fajtva a k\u00e1ros k\u00fcls\u0151 hat\u00e1sok ellen.\" \/>\n<meta property=\"og:url\" content=\"https:\/\/wellbeingeletmod.com\/en\/product\/flavon-protect\/\" \/>\n<meta property=\"og:site_name\" content=\"Wellbeing \u00c9letm\u00f3d Program\" \/>\n<meta property=\"article:modified_time\" content=\"2026-02-17T14:21:03+00:00\" \/>\n<meta property=\"og:image\" content=\"https:\/\/wellbeingeletmod.com\/wp-content\/uploads\/2025\/08\/flavon-protect.png\" \/>\n\t<meta property=\"og:image:width\" content=\"1000\" \/>\n\t<meta property=\"og:image:height\" content=\"1000\" \/>\n\t<meta property=\"og:image:type\" content=\"image\/png\" \/>\n<meta name=\"twitter:card\" content=\"summary_large_image\" \/>\n<meta name=\"twitter:label1\" content=\"Estimated reading time\" \/>\n\t<meta name=\"twitter:data1\" content=\"1 minute\" \/>\n<script type=\"application\/ld+json\" class=\"yoast-schema-graph\">{\"@context\":\"https:\\\/\\\/schema.org\",\"@graph\":[{\"@type\":\"WebPage\",\"@id\":\"https:\\\/\\\/wellbeingeletmod.com\\\/termek\\\/flavon-protect\\\/\",\"url\":\"https:\\\/\\\/wellbeingeletmod.com\\\/termek\\\/flavon-protect\\\/\",\"name\":\"Flavon Protect - Wellbeing \u00c9letm\u00f3d Program\",\"isPartOf\":{\"@id\":\"https:\\\/\\\/wellbeingeletmod.com\\\/#website\"},\"primaryImageOfPage\":{\"@id\":\"https:\\\/\\\/wellbeingeletmod.com\\\/termek\\\/flavon-protect\\\/#primaryimage\"},\"image\":{\"@id\":\"https:\\\/\\\/wellbeingeletmod.com\\\/termek\\\/flavon-protect\\\/#primaryimage\"},\"thumbnailUrl\":\"https:\\\/\\\/wellbeingeletmod.com\\\/wp-content\\\/uploads\\\/2025\\\/08\\\/flavon-protect.png\",\"datePublished\":\"2025-08-16T10:59:39+00:00\",\"dateModified\":\"2026-02-17T14:21:03+00:00\",\"description\":\"A Flavon Protect seg\u00edt meg\u0151rizni eg\u00e9szs\u00e9g\u00fcnket \u00e9s t\u00e1mogatja szervezet\u00fcnket a kor el\u0151rehaladt\u00e1val, v\u00e9delmet ny\u00fajtva a k\u00e1ros k\u00fcls\u0151 hat\u00e1sok ellen.\",\"breadcrumb\":{\"@id\":\"https:\\\/\\\/wellbeingeletmod.com\\\/termek\\\/flavon-protect\\\/#breadcrumb\"},\"inLanguage\":\"en-GB\",\"potentialAction\":[{\"@type\":\"ReadAction\",\"target\":[\"https:\\\/\\\/wellbeingeletmod.com\\\/termek\\\/flavon-protect\\\/\"]}]},{\"@type\":\"ImageObject\",\"inLanguage\":\"en-GB\",\"@id\":\"https:\\\/\\\/wellbeingeletmod.com\\\/termek\\\/flavon-protect\\\/#primaryimage\",\"url\":\"https:\\\/\\\/wellbeingeletmod.com\\\/wp-content\\\/uploads\\\/2025\\\/08\\\/flavon-protect.png\",\"contentUrl\":\"https:\\\/\\\/wellbeingeletmod.com\\\/wp-content\\\/uploads\\\/2025\\\/08\\\/flavon-protect.png\",\"width\":1000,\"height\":1000,\"caption\":\"Flavon Protect\"},{\"@type\":\"BreadcrumbList\",\"@id\":\"https:\\\/\\\/wellbeingeletmod.com\\\/termek\\\/flavon-protect\\\/#breadcrumb\",\"itemListElement\":[{\"@type\":\"ListItem\",\"position\":1,\"name\":\"Kezd\u0151lap\",\"item\":\"https:\\\/\\\/wellbeingeletmod.com\\\/\"},{\"@type\":\"ListItem\",\"position\":2,\"name\":\"Term\u00e9kek\",\"item\":\"https:\\\/\\\/wellbeingeletmod.com\\\/termekek\\\/\"},{\"@type\":\"ListItem\",\"position\":3,\"name\":\"Flavon Protect\"}]},{\"@type\":\"WebSite\",\"@id\":\"https:\\\/\\\/wellbeingeletmod.com\\\/#website\",\"url\":\"https:\\\/\\\/wellbeingeletmod.com\\\/\",\"name\":\"Wellbeing \u00c9letm\u00f3d Program\",\"description\":\"\u00c9letm\u00f3d amely bel\u00fclr\u0151l \u00e9p\u00edt\",\"publisher\":{\"@id\":\"https:\\\/\\\/wellbeingeletmod.com\\\/#\\\/schema\\\/person\\\/5922e136ec70ee3c2d22fac7ab1ac917\"},\"potentialAction\":[{\"@type\":\"SearchAction\",\"target\":{\"@type\":\"EntryPoint\",\"urlTemplate\":\"https:\\\/\\\/wellbeingeletmod.com\\\/?s={search_term_string}\"},\"query-input\":{\"@type\":\"PropertyValueSpecification\",\"valueRequired\":true,\"valueName\":\"search_term_string\"}}],\"inLanguage\":\"en-GB\"},{\"@type\":[\"Person\",\"Organization\"],\"@id\":\"https:\\\/\\\/wellbeingeletmod.com\\\/#\\\/schema\\\/person\\\/5922e136ec70ee3c2d22fac7ab1ac917\",\"name\":\"Borb\u00e9ly Erika\",\"image\":{\"@type\":\"ImageObject\",\"inLanguage\":\"en-GB\",\"@id\":\"https:\\\/\\\/wellbeingeletmod.com\\\/wp-content\\\/uploads\\\/2025\\\/07\\\/wb-png-logo.png\",\"url\":\"https:\\\/\\\/wellbeingeletmod.com\\\/wp-content\\\/uploads\\\/2025\\\/07\\\/wb-png-logo.png\",\"contentUrl\":\"https:\\\/\\\/wellbeingeletmod.com\\\/wp-content\\\/uploads\\\/2025\\\/07\\\/wb-png-logo.png\",\"width\":350,\"height\":120,\"caption\":\"Borb\u00e9ly Erika\"},\"logo\":{\"@id\":\"https:\\\/\\\/wellbeingeletmod.com\\\/wp-content\\\/uploads\\\/2025\\\/07\\\/wb-png-logo.png\"},\"sameAs\":[\"https:\\\/\\\/wellbeingeletmod.com\"]}]}<\/script>\n<!-- \/ Yoast SEO plugin. -->","yoast_head_json":{"title":"Flavon Protect - Wellbeing \u00c9letm\u00f3d Program","description":"A Flavon Protect seg\u00edt meg\u0151rizni eg\u00e9szs\u00e9g\u00fcnket \u00e9s t\u00e1mogatja szervezet\u00fcnket a kor el\u0151rehaladt\u00e1val, v\u00e9delmet ny\u00fajtva a k\u00e1ros k\u00fcls\u0151 hat\u00e1sok ellen.","robots":{"index":"index","follow":"follow","max-snippet":"max-snippet:-1","max-image-preview":"max-image-preview:large","max-video-preview":"max-video-preview:-1"},"canonical":"https:\/\/wellbeingeletmod.com\/en\/product\/flavon-protect\/","og_locale":"en_GB","og_type":"article","og_title":"Flavon Protect - Wellbeing \u00c9letm\u00f3d Program","og_description":"A Flavon Protect seg\u00edt meg\u0151rizni eg\u00e9szs\u00e9g\u00fcnket \u00e9s t\u00e1mogatja szervezet\u00fcnket a kor el\u0151rehaladt\u00e1val, v\u00e9delmet ny\u00fajtva a k\u00e1ros k\u00fcls\u0151 hat\u00e1sok ellen.","og_url":"https:\/\/wellbeingeletmod.com\/en\/product\/flavon-protect\/","og_site_name":"Wellbeing \u00c9letm\u00f3d Program","article_modified_time":"2026-02-17T14:21:03+00:00","og_image":[{"width":1000,"height":1000,"url":"https:\/\/wellbeingeletmod.com\/wp-content\/uploads\/2025\/08\/flavon-protect.png","type":"image\/png"}],"twitter_card":"summary_large_image","twitter_misc":{"Estimated reading time":"1 minute"},"schema":{"@context":"https:\/\/schema.org","@graph":[{"@type":"WebPage","@id":"https:\/\/wellbeingeletmod.com\/termek\/flavon-protect\/","url":"https:\/\/wellbeingeletmod.com\/termek\/flavon-protect\/","name":"Flavon Protect - Wellbeing \u00c9letm\u00f3d Program","isPartOf":{"@id":"https:\/\/wellbeingeletmod.com\/#website"},"primaryImageOfPage":{"@id":"https:\/\/wellbeingeletmod.com\/termek\/flavon-protect\/#primaryimage"},"image":{"@id":"https:\/\/wellbeingeletmod.com\/termek\/flavon-protect\/#primaryimage"},"thumbnailUrl":"https:\/\/wellbeingeletmod.com\/wp-content\/uploads\/2025\/08\/flavon-protect.png","datePublished":"2025-08-16T10:59:39+00:00","dateModified":"2026-02-17T14:21:03+00:00","description":"A Flavon Protect seg\u00edt meg\u0151rizni eg\u00e9szs\u00e9g\u00fcnket \u00e9s t\u00e1mogatja szervezet\u00fcnket a kor el\u0151rehaladt\u00e1val, v\u00e9delmet ny\u00fajtva a k\u00e1ros k\u00fcls\u0151 hat\u00e1sok ellen.","breadcrumb":{"@id":"https:\/\/wellbeingeletmod.com\/termek\/flavon-protect\/#breadcrumb"},"inLanguage":"en-GB","potentialAction":[{"@type":"ReadAction","target":["https:\/\/wellbeingeletmod.com\/termek\/flavon-protect\/"]}]},{"@type":"ImageObject","inLanguage":"en-GB","@id":"https:\/\/wellbeingeletmod.com\/termek\/flavon-protect\/#primaryimage","url":"https:\/\/wellbeingeletmod.com\/wp-content\/uploads\/2025\/08\/flavon-protect.png","contentUrl":"https:\/\/wellbeingeletmod.com\/wp-content\/uploads\/2025\/08\/flavon-protect.png","width":1000,"height":1000,"caption":"Flavon Protect"},{"@type":"BreadcrumbList","@id":"https:\/\/wellbeingeletmod.com\/termek\/flavon-protect\/#breadcrumb","itemListElement":[{"@type":"ListItem","position":1,"name":"Kezd\u0151lap","item":"https:\/\/wellbeingeletmod.com\/"},{"@type":"ListItem","position":2,"name":"Term\u00e9kek","item":"https:\/\/wellbeingeletmod.com\/termekek\/"},{"@type":"ListItem","position":3,"name":"Flavon Protect"}]},{"@type":"WebSite","@id":"https:\/\/wellbeingeletmod.com\/#website","url":"https:\/\/wellbeingeletmod.com\/","name":"Wellbeing Lifestyle Programme","description":"\u00c9letm\u00f3d amely bel\u00fclr\u0151l \u00e9p\u00edt","publisher":{"@id":"https:\/\/wellbeingeletmod.com\/#\/schema\/person\/5922e136ec70ee3c2d22fac7ab1ac917"},"potentialAction":[{"@type":"SearchAction","target":{"@type":"EntryPoint","urlTemplate":"https:\/\/wellbeingeletmod.com\/?s={search_term_string}"},"query-input":{"@type":"PropertyValueSpecification","valueRequired":true,"valueName":"search_term_string"}}],"inLanguage":"en-GB"},{"@type":["Person","Organization"],"@id":"https:\/\/wellbeingeletmod.com\/#\/schema\/person\/5922e136ec70ee3c2d22fac7ab1ac917","name":"Erika Borb\u00e9ly","image":{"@type":"ImageObject","inLanguage":"en-GB","@id":"https:\/\/wellbeingeletmod.com\/wp-content\/uploads\/2025\/07\/wb-png-logo.png","url":"https:\/\/wellbeingeletmod.com\/wp-content\/uploads\/2025\/07\/wb-png-logo.png","contentUrl":"https:\/\/wellbeingeletmod.com\/wp-content\/uploads\/2025\/07\/wb-png-logo.png","width":350,"height":120,"caption":"Borb\u00e9ly Erika"},"logo":{"@id":"https:\/\/wellbeingeletmod.com\/wp-content\/uploads\/2025\/07\/wb-png-logo.png"},"sameAs":["https:\/\/wellbeingeletmod.com"]}]}},"_links":{"self":[{"href":"https:\/\/wellbeingeletmod.com\/en\/wp-json\/wp\/v2\/product\/2674","targetHints":{"allow":["GET"]}}],"collection":[{"href":"https:\/\/wellbeingeletmod.com\/en\/wp-json\/wp\/v2\/product"}],"about":[{"href":"https:\/\/wellbeingeletmod.com\/en\/wp-json\/wp\/v2\/types\/product"}],"version-history":[{"count":0,"href":"https:\/\/wellbeingeletmod.com\/en\/wp-json\/wp\/v2\/product\/2674\/revisions"}],"wp:featuredmedia":[{"embeddable":true,"href":"https:\/\/wellbeingeletmod.com\/en\/wp-json\/wp\/v2\/media\/2677"}],"wp:attachment":[{"href":"https:\/\/wellbeingeletmod.com\/en\/wp-json\/wp\/v2\/media?parent=2674"}],"wp:term":[{"taxonomy":"product_brand","embeddable":true,"href":"https:\/\/wellbeingeletmod.com\/en\/wp-json\/wp\/v2\/product_brand?post=2674"},{"taxonomy":"product_cat","embeddable":true,"href":"https:\/\/wellbeingeletmod.com\/en\/wp-json\/wp\/v2\/product_cat?post=2674"},{"taxonomy":"product_tag","embeddable":true,"href":"https:\/\/wellbeingeletmod.com\/en\/wp-json\/wp\/v2\/product_tag?post=2674"}],"curies":[{"name":"wp","href":"https:\/\/api.w.org\/{rel}","templated":true}]}}