{"id":2681,"date":"2025-08-16T13:27:49","date_gmt":"2025-08-16T11:27:49","guid":{"rendered":"https:\/\/wellbeingeletmod.com\/?post_type=product&#038;p=2681"},"modified":"2026-02-17T15:18:04","modified_gmt":"2026-02-17T14:18:04","slug":"flavon-kids","status":"publish","type":"product","link":"https:\/\/wellbeingeletmod.com\/en\/termek\/flavon-kids\/","title":{"rendered":"Flavon Kids"},"content":{"rendered":"<h4>\ud83c\udf1f We recommend Flavon Kids:<\/h4>\n<ul>\n<li>for children, expectant, and nursing mothers<\/li>\n<li>if your child isn\u2019t consuming enough fruits<\/li>\n<li>because it contains nutrients essential for a developing body<\/li>\n<li>because we\u2019ve added extra vitamins to enhance its effectiveness<\/li>\n<li>mert a gyu\u0308mo\u0308lcso\u0308k hato\u0301anyagainak jelento\u030bs re\u0301sze\u0301t biztosi\u0301tja\n<div class=\"section\">\n<div class=\"layoutArea\"><\/div>\n<\/div>\n<\/li>\n<\/ul>\n<p><b>Recommended daily intake<\/b>: for children aged 4 and above, consume one teaspoon daily (approx. 6 g \u2013 4.5 ml) after a meal.<\/p>\n<h4><strong>\ud83e\udd57 Ingredients:<\/strong><\/h4>\n<p>The fruits used were selected based on the latest scientific research. The concentrate contains a vitamin blend specially developed for children, including <strong>B1-, B2-, B3-, B5-, B6-, B12-, C- and H vitamins<\/strong>, and <strong>folic acid<\/strong> \u2014 particularly important for expectant and nursing mothers. Only natural ingredients are used during production.<\/p>\n<h4>\u26a0\ufe0f Important:<\/h4>\n<p>A dietary supplement is not a substitute for a mixed diet and a healthy lifestyle!<br \/>\nConsumers should not exceed the recommended daily intake!<br \/>\nThe product must be kept out of the reach of small children!<br \/>\nContains no preservatives!<\/p>","protected":false},"excerpt":{"rendered":"<p><strong><em>For the endless smiles of children<\/em><\/strong><\/p>\n<p>We all need vegetables, fruits, and naturally derived antioxidants to maintain a balanced and varied diet. This is especially true for children, as well as expectant and nursing mothers. Flavon Kids was created with them in mind.<\/p>","protected":false},"featured_media":2685,"template":"","meta":[],"product_brand":[59],"product_cat":[55,57],"product_tag":[],"class_list":{"0":"post-2681","1":"product","2":"type-product","3":"status-publish","4":"has-post-thumbnail","6":"product_brand-flavon","7":"product_cat-flavon","8":"product_cat-flavon-basic","10":"first","11":"instock","12":"shipping-taxable","13":"purchasable","14":"product-type-variable"},"yoast_head":"<!-- This site is optimized with the Yoast SEO plugin v27.5 - https:\/\/yoast.com\/product\/yoast-seo-wordpress\/ -->\n<title>Flavon Kids - Wellbeing \u00c9letm\u00f3d Program<\/title>\n<meta name=\"description\" content=\"Z\u00f6lds\u00e9gekre \u00e9s gy\u00fcm\u00f6lcs\u00f6kre, term\u00e9szetes eredet\u0171 antioxid\u00e1nsokra mindannyiunknak sz\u00fcks\u00e9ge van a kiegyens\u00falyozott \u00e9s v\u00e1ltozatos \u00e9trend megteremt\u00e9s\u00e9hez.\" \/>\n<meta name=\"robots\" content=\"index, follow, max-snippet:-1, max-image-preview:large, max-video-preview:-1\" \/>\n<link rel=\"canonical\" href=\"https:\/\/wellbeingeletmod.com\/en\/product\/flavon-kids\/\" \/>\n<meta property=\"og:locale\" content=\"en_GB\" \/>\n<meta property=\"og:type\" content=\"article\" \/>\n<meta property=\"og:title\" content=\"Flavon Kids - Wellbeing \u00c9letm\u00f3d Program\" \/>\n<meta property=\"og:description\" content=\"Z\u00f6lds\u00e9gekre \u00e9s gy\u00fcm\u00f6lcs\u00f6kre, term\u00e9szetes eredet\u0171 antioxid\u00e1nsokra mindannyiunknak sz\u00fcks\u00e9ge van a kiegyens\u00falyozott \u00e9s v\u00e1ltozatos \u00e9trend megteremt\u00e9s\u00e9hez.\" \/>\n<meta property=\"og:url\" content=\"https:\/\/wellbeingeletmod.com\/en\/product\/flavon-kids\/\" \/>\n<meta property=\"og:site_name\" content=\"Wellbeing \u00c9letm\u00f3d Program\" \/>\n<meta property=\"article:modified_time\" content=\"2026-02-17T14:18:04+00:00\" \/>\n<meta property=\"og:image\" content=\"https:\/\/wellbeingeletmod.com\/wp-content\/uploads\/2025\/08\/flavon-kids.png\" \/>\n\t<meta property=\"og:image:width\" content=\"1000\" \/>\n\t<meta property=\"og:image:height\" content=\"1000\" \/>\n\t<meta property=\"og:image:type\" content=\"image\/png\" \/>\n<meta name=\"twitter:card\" content=\"summary_large_image\" \/>\n<meta name=\"twitter:label1\" content=\"Estimated reading time\" \/>\n\t<meta name=\"twitter:data1\" content=\"1 minute\" \/>\n<script type=\"application\/ld+json\" class=\"yoast-schema-graph\">{\"@context\":\"https:\\\/\\\/schema.org\",\"@graph\":[{\"@type\":\"WebPage\",\"@id\":\"https:\\\/\\\/wellbeingeletmod.com\\\/termek\\\/flavon-kids\\\/\",\"url\":\"https:\\\/\\\/wellbeingeletmod.com\\\/termek\\\/flavon-kids\\\/\",\"name\":\"Flavon Kids - Wellbeing \u00c9letm\u00f3d Program\",\"isPartOf\":{\"@id\":\"https:\\\/\\\/wellbeingeletmod.com\\\/#website\"},\"primaryImageOfPage\":{\"@id\":\"https:\\\/\\\/wellbeingeletmod.com\\\/termek\\\/flavon-kids\\\/#primaryimage\"},\"image\":{\"@id\":\"https:\\\/\\\/wellbeingeletmod.com\\\/termek\\\/flavon-kids\\\/#primaryimage\"},\"thumbnailUrl\":\"https:\\\/\\\/wellbeingeletmod.com\\\/wp-content\\\/uploads\\\/2025\\\/08\\\/flavon-kids.png\",\"datePublished\":\"2025-08-16T11:27:49+00:00\",\"dateModified\":\"2026-02-17T14:18:04+00:00\",\"description\":\"Z\u00f6lds\u00e9gekre \u00e9s gy\u00fcm\u00f6lcs\u00f6kre, term\u00e9szetes eredet\u0171 antioxid\u00e1nsokra mindannyiunknak sz\u00fcks\u00e9ge van a kiegyens\u00falyozott \u00e9s v\u00e1ltozatos \u00e9trend megteremt\u00e9s\u00e9hez.\",\"breadcrumb\":{\"@id\":\"https:\\\/\\\/wellbeingeletmod.com\\\/termek\\\/flavon-kids\\\/#breadcrumb\"},\"inLanguage\":\"en-GB\",\"potentialAction\":[{\"@type\":\"ReadAction\",\"target\":[\"https:\\\/\\\/wellbeingeletmod.com\\\/termek\\\/flavon-kids\\\/\"]}]},{\"@type\":\"ImageObject\",\"inLanguage\":\"en-GB\",\"@id\":\"https:\\\/\\\/wellbeingeletmod.com\\\/termek\\\/flavon-kids\\\/#primaryimage\",\"url\":\"https:\\\/\\\/wellbeingeletmod.com\\\/wp-content\\\/uploads\\\/2025\\\/08\\\/flavon-kids.png\",\"contentUrl\":\"https:\\\/\\\/wellbeingeletmod.com\\\/wp-content\\\/uploads\\\/2025\\\/08\\\/flavon-kids.png\",\"width\":1000,\"height\":1000,\"caption\":\"Flavon Kids\"},{\"@type\":\"BreadcrumbList\",\"@id\":\"https:\\\/\\\/wellbeingeletmod.com\\\/termek\\\/flavon-kids\\\/#breadcrumb\",\"itemListElement\":[{\"@type\":\"ListItem\",\"position\":1,\"name\":\"Kezd\u0151lap\",\"item\":\"https:\\\/\\\/wellbeingeletmod.com\\\/\"},{\"@type\":\"ListItem\",\"position\":2,\"name\":\"Term\u00e9kek\",\"item\":\"https:\\\/\\\/wellbeingeletmod.com\\\/termekek\\\/\"},{\"@type\":\"ListItem\",\"position\":3,\"name\":\"Flavon Kids\"}]},{\"@type\":\"WebSite\",\"@id\":\"https:\\\/\\\/wellbeingeletmod.com\\\/#website\",\"url\":\"https:\\\/\\\/wellbeingeletmod.com\\\/\",\"name\":\"Wellbeing \u00c9letm\u00f3d Program\",\"description\":\"\u00c9letm\u00f3d amely bel\u00fclr\u0151l \u00e9p\u00edt\",\"publisher\":{\"@id\":\"https:\\\/\\\/wellbeingeletmod.com\\\/#\\\/schema\\\/person\\\/5922e136ec70ee3c2d22fac7ab1ac917\"},\"potentialAction\":[{\"@type\":\"SearchAction\",\"target\":{\"@type\":\"EntryPoint\",\"urlTemplate\":\"https:\\\/\\\/wellbeingeletmod.com\\\/?s={search_term_string}\"},\"query-input\":{\"@type\":\"PropertyValueSpecification\",\"valueRequired\":true,\"valueName\":\"search_term_string\"}}],\"inLanguage\":\"en-GB\"},{\"@type\":[\"Person\",\"Organization\"],\"@id\":\"https:\\\/\\\/wellbeingeletmod.com\\\/#\\\/schema\\\/person\\\/5922e136ec70ee3c2d22fac7ab1ac917\",\"name\":\"Borb\u00e9ly Erika\",\"image\":{\"@type\":\"ImageObject\",\"inLanguage\":\"en-GB\",\"@id\":\"https:\\\/\\\/wellbeingeletmod.com\\\/wp-content\\\/uploads\\\/2025\\\/07\\\/wb-png-logo.png\",\"url\":\"https:\\\/\\\/wellbeingeletmod.com\\\/wp-content\\\/uploads\\\/2025\\\/07\\\/wb-png-logo.png\",\"contentUrl\":\"https:\\\/\\\/wellbeingeletmod.com\\\/wp-content\\\/uploads\\\/2025\\\/07\\\/wb-png-logo.png\",\"width\":350,\"height\":120,\"caption\":\"Borb\u00e9ly Erika\"},\"logo\":{\"@id\":\"https:\\\/\\\/wellbeingeletmod.com\\\/wp-content\\\/uploads\\\/2025\\\/07\\\/wb-png-logo.png\"},\"sameAs\":[\"https:\\\/\\\/wellbeingeletmod.com\"]}]}<\/script>\n<!-- \/ Yoast SEO plugin. -->","yoast_head_json":{"title":"Flavon Kids - Wellbeing \u00c9letm\u00f3d Program","description":"Z\u00f6lds\u00e9gekre \u00e9s gy\u00fcm\u00f6lcs\u00f6kre, term\u00e9szetes eredet\u0171 antioxid\u00e1nsokra mindannyiunknak sz\u00fcks\u00e9ge van a kiegyens\u00falyozott \u00e9s v\u00e1ltozatos \u00e9trend megteremt\u00e9s\u00e9hez.","robots":{"index":"index","follow":"follow","max-snippet":"max-snippet:-1","max-image-preview":"max-image-preview:large","max-video-preview":"max-video-preview:-1"},"canonical":"https:\/\/wellbeingeletmod.com\/en\/product\/flavon-kids\/","og_locale":"en_GB","og_type":"article","og_title":"Flavon Kids - Wellbeing \u00c9letm\u00f3d Program","og_description":"Z\u00f6lds\u00e9gekre \u00e9s gy\u00fcm\u00f6lcs\u00f6kre, term\u00e9szetes eredet\u0171 antioxid\u00e1nsokra mindannyiunknak sz\u00fcks\u00e9ge van a kiegyens\u00falyozott \u00e9s v\u00e1ltozatos \u00e9trend megteremt\u00e9s\u00e9hez.","og_url":"https:\/\/wellbeingeletmod.com\/en\/product\/flavon-kids\/","og_site_name":"Wellbeing \u00c9letm\u00f3d Program","article_modified_time":"2026-02-17T14:18:04+00:00","og_image":[{"width":1000,"height":1000,"url":"https:\/\/wellbeingeletmod.com\/wp-content\/uploads\/2025\/08\/flavon-kids.png","type":"image\/png"}],"twitter_card":"summary_large_image","twitter_misc":{"Estimated reading time":"1 minute"},"schema":{"@context":"https:\/\/schema.org","@graph":[{"@type":"WebPage","@id":"https:\/\/wellbeingeletmod.com\/termek\/flavon-kids\/","url":"https:\/\/wellbeingeletmod.com\/termek\/flavon-kids\/","name":"Flavon Kids - Wellbeing \u00c9letm\u00f3d Program","isPartOf":{"@id":"https:\/\/wellbeingeletmod.com\/#website"},"primaryImageOfPage":{"@id":"https:\/\/wellbeingeletmod.com\/termek\/flavon-kids\/#primaryimage"},"image":{"@id":"https:\/\/wellbeingeletmod.com\/termek\/flavon-kids\/#primaryimage"},"thumbnailUrl":"https:\/\/wellbeingeletmod.com\/wp-content\/uploads\/2025\/08\/flavon-kids.png","datePublished":"2025-08-16T11:27:49+00:00","dateModified":"2026-02-17T14:18:04+00:00","description":"Z\u00f6lds\u00e9gekre \u00e9s gy\u00fcm\u00f6lcs\u00f6kre, term\u00e9szetes eredet\u0171 antioxid\u00e1nsokra mindannyiunknak sz\u00fcks\u00e9ge van a kiegyens\u00falyozott \u00e9s v\u00e1ltozatos \u00e9trend megteremt\u00e9s\u00e9hez.","breadcrumb":{"@id":"https:\/\/wellbeingeletmod.com\/termek\/flavon-kids\/#breadcrumb"},"inLanguage":"en-GB","potentialAction":[{"@type":"ReadAction","target":["https:\/\/wellbeingeletmod.com\/termek\/flavon-kids\/"]}]},{"@type":"ImageObject","inLanguage":"en-GB","@id":"https:\/\/wellbeingeletmod.com\/termek\/flavon-kids\/#primaryimage","url":"https:\/\/wellbeingeletmod.com\/wp-content\/uploads\/2025\/08\/flavon-kids.png","contentUrl":"https:\/\/wellbeingeletmod.com\/wp-content\/uploads\/2025\/08\/flavon-kids.png","width":1000,"height":1000,"caption":"Flavon Kids"},{"@type":"BreadcrumbList","@id":"https:\/\/wellbeingeletmod.com\/termek\/flavon-kids\/#breadcrumb","itemListElement":[{"@type":"ListItem","position":1,"name":"Kezd\u0151lap","item":"https:\/\/wellbeingeletmod.com\/"},{"@type":"ListItem","position":2,"name":"Term\u00e9kek","item":"https:\/\/wellbeingeletmod.com\/termekek\/"},{"@type":"ListItem","position":3,"name":"Flavon Kids"}]},{"@type":"WebSite","@id":"https:\/\/wellbeingeletmod.com\/#website","url":"https:\/\/wellbeingeletmod.com\/","name":"Wellbeing Lifestyle Programme","description":"\u00c9letm\u00f3d amely bel\u00fclr\u0151l \u00e9p\u00edt","publisher":{"@id":"https:\/\/wellbeingeletmod.com\/#\/schema\/person\/5922e136ec70ee3c2d22fac7ab1ac917"},"potentialAction":[{"@type":"SearchAction","target":{"@type":"EntryPoint","urlTemplate":"https:\/\/wellbeingeletmod.com\/?s={search_term_string}"},"query-input":{"@type":"PropertyValueSpecification","valueRequired":true,"valueName":"search_term_string"}}],"inLanguage":"en-GB"},{"@type":["Person","Organization"],"@id":"https:\/\/wellbeingeletmod.com\/#\/schema\/person\/5922e136ec70ee3c2d22fac7ab1ac917","name":"Erika Borb\u00e9ly","image":{"@type":"ImageObject","inLanguage":"en-GB","@id":"https:\/\/wellbeingeletmod.com\/wp-content\/uploads\/2025\/07\/wb-png-logo.png","url":"https:\/\/wellbeingeletmod.com\/wp-content\/uploads\/2025\/07\/wb-png-logo.png","contentUrl":"https:\/\/wellbeingeletmod.com\/wp-content\/uploads\/2025\/07\/wb-png-logo.png","width":350,"height":120,"caption":"Borb\u00e9ly Erika"},"logo":{"@id":"https:\/\/wellbeingeletmod.com\/wp-content\/uploads\/2025\/07\/wb-png-logo.png"},"sameAs":["https:\/\/wellbeingeletmod.com"]}]}},"_links":{"self":[{"href":"https:\/\/wellbeingeletmod.com\/en\/wp-json\/wp\/v2\/product\/2681","targetHints":{"allow":["GET"]}}],"collection":[{"href":"https:\/\/wellbeingeletmod.com\/en\/wp-json\/wp\/v2\/product"}],"about":[{"href":"https:\/\/wellbeingeletmod.com\/en\/wp-json\/wp\/v2\/types\/product"}],"version-history":[{"count":0,"href":"https:\/\/wellbeingeletmod.com\/en\/wp-json\/wp\/v2\/product\/2681\/revisions"}],"wp:featuredmedia":[{"embeddable":true,"href":"https:\/\/wellbeingeletmod.com\/en\/wp-json\/wp\/v2\/media\/2685"}],"wp:attachment":[{"href":"https:\/\/wellbeingeletmod.com\/en\/wp-json\/wp\/v2\/media?parent=2681"}],"wp:term":[{"taxonomy":"product_brand","embeddable":true,"href":"https:\/\/wellbeingeletmod.com\/en\/wp-json\/wp\/v2\/product_brand?post=2681"},{"taxonomy":"product_cat","embeddable":true,"href":"https:\/\/wellbeingeletmod.com\/en\/wp-json\/wp\/v2\/product_cat?post=2681"},{"taxonomy":"product_tag","embeddable":true,"href":"https:\/\/wellbeingeletmod.com\/en\/wp-json\/wp\/v2\/product_tag?post=2681"}],"curies":[{"name":"wp","href":"https:\/\/api.w.org\/{rel}","templated":true}]}}