{"id":2689,"date":"2025-08-16T13:43:54","date_gmt":"2025-08-16T11:43:54","guid":{"rendered":"https:\/\/wellbeingeletmod.com\/?post_type=product&#038;p=2689"},"modified":"2026-02-17T15:17:22","modified_gmt":"2026-02-17T14:17:22","slug":"flavon-green","status":"publish","type":"product","link":"https:\/\/wellbeingeletmod.com\/en\/termek\/flavon-green\/","title":{"rendered":"Flavon Green"},"content":{"rendered":"<h4>\ud83c\udf1f Flavon Green is recommended for consumption:<\/h4>\n<ul>\n<li>for adults seeking high-quality vegetable supplementation<\/li>\n<li>for those curious about the complex effects of carefully selected vegetables<\/li>\n<li>for those for whom it is important to intake active ingredients from a pure source<\/li>\n<li>if you want to consume vegetables in a completely new form<\/li>\n<li>for those who enjoy bold flavors\n<div class=\"page\" title=\"Page 1\">\n<div class=\"section\">\n<div class=\"layoutArea\"><\/div>\n<\/div>\n<\/div>\n<\/li>\n<\/ul>\n<p><b>Recommended daily intake<\/b>: one teaspoon daily (approx. 6 g \u2013 4.5 ml) after a meal.<\/p>\n<h4><strong>\ud83e\udd57 Ingredients:<\/strong><\/h4>\n<p>Flavon Green delivers the benefits of healthy vegetables such as broccoli, celery, carrot, and spinach in a concentrated, easy-to-consume gel form. For an even more complex and complete effect, the product also includes the popular wheatgrass; the versatile modern superfood, spirulina algae; green tea, known for its excellent antioxidant properties; and garlic, valued for centuries. Due to their numerous positive effects, sea buckthorn, parsley, and grapefruit are also included in the product.<\/p>\n<h4>\u26a0\ufe0f Important:<\/h4>\n<p>A dietary supplement is not a substitute for a mixed diet and a healthy lifestyle!<br \/>\nConsumers should not exceed the recommended daily intake!<br \/>\nThe product must be kept out of the reach of small children!<br \/>\nContains no preservatives!<\/p>","protected":false},"excerpt":{"rendered":"<p><em><strong>With the power of vegetables<\/strong><\/em><\/p>\n<p>Regular vegetable consumption is a key and essential element of healthy nutrition. Vegetables provide our body with essential and specialized nutrients, dietary fiber, and vitamins, positively affecting overall health. Flavon Green offers a revolutionary new way to consume vegetables, completely transforming previous habits!<\/p>","protected":false},"featured_media":2693,"template":"","meta":[],"product_brand":[59],"product_cat":[55,57],"product_tag":[],"class_list":{"0":"post-2689","1":"product","2":"type-product","3":"status-publish","4":"has-post-thumbnail","6":"product_brand-flavon","7":"product_cat-flavon","8":"product_cat-flavon-basic","10":"first","11":"instock","12":"shipping-taxable","13":"purchasable","14":"product-type-variable"},"yoast_head":"<!-- This site is optimized with the Yoast SEO plugin v27.5 - https:\/\/yoast.com\/product\/yoast-seo-wordpress\/ -->\n<title>Flavon Green - Wellbeing \u00c9letm\u00f3d Program<\/title>\n<meta name=\"description\" content=\"A Flavon Green olyan \u00faj, forradalmi m\u00f3dj\u00e1t teremti meg a z\u00f6lds\u00e9gfogyaszt\u00e1snak, amely teljess\u00e9ggel \u00e1talak\u00edtja az eddigi szok\u00e1sokat!\" \/>\n<meta name=\"robots\" content=\"index, follow, max-snippet:-1, max-image-preview:large, max-video-preview:-1\" \/>\n<link rel=\"canonical\" href=\"https:\/\/wellbeingeletmod.com\/en\/product\/flavon-green\/\" \/>\n<meta property=\"og:locale\" content=\"en_GB\" \/>\n<meta property=\"og:type\" content=\"article\" \/>\n<meta property=\"og:title\" content=\"Flavon Green - Wellbeing \u00c9letm\u00f3d Program\" \/>\n<meta property=\"og:description\" content=\"A Flavon Green olyan \u00faj, forradalmi m\u00f3dj\u00e1t teremti meg a z\u00f6lds\u00e9gfogyaszt\u00e1snak, amely teljess\u00e9ggel \u00e1talak\u00edtja az eddigi szok\u00e1sokat!\" \/>\n<meta property=\"og:url\" content=\"https:\/\/wellbeingeletmod.com\/en\/product\/flavon-green\/\" \/>\n<meta property=\"og:site_name\" content=\"Wellbeing \u00c9letm\u00f3d Program\" \/>\n<meta property=\"article:modified_time\" content=\"2026-02-17T14:17:22+00:00\" \/>\n<meta property=\"og:image\" content=\"https:\/\/wellbeingeletmod.com\/wp-content\/uploads\/2025\/08\/flavon-green.png\" \/>\n\t<meta property=\"og:image:width\" content=\"1000\" \/>\n\t<meta property=\"og:image:height\" content=\"1000\" \/>\n\t<meta property=\"og:image:type\" content=\"image\/png\" \/>\n<meta name=\"twitter:card\" content=\"summary_large_image\" \/>\n<meta name=\"twitter:label1\" content=\"Estimated reading time\" \/>\n\t<meta name=\"twitter:data1\" content=\"2 minutes\" \/>\n<script type=\"application\/ld+json\" class=\"yoast-schema-graph\">{\"@context\":\"https:\\\/\\\/schema.org\",\"@graph\":[{\"@type\":\"WebPage\",\"@id\":\"https:\\\/\\\/wellbeingeletmod.com\\\/termek\\\/flavon-green\\\/\",\"url\":\"https:\\\/\\\/wellbeingeletmod.com\\\/termek\\\/flavon-green\\\/\",\"name\":\"Flavon Green - Wellbeing \u00c9letm\u00f3d Program\",\"isPartOf\":{\"@id\":\"https:\\\/\\\/wellbeingeletmod.com\\\/#website\"},\"primaryImageOfPage\":{\"@id\":\"https:\\\/\\\/wellbeingeletmod.com\\\/termek\\\/flavon-green\\\/#primaryimage\"},\"image\":{\"@id\":\"https:\\\/\\\/wellbeingeletmod.com\\\/termek\\\/flavon-green\\\/#primaryimage\"},\"thumbnailUrl\":\"https:\\\/\\\/wellbeingeletmod.com\\\/wp-content\\\/uploads\\\/2025\\\/08\\\/flavon-green.png\",\"datePublished\":\"2025-08-16T11:43:54+00:00\",\"dateModified\":\"2026-02-17T14:17:22+00:00\",\"description\":\"A Flavon Green olyan \u00faj, forradalmi m\u00f3dj\u00e1t teremti meg a z\u00f6lds\u00e9gfogyaszt\u00e1snak, amely teljess\u00e9ggel \u00e1talak\u00edtja az eddigi szok\u00e1sokat!\",\"breadcrumb\":{\"@id\":\"https:\\\/\\\/wellbeingeletmod.com\\\/termek\\\/flavon-green\\\/#breadcrumb\"},\"inLanguage\":\"en-GB\",\"potentialAction\":[{\"@type\":\"ReadAction\",\"target\":[\"https:\\\/\\\/wellbeingeletmod.com\\\/termek\\\/flavon-green\\\/\"]}]},{\"@type\":\"ImageObject\",\"inLanguage\":\"en-GB\",\"@id\":\"https:\\\/\\\/wellbeingeletmod.com\\\/termek\\\/flavon-green\\\/#primaryimage\",\"url\":\"https:\\\/\\\/wellbeingeletmod.com\\\/wp-content\\\/uploads\\\/2025\\\/08\\\/flavon-green.png\",\"contentUrl\":\"https:\\\/\\\/wellbeingeletmod.com\\\/wp-content\\\/uploads\\\/2025\\\/08\\\/flavon-green.png\",\"width\":1000,\"height\":1000,\"caption\":\"Flavon Green\"},{\"@type\":\"BreadcrumbList\",\"@id\":\"https:\\\/\\\/wellbeingeletmod.com\\\/termek\\\/flavon-green\\\/#breadcrumb\",\"itemListElement\":[{\"@type\":\"ListItem\",\"position\":1,\"name\":\"Kezd\u0151lap\",\"item\":\"https:\\\/\\\/wellbeingeletmod.com\\\/\"},{\"@type\":\"ListItem\",\"position\":2,\"name\":\"Term\u00e9kek\",\"item\":\"https:\\\/\\\/wellbeingeletmod.com\\\/termekek\\\/\"},{\"@type\":\"ListItem\",\"position\":3,\"name\":\"Flavon Green\"}]},{\"@type\":\"WebSite\",\"@id\":\"https:\\\/\\\/wellbeingeletmod.com\\\/#website\",\"url\":\"https:\\\/\\\/wellbeingeletmod.com\\\/\",\"name\":\"Wellbeing \u00c9letm\u00f3d Program\",\"description\":\"\u00c9letm\u00f3d amely bel\u00fclr\u0151l \u00e9p\u00edt\",\"publisher\":{\"@id\":\"https:\\\/\\\/wellbeingeletmod.com\\\/#\\\/schema\\\/person\\\/5922e136ec70ee3c2d22fac7ab1ac917\"},\"potentialAction\":[{\"@type\":\"SearchAction\",\"target\":{\"@type\":\"EntryPoint\",\"urlTemplate\":\"https:\\\/\\\/wellbeingeletmod.com\\\/?s={search_term_string}\"},\"query-input\":{\"@type\":\"PropertyValueSpecification\",\"valueRequired\":true,\"valueName\":\"search_term_string\"}}],\"inLanguage\":\"en-GB\"},{\"@type\":[\"Person\",\"Organization\"],\"@id\":\"https:\\\/\\\/wellbeingeletmod.com\\\/#\\\/schema\\\/person\\\/5922e136ec70ee3c2d22fac7ab1ac917\",\"name\":\"Borb\u00e9ly Erika\",\"image\":{\"@type\":\"ImageObject\",\"inLanguage\":\"en-GB\",\"@id\":\"https:\\\/\\\/wellbeingeletmod.com\\\/wp-content\\\/uploads\\\/2025\\\/07\\\/wb-png-logo.png\",\"url\":\"https:\\\/\\\/wellbeingeletmod.com\\\/wp-content\\\/uploads\\\/2025\\\/07\\\/wb-png-logo.png\",\"contentUrl\":\"https:\\\/\\\/wellbeingeletmod.com\\\/wp-content\\\/uploads\\\/2025\\\/07\\\/wb-png-logo.png\",\"width\":350,\"height\":120,\"caption\":\"Borb\u00e9ly Erika\"},\"logo\":{\"@id\":\"https:\\\/\\\/wellbeingeletmod.com\\\/wp-content\\\/uploads\\\/2025\\\/07\\\/wb-png-logo.png\"},\"sameAs\":[\"https:\\\/\\\/wellbeingeletmod.com\"]}]}<\/script>\n<!-- \/ Yoast SEO plugin. -->","yoast_head_json":{"title":"Flavon Green - Wellbeing \u00c9letm\u00f3d Program","description":"A Flavon Green olyan \u00faj, forradalmi m\u00f3dj\u00e1t teremti meg a z\u00f6lds\u00e9gfogyaszt\u00e1snak, amely teljess\u00e9ggel \u00e1talak\u00edtja az eddigi szok\u00e1sokat!","robots":{"index":"index","follow":"follow","max-snippet":"max-snippet:-1","max-image-preview":"max-image-preview:large","max-video-preview":"max-video-preview:-1"},"canonical":"https:\/\/wellbeingeletmod.com\/en\/product\/flavon-green\/","og_locale":"en_GB","og_type":"article","og_title":"Flavon Green - Wellbeing \u00c9letm\u00f3d Program","og_description":"A Flavon Green olyan \u00faj, forradalmi m\u00f3dj\u00e1t teremti meg a z\u00f6lds\u00e9gfogyaszt\u00e1snak, amely teljess\u00e9ggel \u00e1talak\u00edtja az eddigi szok\u00e1sokat!","og_url":"https:\/\/wellbeingeletmod.com\/en\/product\/flavon-green\/","og_site_name":"Wellbeing \u00c9letm\u00f3d Program","article_modified_time":"2026-02-17T14:17:22+00:00","og_image":[{"width":1000,"height":1000,"url":"https:\/\/wellbeingeletmod.com\/wp-content\/uploads\/2025\/08\/flavon-green.png","type":"image\/png"}],"twitter_card":"summary_large_image","twitter_misc":{"Estimated reading time":"2 minutes"},"schema":{"@context":"https:\/\/schema.org","@graph":[{"@type":"WebPage","@id":"https:\/\/wellbeingeletmod.com\/termek\/flavon-green\/","url":"https:\/\/wellbeingeletmod.com\/termek\/flavon-green\/","name":"Flavon Green - Wellbeing \u00c9letm\u00f3d Program","isPartOf":{"@id":"https:\/\/wellbeingeletmod.com\/#website"},"primaryImageOfPage":{"@id":"https:\/\/wellbeingeletmod.com\/termek\/flavon-green\/#primaryimage"},"image":{"@id":"https:\/\/wellbeingeletmod.com\/termek\/flavon-green\/#primaryimage"},"thumbnailUrl":"https:\/\/wellbeingeletmod.com\/wp-content\/uploads\/2025\/08\/flavon-green.png","datePublished":"2025-08-16T11:43:54+00:00","dateModified":"2026-02-17T14:17:22+00:00","description":"A Flavon Green olyan \u00faj, forradalmi m\u00f3dj\u00e1t teremti meg a z\u00f6lds\u00e9gfogyaszt\u00e1snak, amely teljess\u00e9ggel \u00e1talak\u00edtja az eddigi szok\u00e1sokat!","breadcrumb":{"@id":"https:\/\/wellbeingeletmod.com\/termek\/flavon-green\/#breadcrumb"},"inLanguage":"en-GB","potentialAction":[{"@type":"ReadAction","target":["https:\/\/wellbeingeletmod.com\/termek\/flavon-green\/"]}]},{"@type":"ImageObject","inLanguage":"en-GB","@id":"https:\/\/wellbeingeletmod.com\/termek\/flavon-green\/#primaryimage","url":"https:\/\/wellbeingeletmod.com\/wp-content\/uploads\/2025\/08\/flavon-green.png","contentUrl":"https:\/\/wellbeingeletmod.com\/wp-content\/uploads\/2025\/08\/flavon-green.png","width":1000,"height":1000,"caption":"Flavon Green"},{"@type":"BreadcrumbList","@id":"https:\/\/wellbeingeletmod.com\/termek\/flavon-green\/#breadcrumb","itemListElement":[{"@type":"ListItem","position":1,"name":"Kezd\u0151lap","item":"https:\/\/wellbeingeletmod.com\/"},{"@type":"ListItem","position":2,"name":"Term\u00e9kek","item":"https:\/\/wellbeingeletmod.com\/termekek\/"},{"@type":"ListItem","position":3,"name":"Flavon Green"}]},{"@type":"WebSite","@id":"https:\/\/wellbeingeletmod.com\/#website","url":"https:\/\/wellbeingeletmod.com\/","name":"Wellbeing Lifestyle Programme","description":"\u00c9letm\u00f3d amely bel\u00fclr\u0151l \u00e9p\u00edt","publisher":{"@id":"https:\/\/wellbeingeletmod.com\/#\/schema\/person\/5922e136ec70ee3c2d22fac7ab1ac917"},"potentialAction":[{"@type":"SearchAction","target":{"@type":"EntryPoint","urlTemplate":"https:\/\/wellbeingeletmod.com\/?s={search_term_string}"},"query-input":{"@type":"PropertyValueSpecification","valueRequired":true,"valueName":"search_term_string"}}],"inLanguage":"en-GB"},{"@type":["Person","Organization"],"@id":"https:\/\/wellbeingeletmod.com\/#\/schema\/person\/5922e136ec70ee3c2d22fac7ab1ac917","name":"Erika Borb\u00e9ly","image":{"@type":"ImageObject","inLanguage":"en-GB","@id":"https:\/\/wellbeingeletmod.com\/wp-content\/uploads\/2025\/07\/wb-png-logo.png","url":"https:\/\/wellbeingeletmod.com\/wp-content\/uploads\/2025\/07\/wb-png-logo.png","contentUrl":"https:\/\/wellbeingeletmod.com\/wp-content\/uploads\/2025\/07\/wb-png-logo.png","width":350,"height":120,"caption":"Borb\u00e9ly Erika"},"logo":{"@id":"https:\/\/wellbeingeletmod.com\/wp-content\/uploads\/2025\/07\/wb-png-logo.png"},"sameAs":["https:\/\/wellbeingeletmod.com"]}]}},"_links":{"self":[{"href":"https:\/\/wellbeingeletmod.com\/en\/wp-json\/wp\/v2\/product\/2689","targetHints":{"allow":["GET"]}}],"collection":[{"href":"https:\/\/wellbeingeletmod.com\/en\/wp-json\/wp\/v2\/product"}],"about":[{"href":"https:\/\/wellbeingeletmod.com\/en\/wp-json\/wp\/v2\/types\/product"}],"version-history":[{"count":0,"href":"https:\/\/wellbeingeletmod.com\/en\/wp-json\/wp\/v2\/product\/2689\/revisions"}],"wp:featuredmedia":[{"embeddable":true,"href":"https:\/\/wellbeingeletmod.com\/en\/wp-json\/wp\/v2\/media\/2693"}],"wp:attachment":[{"href":"https:\/\/wellbeingeletmod.com\/en\/wp-json\/wp\/v2\/media?parent=2689"}],"wp:term":[{"taxonomy":"product_brand","embeddable":true,"href":"https:\/\/wellbeingeletmod.com\/en\/wp-json\/wp\/v2\/product_brand?post=2689"},{"taxonomy":"product_cat","embeddable":true,"href":"https:\/\/wellbeingeletmod.com\/en\/wp-json\/wp\/v2\/product_cat?post=2689"},{"taxonomy":"product_tag","embeddable":true,"href":"https:\/\/wellbeingeletmod.com\/en\/wp-json\/wp\/v2\/product_tag?post=2689"}],"curies":[{"name":"wp","href":"https:\/\/api.w.org\/{rel}","templated":true}]}}