{"id":2718,"date":"2025-08-16T15:33:49","date_gmt":"2025-08-16T13:33:49","guid":{"rendered":"https:\/\/wellbeingeletmod.com\/?post_type=product&#038;p=2718"},"modified":"2026-02-17T15:16:07","modified_gmt":"2026-02-17T14:16:07","slug":"collagen-by-flavon","status":"publish","type":"product","link":"https:\/\/wellbeingeletmod.com\/en\/termek\/collagen-by-flavon\/","title":{"rendered":"Collagen by Flavon"},"content":{"rendered":"<p data-start=\"159\" data-end=\"604\">Collagen in the human body is the <strong data-start=\"195\" data-end=\"241\">most abundant protein<\/strong>, accounts for more than 30% of the total protein in our bodies. <strong data-start=\"312\" data-end=\"366\">An essential skeletal material for the skin and cartilage structure<\/strong>, a key building block, provides support and structure for our bodies. It plays a role in <strong data-start=\"453\" data-end=\"489\">maintaining skin elasticity<\/strong>, a <strong data-start=\"493\" data-end=\"517\">the integrity of cartilage tissue<\/strong>, builds the <strong data-start=\"528\" data-end=\"561\">joints, hair, nails<\/strong>, connecting the bones to the soft parts.<\/p>\n<p data-start=\"606\" data-end=\"767\">Our bodies produce it naturally, but as we age, the <strong data-start=\"676\" data-end=\"707\">a reduction in collagen<\/strong>, and by the age of 50-60, it stops producing almost completely.<\/p>\n<p data-start=\"769\" data-end=\"977\">The <strong data-start=\"771\" data-end=\"849\">Collagen by Flavon is a natural, animal-derived, high quality product<\/strong>, in which the <strong data-start=\"861\" data-end=\"936\">collagen is already present as peptides (hydrolysed collagen)<\/strong>, which is the <strong data-start=\"944\" data-end=\"974\">most useful form<\/strong>.<\/p>\n<p data-start=\"979\" data-end=\"1177\"><strong data-start=\"979\" data-end=\"1003\">Pure protein source<\/strong>, which is essential for our body <strong data-start=\"1051\" data-end=\"1083\">contains 8 of 9 amino acids<\/strong>. The product <strong data-start=\"1094\" data-end=\"1121\">rich in hydroxyproline<\/strong>, and an excellent source of <strong data-start=\"1143\" data-end=\"1171\">glycine and proline<\/strong> is.<\/p>\n<p data-start=\"1179\" data-end=\"1334\">Ideal as a dry powder mix <strong data-start=\"1215\" data-end=\"1274\">for protein fortification of diet foods, drinks and snacks<\/strong>, and <strong data-start=\"1285\" data-end=\"1331\">for nutritional and cosmetic use<\/strong>.<\/p>\n<p><strong>Pure protein, which is<\/strong><\/p>\n<ul>\n<li>is easily digestible,<\/li>\n<li>natural,<\/li>\n<li>free of sugar, fat, cholesterol and carbohydrates,<\/li>\n<li>free from additives and preservatives,<\/li>\n<li>free from artificial colours, flavours and sweeteners,<\/li>\n<li>gluten-free,<\/li>\n<li>GMO-free.<\/li>\n<\/ul>\n<p>&nbsp;<\/p>\n<p><strong>\ud83d\udca7 Consumption:<\/strong><\/p>\n<ul>\n<li>It is recommended to consume 1 tablespoon (10g) of the product daily in the morning or evening for at least 3 months! Thanks to its excellent solubility, the product can be mixed in any liquid and has a natural taste and smell. Do not consume on its own as the powdery substance may cause choking!<\/li>\n<li>After opening, close the packaging of the product with the tamper-evident seal!<\/li>\n<li>Storage: keep the product in a dry, cool place, protected from sunlight and moisture, at room temperature (between 15-25 \u00b0C).<\/li>\n<\/ul>\n<h4><strong>\ud83c\udf3f Ingredients:<\/strong><\/h4>\n<p>100 % Hydrolysed bovine collagen peptides.<\/p>\n<h4>\u26a0\ufe0f Important:<\/h4>\n<p>A dietary supplement is not a substitute for a mixed diet and a healthy lifestyle!<br \/>\nDo not exceed the recommended daily intake!<br \/>\nThe product must be kept out of the reach of small children!<\/p>","protected":false},"excerpt":{"rendered":"<p><em><strong>Youth inside and out<\/strong><\/em><\/p>\n<p>Hydrolyzed Marrow Collagen Peptides dietary supplement powder.<\/p>\n<p>Collagen by Flavon Beef Collagen Peptide is a natural protein product obtained by enzymatic hydrolysis of collagen-rich material derived from beef. It has a neutral odour and taste and is highly soluble.<\/p>","protected":false},"featured_media":2721,"template":"","meta":[],"product_brand":[59],"product_cat":[55,57],"product_tag":[],"class_list":{"0":"post-2718","1":"product","2":"type-product","3":"status-publish","4":"has-post-thumbnail","6":"product_brand-flavon","7":"product_cat-flavon","8":"product_cat-flavon-basic","10":"first","11":"instock","12":"shipping-taxable","13":"purchasable","14":"product-type-variable"},"yoast_head":"<!-- This site is optimized with the Yoast SEO plugin v27.5 - https:\/\/yoast.com\/product\/yoast-seo-wordpress\/ -->\n<title>Collagen by Flavon - Wellbeing \u00c9letm\u00f3d Program<\/title>\n<meta name=\"description\" content=\"A Collagen by Flavon term\u00e9szetes, \u00e1llati eredet\u0171, kiemelked\u0151 min\u0151s\u00e9g\u0171 term\u00e9k, melyben a kollag\u00e9n m\u00e1r eleve peptidek form\u00e1j\u00e1ban van jelen.\" \/>\n<meta name=\"robots\" content=\"index, follow, max-snippet:-1, max-image-preview:large, max-video-preview:-1\" \/>\n<link rel=\"canonical\" href=\"https:\/\/wellbeingeletmod.com\/en\/product\/collagen-by-flavon\/\" \/>\n<meta property=\"og:locale\" content=\"en_GB\" \/>\n<meta property=\"og:type\" content=\"article\" \/>\n<meta property=\"og:title\" content=\"Collagen by Flavon - Wellbeing \u00c9letm\u00f3d Program\" \/>\n<meta property=\"og:description\" content=\"A Collagen by Flavon term\u00e9szetes, \u00e1llati eredet\u0171, kiemelked\u0151 min\u0151s\u00e9g\u0171 term\u00e9k, melyben a kollag\u00e9n m\u00e1r eleve peptidek form\u00e1j\u00e1ban van jelen.\" \/>\n<meta property=\"og:url\" content=\"https:\/\/wellbeingeletmod.com\/en\/product\/collagen-by-flavon\/\" \/>\n<meta property=\"og:site_name\" content=\"Wellbeing \u00c9letm\u00f3d Program\" \/>\n<meta property=\"article:modified_time\" content=\"2026-02-17T14:16:07+00:00\" \/>\n<meta property=\"og:image\" content=\"https:\/\/wellbeingeletmod.com\/wp-content\/uploads\/2025\/08\/collagen-by-flavon.png\" \/>\n\t<meta property=\"og:image:width\" content=\"1000\" \/>\n\t<meta property=\"og:image:height\" content=\"1000\" \/>\n\t<meta property=\"og:image:type\" content=\"image\/png\" \/>\n<meta name=\"twitter:card\" content=\"summary_large_image\" \/>\n<meta name=\"twitter:label1\" content=\"Estimated reading time\" \/>\n\t<meta name=\"twitter:data1\" content=\"2 minutes\" \/>\n<script type=\"application\/ld+json\" class=\"yoast-schema-graph\">{\"@context\":\"https:\\\/\\\/schema.org\",\"@graph\":[{\"@type\":\"WebPage\",\"@id\":\"https:\\\/\\\/wellbeingeletmod.com\\\/termek\\\/collagen-by-flavon\\\/\",\"url\":\"https:\\\/\\\/wellbeingeletmod.com\\\/termek\\\/collagen-by-flavon\\\/\",\"name\":\"Collagen by Flavon - Wellbeing \u00c9letm\u00f3d Program\",\"isPartOf\":{\"@id\":\"https:\\\/\\\/wellbeingeletmod.com\\\/#website\"},\"primaryImageOfPage\":{\"@id\":\"https:\\\/\\\/wellbeingeletmod.com\\\/termek\\\/collagen-by-flavon\\\/#primaryimage\"},\"image\":{\"@id\":\"https:\\\/\\\/wellbeingeletmod.com\\\/termek\\\/collagen-by-flavon\\\/#primaryimage\"},\"thumbnailUrl\":\"https:\\\/\\\/wellbeingeletmod.com\\\/wp-content\\\/uploads\\\/2025\\\/08\\\/collagen-by-flavon.png\",\"datePublished\":\"2025-08-16T13:33:49+00:00\",\"dateModified\":\"2026-02-17T14:16:07+00:00\",\"description\":\"A Collagen by Flavon term\u00e9szetes, \u00e1llati eredet\u0171, kiemelked\u0151 min\u0151s\u00e9g\u0171 term\u00e9k, melyben a kollag\u00e9n m\u00e1r eleve peptidek form\u00e1j\u00e1ban van jelen.\",\"breadcrumb\":{\"@id\":\"https:\\\/\\\/wellbeingeletmod.com\\\/termek\\\/collagen-by-flavon\\\/#breadcrumb\"},\"inLanguage\":\"en-GB\",\"potentialAction\":[{\"@type\":\"ReadAction\",\"target\":[\"https:\\\/\\\/wellbeingeletmod.com\\\/termek\\\/collagen-by-flavon\\\/\"]}]},{\"@type\":\"ImageObject\",\"inLanguage\":\"en-GB\",\"@id\":\"https:\\\/\\\/wellbeingeletmod.com\\\/termek\\\/collagen-by-flavon\\\/#primaryimage\",\"url\":\"https:\\\/\\\/wellbeingeletmod.com\\\/wp-content\\\/uploads\\\/2025\\\/08\\\/collagen-by-flavon.png\",\"contentUrl\":\"https:\\\/\\\/wellbeingeletmod.com\\\/wp-content\\\/uploads\\\/2025\\\/08\\\/collagen-by-flavon.png\",\"width\":1000,\"height\":1000,\"caption\":\"Collagen by Flavon\"},{\"@type\":\"BreadcrumbList\",\"@id\":\"https:\\\/\\\/wellbeingeletmod.com\\\/termek\\\/collagen-by-flavon\\\/#breadcrumb\",\"itemListElement\":[{\"@type\":\"ListItem\",\"position\":1,\"name\":\"Kezd\u0151lap\",\"item\":\"https:\\\/\\\/wellbeingeletmod.com\\\/\"},{\"@type\":\"ListItem\",\"position\":2,\"name\":\"Term\u00e9kek\",\"item\":\"https:\\\/\\\/wellbeingeletmod.com\\\/termekek\\\/\"},{\"@type\":\"ListItem\",\"position\":3,\"name\":\"Collagen by Flavon\"}]},{\"@type\":\"WebSite\",\"@id\":\"https:\\\/\\\/wellbeingeletmod.com\\\/#website\",\"url\":\"https:\\\/\\\/wellbeingeletmod.com\\\/\",\"name\":\"Wellbeing \u00c9letm\u00f3d Program\",\"description\":\"\u00c9letm\u00f3d amely bel\u00fclr\u0151l \u00e9p\u00edt\",\"publisher\":{\"@id\":\"https:\\\/\\\/wellbeingeletmod.com\\\/#\\\/schema\\\/person\\\/5922e136ec70ee3c2d22fac7ab1ac917\"},\"potentialAction\":[{\"@type\":\"SearchAction\",\"target\":{\"@type\":\"EntryPoint\",\"urlTemplate\":\"https:\\\/\\\/wellbeingeletmod.com\\\/?s={search_term_string}\"},\"query-input\":{\"@type\":\"PropertyValueSpecification\",\"valueRequired\":true,\"valueName\":\"search_term_string\"}}],\"inLanguage\":\"en-GB\"},{\"@type\":[\"Person\",\"Organization\"],\"@id\":\"https:\\\/\\\/wellbeingeletmod.com\\\/#\\\/schema\\\/person\\\/5922e136ec70ee3c2d22fac7ab1ac917\",\"name\":\"Borb\u00e9ly Erika\",\"image\":{\"@type\":\"ImageObject\",\"inLanguage\":\"en-GB\",\"@id\":\"https:\\\/\\\/wellbeingeletmod.com\\\/wp-content\\\/uploads\\\/2025\\\/07\\\/wb-png-logo.png\",\"url\":\"https:\\\/\\\/wellbeingeletmod.com\\\/wp-content\\\/uploads\\\/2025\\\/07\\\/wb-png-logo.png\",\"contentUrl\":\"https:\\\/\\\/wellbeingeletmod.com\\\/wp-content\\\/uploads\\\/2025\\\/07\\\/wb-png-logo.png\",\"width\":350,\"height\":120,\"caption\":\"Borb\u00e9ly Erika\"},\"logo\":{\"@id\":\"https:\\\/\\\/wellbeingeletmod.com\\\/wp-content\\\/uploads\\\/2025\\\/07\\\/wb-png-logo.png\"},\"sameAs\":[\"https:\\\/\\\/wellbeingeletmod.com\"]}]}<\/script>\n<!-- \/ Yoast SEO plugin. -->","yoast_head_json":{"title":"Collagen by Flavon - Wellbeing \u00c9letm\u00f3d Program","description":"A Collagen by Flavon term\u00e9szetes, \u00e1llati eredet\u0171, kiemelked\u0151 min\u0151s\u00e9g\u0171 term\u00e9k, melyben a kollag\u00e9n m\u00e1r eleve peptidek form\u00e1j\u00e1ban van jelen.","robots":{"index":"index","follow":"follow","max-snippet":"max-snippet:-1","max-image-preview":"max-image-preview:large","max-video-preview":"max-video-preview:-1"},"canonical":"https:\/\/wellbeingeletmod.com\/en\/product\/collagen-by-flavon\/","og_locale":"en_GB","og_type":"article","og_title":"Collagen by Flavon - Wellbeing \u00c9letm\u00f3d Program","og_description":"A Collagen by Flavon term\u00e9szetes, \u00e1llati eredet\u0171, kiemelked\u0151 min\u0151s\u00e9g\u0171 term\u00e9k, melyben a kollag\u00e9n m\u00e1r eleve peptidek form\u00e1j\u00e1ban van jelen.","og_url":"https:\/\/wellbeingeletmod.com\/en\/product\/collagen-by-flavon\/","og_site_name":"Wellbeing \u00c9letm\u00f3d Program","article_modified_time":"2026-02-17T14:16:07+00:00","og_image":[{"width":1000,"height":1000,"url":"https:\/\/wellbeingeletmod.com\/wp-content\/uploads\/2025\/08\/collagen-by-flavon.png","type":"image\/png"}],"twitter_card":"summary_large_image","twitter_misc":{"Estimated reading time":"2 minutes"},"schema":{"@context":"https:\/\/schema.org","@graph":[{"@type":"WebPage","@id":"https:\/\/wellbeingeletmod.com\/termek\/collagen-by-flavon\/","url":"https:\/\/wellbeingeletmod.com\/termek\/collagen-by-flavon\/","name":"Collagen by Flavon - Wellbeing \u00c9letm\u00f3d Program","isPartOf":{"@id":"https:\/\/wellbeingeletmod.com\/#website"},"primaryImageOfPage":{"@id":"https:\/\/wellbeingeletmod.com\/termek\/collagen-by-flavon\/#primaryimage"},"image":{"@id":"https:\/\/wellbeingeletmod.com\/termek\/collagen-by-flavon\/#primaryimage"},"thumbnailUrl":"https:\/\/wellbeingeletmod.com\/wp-content\/uploads\/2025\/08\/collagen-by-flavon.png","datePublished":"2025-08-16T13:33:49+00:00","dateModified":"2026-02-17T14:16:07+00:00","description":"A Collagen by Flavon term\u00e9szetes, \u00e1llati eredet\u0171, kiemelked\u0151 min\u0151s\u00e9g\u0171 term\u00e9k, melyben a kollag\u00e9n m\u00e1r eleve peptidek form\u00e1j\u00e1ban van jelen.","breadcrumb":{"@id":"https:\/\/wellbeingeletmod.com\/termek\/collagen-by-flavon\/#breadcrumb"},"inLanguage":"en-GB","potentialAction":[{"@type":"ReadAction","target":["https:\/\/wellbeingeletmod.com\/termek\/collagen-by-flavon\/"]}]},{"@type":"ImageObject","inLanguage":"en-GB","@id":"https:\/\/wellbeingeletmod.com\/termek\/collagen-by-flavon\/#primaryimage","url":"https:\/\/wellbeingeletmod.com\/wp-content\/uploads\/2025\/08\/collagen-by-flavon.png","contentUrl":"https:\/\/wellbeingeletmod.com\/wp-content\/uploads\/2025\/08\/collagen-by-flavon.png","width":1000,"height":1000,"caption":"Collagen by Flavon"},{"@type":"BreadcrumbList","@id":"https:\/\/wellbeingeletmod.com\/termek\/collagen-by-flavon\/#breadcrumb","itemListElement":[{"@type":"ListItem","position":1,"name":"Kezd\u0151lap","item":"https:\/\/wellbeingeletmod.com\/"},{"@type":"ListItem","position":2,"name":"Term\u00e9kek","item":"https:\/\/wellbeingeletmod.com\/termekek\/"},{"@type":"ListItem","position":3,"name":"Collagen by Flavon"}]},{"@type":"WebSite","@id":"https:\/\/wellbeingeletmod.com\/#website","url":"https:\/\/wellbeingeletmod.com\/","name":"Wellbeing Lifestyle Programme","description":"\u00c9letm\u00f3d amely bel\u00fclr\u0151l \u00e9p\u00edt","publisher":{"@id":"https:\/\/wellbeingeletmod.com\/#\/schema\/person\/5922e136ec70ee3c2d22fac7ab1ac917"},"potentialAction":[{"@type":"SearchAction","target":{"@type":"EntryPoint","urlTemplate":"https:\/\/wellbeingeletmod.com\/?s={search_term_string}"},"query-input":{"@type":"PropertyValueSpecification","valueRequired":true,"valueName":"search_term_string"}}],"inLanguage":"en-GB"},{"@type":["Person","Organization"],"@id":"https:\/\/wellbeingeletmod.com\/#\/schema\/person\/5922e136ec70ee3c2d22fac7ab1ac917","name":"Erika Borb\u00e9ly","image":{"@type":"ImageObject","inLanguage":"en-GB","@id":"https:\/\/wellbeingeletmod.com\/wp-content\/uploads\/2025\/07\/wb-png-logo.png","url":"https:\/\/wellbeingeletmod.com\/wp-content\/uploads\/2025\/07\/wb-png-logo.png","contentUrl":"https:\/\/wellbeingeletmod.com\/wp-content\/uploads\/2025\/07\/wb-png-logo.png","width":350,"height":120,"caption":"Borb\u00e9ly Erika"},"logo":{"@id":"https:\/\/wellbeingeletmod.com\/wp-content\/uploads\/2025\/07\/wb-png-logo.png"},"sameAs":["https:\/\/wellbeingeletmod.com"]}]}},"_links":{"self":[{"href":"https:\/\/wellbeingeletmod.com\/en\/wp-json\/wp\/v2\/product\/2718","targetHints":{"allow":["GET"]}}],"collection":[{"href":"https:\/\/wellbeingeletmod.com\/en\/wp-json\/wp\/v2\/product"}],"about":[{"href":"https:\/\/wellbeingeletmod.com\/en\/wp-json\/wp\/v2\/types\/product"}],"version-history":[{"count":0,"href":"https:\/\/wellbeingeletmod.com\/en\/wp-json\/wp\/v2\/product\/2718\/revisions"}],"wp:featuredmedia":[{"embeddable":true,"href":"https:\/\/wellbeingeletmod.com\/en\/wp-json\/wp\/v2\/media\/2721"}],"wp:attachment":[{"href":"https:\/\/wellbeingeletmod.com\/en\/wp-json\/wp\/v2\/media?parent=2718"}],"wp:term":[{"taxonomy":"product_brand","embeddable":true,"href":"https:\/\/wellbeingeletmod.com\/en\/wp-json\/wp\/v2\/product_brand?post=2718"},{"taxonomy":"product_cat","embeddable":true,"href":"https:\/\/wellbeingeletmod.com\/en\/wp-json\/wp\/v2\/product_cat?post=2718"},{"taxonomy":"product_tag","embeddable":true,"href":"https:\/\/wellbeingeletmod.com\/en\/wp-json\/wp\/v2\/product_tag?post=2718"}],"curies":[{"name":"wp","href":"https:\/\/api.w.org\/{rel}","templated":true}]}}