{"id":2725,"date":"2025-08-16T15:46:51","date_gmt":"2025-08-16T13:46:51","guid":{"rendered":"https:\/\/wellbeingeletmod.com\/?post_type=product&#038;p=2725"},"modified":"2026-02-17T15:15:36","modified_gmt":"2026-02-17T14:15:36","slug":"glucosamine-chondroitin-complex-by-flavon","status":"publish","type":"product","link":"https:\/\/wellbeingeletmod.com\/en\/termek\/glucosamine-chondroitin-complex-by-flavon\/","title":{"rendered":"Glucosamine &#038; Chondroitin Complex by Flavon"},"content":{"rendered":"<p data-start=\"257\" data-end=\"532\">Glucosamine sulfate and chondroitin sulfate are natural components of cartilage tissue with water-binding capacity. They help maintain and regenerate the structure and normal function of joint cartilage, and reduce joint inflammation and pain.<\/p>\n<p data-start=\"534\" data-end=\"904\"><strong>As we age, the levels of glucosamine and chondroitin in our body steadily decrease, making preventive supplementation particularly beneficial<\/strong> <strong>even for middle-aged individuals and young athletes.<\/strong> Our dietary supplement uses the sulfate form, which is the most bioavailable form, with its positive effects supported by numerous studies.<\/p>\n<ul>\n<li data-start=\"906\" data-end=\"996\">A kondroitin \u00e9s a gl\u00fckozamin kombin\u00e1ci\u00f3ja, kollag\u00e9nnel d\u00fas\u00edtva a leghat\u00e9konyabb.<\/li>\n<li data-start=\"998\" data-end=\"1123\">A kollag\u00e9n kiemelt jelent\u0151s\u00e9g\u0171 az \u00edz\u00fcletek, inak, szalagok, csontok, b\u0151r, haj \u00e9s k\u00f6r\u00f6m szerkezet\u00e9nek fel\u00e9p\u00edt\u00e9s\u00e9ben.<\/li>\n<li data-start=\"1125\" data-end=\"1300\">A C-vitamin hozz\u00e1j\u00e1rul a norm\u00e1l kollag\u00e9nk\u00e9pz\u0151d\u00e9shez \u00e9s ezen kereszt\u00fcl az erek, a b\u0151r, a fogak, a fog\u00edny, a porcok \u00e9s a csontok norm\u00e1l \u00e1llapot\u00e1nak fenntart\u00e1s\u00e1hoz.<\/li>\n<li data-start=\"1302\" data-end=\"1543\">A kalcium sz\u00fcks\u00e9ges a norm\u00e1l csontozat \u00e9s fogazat fenntart\u00e1s\u00e1hoz. A cink szerepet j\u00e1tszik a norm\u00e1l feh\u00e9rjeszint\u00e9zisben. Term\u00e9k\u00fcnkben mindk\u00e9t \u00e1sv\u00e1nyi anyag citr\u00e1t form\u00e1ban van jelen, ami a legjobban hasznosul\u00f3 forma.<\/li>\n<\/ul>\n<p>&nbsp;<\/p>\n<h4><strong data-start=\"1545\" data-end=\"1581\">\ud83d\udca7 Consumption:<\/strong><\/h4>\n<p>Recommended for anyone who wants to support the health of their skeletal system and muscle function, particularly:<\/p>\n<ul>\n<li>those performing heavy physical work<\/li>\n<li>those who exercise regularly<\/li>\n<li>older adults<\/li>\n<li>those with cartilage wear or joint injury symptoms<\/li>\n<\/ul>\n<p><b>Suggested use:<\/b> take 3 capsules daily with plenty of water. It is recommended to use the product continuously for at least 3 months. Adequate fluid intake is advised while taking the supplement.<\/p>\n<p>Storage: Keep the product in a dry, cool place, protected from sunlight, at room temperature (between 15\u201325\u202f\u00b0C).<\/p>\n<h4><\/h4>\n<h4><strong>\ud83c\udf3f Ingredients:<\/strong><\/h4>\n<ul>\n<li>Glucosamine sulfate\u2013potassium chloride extracted from crab shell, calcium citrate, vitamin C (ascorbic acid), chondroitin sulfate\u2013sodium, hydrolyzed chicken collagen, zinc citrate, gelatin capsule shell.<\/li>\n<li>The capsule shell is of animal origin.<\/li>\n<\/ul>\n<h4><\/h4>\n<h4>\u26a0\ufe0f Important:<\/h4>\n<ul>\n<li>A dietary supplement is not a substitute for a mixed diet and a healthy lifestyle!<\/li>\n<li>Do not exceed the recommended daily intake!<\/li>\n<li>The product must be kept out of the reach of small children!<\/li>\n<\/ul>","protected":false},"excerpt":{"rendered":"<p><em><strong>Make movement a joy!<\/strong><\/em><\/p>\n<p>Dietary supplement capsule containing glucosamine sulfate, chondroitin sulfate, vitamin C, calcium, zinc, and collagen<\/p>\n<p>Caring for our joints and skeletal system is not age-dependent. Our lifestyle and health status determine the optimal time to choose this type of dietary supplement.<\/p>","protected":false},"featured_media":2729,"template":"","meta":[],"product_brand":[59],"product_cat":[55,57],"product_tag":[],"class_list":{"0":"post-2725","1":"product","2":"type-product","3":"status-publish","4":"has-post-thumbnail","6":"product_brand-flavon","7":"product_cat-flavon","8":"product_cat-flavon-basic","10":"first","11":"instock","12":"shipping-taxable","13":"purchasable","14":"product-type-variable"},"yoast_head":"<!-- This site is optimized with the Yoast SEO plugin v27.5 - https:\/\/yoast.com\/product\/yoast-seo-wordpress\/ -->\n<title>Glucosamine &amp; Chondroitin Complex by Flavon - Wellbeing \u00c9letm\u00f3d Program<\/title>\n<meta name=\"description\" content=\"Gl\u00fckozamin-szulf\u00e1tot, kondroitin-szulf\u00e1tot, C-vitamint, kalciumot, cinket \u00e9s kollag\u00e9nt tartalmaz\u00f3 \u00e9trend-kieg\u00e9sz\u00edt\u0151 kapszula.\" \/>\n<meta name=\"robots\" content=\"index, follow, max-snippet:-1, max-image-preview:large, max-video-preview:-1\" \/>\n<link rel=\"canonical\" href=\"https:\/\/wellbeingeletmod.com\/en\/product\/glucosamine-chondroitin-complex-by-flavon\/\" \/>\n<meta property=\"og:locale\" content=\"en_GB\" \/>\n<meta property=\"og:type\" content=\"article\" \/>\n<meta property=\"og:title\" content=\"Glucosamine &amp; Chondroitin Complex by Flavon - Wellbeing \u00c9letm\u00f3d Program\" \/>\n<meta property=\"og:description\" content=\"Gl\u00fckozamin-szulf\u00e1tot, kondroitin-szulf\u00e1tot, C-vitamint, kalciumot, cinket \u00e9s kollag\u00e9nt tartalmaz\u00f3 \u00e9trend-kieg\u00e9sz\u00edt\u0151 kapszula.\" \/>\n<meta property=\"og:url\" content=\"https:\/\/wellbeingeletmod.com\/en\/product\/glucosamine-chondroitin-complex-by-flavon\/\" \/>\n<meta property=\"og:site_name\" content=\"Wellbeing \u00c9letm\u00f3d Program\" \/>\n<meta property=\"article:modified_time\" content=\"2026-02-17T14:15:36+00:00\" \/>\n<meta property=\"og:image\" content=\"https:\/\/wellbeingeletmod.com\/wp-content\/uploads\/2025\/08\/GLUCOSAMINE-complex-termek.png\" \/>\n\t<meta property=\"og:image:width\" content=\"1000\" \/>\n\t<meta property=\"og:image:height\" content=\"1000\" \/>\n\t<meta property=\"og:image:type\" content=\"image\/png\" \/>\n<meta name=\"twitter:card\" content=\"summary_large_image\" \/>\n<meta name=\"twitter:label1\" content=\"Estimated reading time\" \/>\n\t<meta name=\"twitter:data1\" content=\"2 minutes\" \/>\n<script type=\"application\/ld+json\" class=\"yoast-schema-graph\">{\"@context\":\"https:\\\/\\\/schema.org\",\"@graph\":[{\"@type\":\"WebPage\",\"@id\":\"https:\\\/\\\/wellbeingeletmod.com\\\/termek\\\/glucosamine-chondroitin-complex-by-flavon\\\/\",\"url\":\"https:\\\/\\\/wellbeingeletmod.com\\\/termek\\\/glucosamine-chondroitin-complex-by-flavon\\\/\",\"name\":\"Glucosamine & Chondroitin Complex by Flavon - Wellbeing \u00c9letm\u00f3d Program\",\"isPartOf\":{\"@id\":\"https:\\\/\\\/wellbeingeletmod.com\\\/#website\"},\"primaryImageOfPage\":{\"@id\":\"https:\\\/\\\/wellbeingeletmod.com\\\/termek\\\/glucosamine-chondroitin-complex-by-flavon\\\/#primaryimage\"},\"image\":{\"@id\":\"https:\\\/\\\/wellbeingeletmod.com\\\/termek\\\/glucosamine-chondroitin-complex-by-flavon\\\/#primaryimage\"},\"thumbnailUrl\":\"https:\\\/\\\/wellbeingeletmod.com\\\/wp-content\\\/uploads\\\/2025\\\/08\\\/GLUCOSAMINE-complex-termek.png\",\"datePublished\":\"2025-08-16T13:46:51+00:00\",\"dateModified\":\"2026-02-17T14:15:36+00:00\",\"description\":\"Gl\u00fckozamin-szulf\u00e1tot, kondroitin-szulf\u00e1tot, C-vitamint, kalciumot, cinket \u00e9s kollag\u00e9nt tartalmaz\u00f3 \u00e9trend-kieg\u00e9sz\u00edt\u0151 kapszula.\",\"breadcrumb\":{\"@id\":\"https:\\\/\\\/wellbeingeletmod.com\\\/termek\\\/glucosamine-chondroitin-complex-by-flavon\\\/#breadcrumb\"},\"inLanguage\":\"en-GB\",\"potentialAction\":[{\"@type\":\"ReadAction\",\"target\":[\"https:\\\/\\\/wellbeingeletmod.com\\\/termek\\\/glucosamine-chondroitin-complex-by-flavon\\\/\"]}]},{\"@type\":\"ImageObject\",\"inLanguage\":\"en-GB\",\"@id\":\"https:\\\/\\\/wellbeingeletmod.com\\\/termek\\\/glucosamine-chondroitin-complex-by-flavon\\\/#primaryimage\",\"url\":\"https:\\\/\\\/wellbeingeletmod.com\\\/wp-content\\\/uploads\\\/2025\\\/08\\\/GLUCOSAMINE-complex-termek.png\",\"contentUrl\":\"https:\\\/\\\/wellbeingeletmod.com\\\/wp-content\\\/uploads\\\/2025\\\/08\\\/GLUCOSAMINE-complex-termek.png\",\"width\":1000,\"height\":1000,\"caption\":\"GLUCOSAMINE flavon term\u00e9k\"},{\"@type\":\"BreadcrumbList\",\"@id\":\"https:\\\/\\\/wellbeingeletmod.com\\\/termek\\\/glucosamine-chondroitin-complex-by-flavon\\\/#breadcrumb\",\"itemListElement\":[{\"@type\":\"ListItem\",\"position\":1,\"name\":\"Kezd\u0151lap\",\"item\":\"https:\\\/\\\/wellbeingeletmod.com\\\/\"},{\"@type\":\"ListItem\",\"position\":2,\"name\":\"Term\u00e9kek\",\"item\":\"https:\\\/\\\/wellbeingeletmod.com\\\/termekek\\\/\"},{\"@type\":\"ListItem\",\"position\":3,\"name\":\"Glucosamine &#038; Chondroitin Complex by Flavon\"}]},{\"@type\":\"WebSite\",\"@id\":\"https:\\\/\\\/wellbeingeletmod.com\\\/#website\",\"url\":\"https:\\\/\\\/wellbeingeletmod.com\\\/\",\"name\":\"Wellbeing \u00c9letm\u00f3d Program\",\"description\":\"\u00c9letm\u00f3d amely bel\u00fclr\u0151l \u00e9p\u00edt\",\"publisher\":{\"@id\":\"https:\\\/\\\/wellbeingeletmod.com\\\/#\\\/schema\\\/person\\\/5922e136ec70ee3c2d22fac7ab1ac917\"},\"potentialAction\":[{\"@type\":\"SearchAction\",\"target\":{\"@type\":\"EntryPoint\",\"urlTemplate\":\"https:\\\/\\\/wellbeingeletmod.com\\\/?s={search_term_string}\"},\"query-input\":{\"@type\":\"PropertyValueSpecification\",\"valueRequired\":true,\"valueName\":\"search_term_string\"}}],\"inLanguage\":\"en-GB\"},{\"@type\":[\"Person\",\"Organization\"],\"@id\":\"https:\\\/\\\/wellbeingeletmod.com\\\/#\\\/schema\\\/person\\\/5922e136ec70ee3c2d22fac7ab1ac917\",\"name\":\"Borb\u00e9ly Erika\",\"image\":{\"@type\":\"ImageObject\",\"inLanguage\":\"en-GB\",\"@id\":\"https:\\\/\\\/wellbeingeletmod.com\\\/wp-content\\\/uploads\\\/2025\\\/07\\\/wb-png-logo.png\",\"url\":\"https:\\\/\\\/wellbeingeletmod.com\\\/wp-content\\\/uploads\\\/2025\\\/07\\\/wb-png-logo.png\",\"contentUrl\":\"https:\\\/\\\/wellbeingeletmod.com\\\/wp-content\\\/uploads\\\/2025\\\/07\\\/wb-png-logo.png\",\"width\":350,\"height\":120,\"caption\":\"Borb\u00e9ly Erika\"},\"logo\":{\"@id\":\"https:\\\/\\\/wellbeingeletmod.com\\\/wp-content\\\/uploads\\\/2025\\\/07\\\/wb-png-logo.png\"},\"sameAs\":[\"https:\\\/\\\/wellbeingeletmod.com\"]}]}<\/script>\n<!-- \/ Yoast SEO plugin. -->","yoast_head_json":{"title":"Glucosamine & Chondroitin Complex by Flavon - Wellbeing \u00c9letm\u00f3d Program","description":"Gl\u00fckozamin-szulf\u00e1tot, kondroitin-szulf\u00e1tot, C-vitamint, kalciumot, cinket \u00e9s kollag\u00e9nt tartalmaz\u00f3 \u00e9trend-kieg\u00e9sz\u00edt\u0151 kapszula.","robots":{"index":"index","follow":"follow","max-snippet":"max-snippet:-1","max-image-preview":"max-image-preview:large","max-video-preview":"max-video-preview:-1"},"canonical":"https:\/\/wellbeingeletmod.com\/en\/product\/glucosamine-chondroitin-complex-by-flavon\/","og_locale":"en_GB","og_type":"article","og_title":"Glucosamine & Chondroitin Complex by Flavon - Wellbeing \u00c9letm\u00f3d Program","og_description":"Gl\u00fckozamin-szulf\u00e1tot, kondroitin-szulf\u00e1tot, C-vitamint, kalciumot, cinket \u00e9s kollag\u00e9nt tartalmaz\u00f3 \u00e9trend-kieg\u00e9sz\u00edt\u0151 kapszula.","og_url":"https:\/\/wellbeingeletmod.com\/en\/product\/glucosamine-chondroitin-complex-by-flavon\/","og_site_name":"Wellbeing \u00c9letm\u00f3d Program","article_modified_time":"2026-02-17T14:15:36+00:00","og_image":[{"width":1000,"height":1000,"url":"https:\/\/wellbeingeletmod.com\/wp-content\/uploads\/2025\/08\/GLUCOSAMINE-complex-termek.png","type":"image\/png"}],"twitter_card":"summary_large_image","twitter_misc":{"Estimated reading time":"2 minutes"},"schema":{"@context":"https:\/\/schema.org","@graph":[{"@type":"WebPage","@id":"https:\/\/wellbeingeletmod.com\/termek\/glucosamine-chondroitin-complex-by-flavon\/","url":"https:\/\/wellbeingeletmod.com\/termek\/glucosamine-chondroitin-complex-by-flavon\/","name":"Glucosamine & Chondroitin Complex by Flavon - Wellbeing \u00c9letm\u00f3d Program","isPartOf":{"@id":"https:\/\/wellbeingeletmod.com\/#website"},"primaryImageOfPage":{"@id":"https:\/\/wellbeingeletmod.com\/termek\/glucosamine-chondroitin-complex-by-flavon\/#primaryimage"},"image":{"@id":"https:\/\/wellbeingeletmod.com\/termek\/glucosamine-chondroitin-complex-by-flavon\/#primaryimage"},"thumbnailUrl":"https:\/\/wellbeingeletmod.com\/wp-content\/uploads\/2025\/08\/GLUCOSAMINE-complex-termek.png","datePublished":"2025-08-16T13:46:51+00:00","dateModified":"2026-02-17T14:15:36+00:00","description":"Gl\u00fckozamin-szulf\u00e1tot, kondroitin-szulf\u00e1tot, C-vitamint, kalciumot, cinket \u00e9s kollag\u00e9nt tartalmaz\u00f3 \u00e9trend-kieg\u00e9sz\u00edt\u0151 kapszula.","breadcrumb":{"@id":"https:\/\/wellbeingeletmod.com\/termek\/glucosamine-chondroitin-complex-by-flavon\/#breadcrumb"},"inLanguage":"en-GB","potentialAction":[{"@type":"ReadAction","target":["https:\/\/wellbeingeletmod.com\/termek\/glucosamine-chondroitin-complex-by-flavon\/"]}]},{"@type":"ImageObject","inLanguage":"en-GB","@id":"https:\/\/wellbeingeletmod.com\/termek\/glucosamine-chondroitin-complex-by-flavon\/#primaryimage","url":"https:\/\/wellbeingeletmod.com\/wp-content\/uploads\/2025\/08\/GLUCOSAMINE-complex-termek.png","contentUrl":"https:\/\/wellbeingeletmod.com\/wp-content\/uploads\/2025\/08\/GLUCOSAMINE-complex-termek.png","width":1000,"height":1000,"caption":"GLUCOSAMINE flavon term\u00e9k"},{"@type":"BreadcrumbList","@id":"https:\/\/wellbeingeletmod.com\/termek\/glucosamine-chondroitin-complex-by-flavon\/#breadcrumb","itemListElement":[{"@type":"ListItem","position":1,"name":"Kezd\u0151lap","item":"https:\/\/wellbeingeletmod.com\/"},{"@type":"ListItem","position":2,"name":"Term\u00e9kek","item":"https:\/\/wellbeingeletmod.com\/termekek\/"},{"@type":"ListItem","position":3,"name":"Glucosamine &#038; Chondroitin Complex by Flavon"}]},{"@type":"WebSite","@id":"https:\/\/wellbeingeletmod.com\/#website","url":"https:\/\/wellbeingeletmod.com\/","name":"Wellbeing Lifestyle Programme","description":"\u00c9letm\u00f3d amely bel\u00fclr\u0151l \u00e9p\u00edt","publisher":{"@id":"https:\/\/wellbeingeletmod.com\/#\/schema\/person\/5922e136ec70ee3c2d22fac7ab1ac917"},"potentialAction":[{"@type":"SearchAction","target":{"@type":"EntryPoint","urlTemplate":"https:\/\/wellbeingeletmod.com\/?s={search_term_string}"},"query-input":{"@type":"PropertyValueSpecification","valueRequired":true,"valueName":"search_term_string"}}],"inLanguage":"en-GB"},{"@type":["Person","Organization"],"@id":"https:\/\/wellbeingeletmod.com\/#\/schema\/person\/5922e136ec70ee3c2d22fac7ab1ac917","name":"Erika Borb\u00e9ly","image":{"@type":"ImageObject","inLanguage":"en-GB","@id":"https:\/\/wellbeingeletmod.com\/wp-content\/uploads\/2025\/07\/wb-png-logo.png","url":"https:\/\/wellbeingeletmod.com\/wp-content\/uploads\/2025\/07\/wb-png-logo.png","contentUrl":"https:\/\/wellbeingeletmod.com\/wp-content\/uploads\/2025\/07\/wb-png-logo.png","width":350,"height":120,"caption":"Borb\u00e9ly Erika"},"logo":{"@id":"https:\/\/wellbeingeletmod.com\/wp-content\/uploads\/2025\/07\/wb-png-logo.png"},"sameAs":["https:\/\/wellbeingeletmod.com"]}]}},"_links":{"self":[{"href":"https:\/\/wellbeingeletmod.com\/en\/wp-json\/wp\/v2\/product\/2725","targetHints":{"allow":["GET"]}}],"collection":[{"href":"https:\/\/wellbeingeletmod.com\/en\/wp-json\/wp\/v2\/product"}],"about":[{"href":"https:\/\/wellbeingeletmod.com\/en\/wp-json\/wp\/v2\/types\/product"}],"version-history":[{"count":0,"href":"https:\/\/wellbeingeletmod.com\/en\/wp-json\/wp\/v2\/product\/2725\/revisions"}],"wp:featuredmedia":[{"embeddable":true,"href":"https:\/\/wellbeingeletmod.com\/en\/wp-json\/wp\/v2\/media\/2729"}],"wp:attachment":[{"href":"https:\/\/wellbeingeletmod.com\/en\/wp-json\/wp\/v2\/media?parent=2725"}],"wp:term":[{"taxonomy":"product_brand","embeddable":true,"href":"https:\/\/wellbeingeletmod.com\/en\/wp-json\/wp\/v2\/product_brand?post=2725"},{"taxonomy":"product_cat","embeddable":true,"href":"https:\/\/wellbeingeletmod.com\/en\/wp-json\/wp\/v2\/product_cat?post=2725"},{"taxonomy":"product_tag","embeddable":true,"href":"https:\/\/wellbeingeletmod.com\/en\/wp-json\/wp\/v2\/product_tag?post=2725"}],"curies":[{"name":"wp","href":"https:\/\/api.w.org\/{rel}","templated":true}]}}