{"id":2742,"date":"2025-08-16T17:04:23","date_gmt":"2025-08-16T15:04:23","guid":{"rendered":"https:\/\/wellbeingeletmod.com\/?post_type=product&#038;p=2742"},"modified":"2026-02-17T15:14:22","modified_gmt":"2026-02-17T14:14:22","slug":"flavon-joy","status":"publish","type":"product","link":"https:\/\/wellbeingeletmod.com\/en\/termek\/flavon-joy\/","title":{"rendered":"Flavon Joy"},"content":{"rendered":"<h4><strong data-start=\"1545\" data-end=\"1581\"><img decoding=\"async\" class=\"emoji\" role=\"img\" draggable=\"false\" src=\"https:\/\/s.w.org\/images\/core\/emoji\/16.0.1\/svg\/1f4a7.svg\" alt=\"\ud83d\udca7\" \/><\/strong> We recommend consuming Flavon Joy:<\/h4>\n<ul>\n<li>for all age groups, from children to the elderly<\/li>\n<li>if you are exposed to high levels of stress; engage in regular physical activity<\/li>\n<li>if you need an extra boost of mental energy<\/li>\n<li>if you want to satisfy your sweet cravings in a healthy way<\/li>\n<li>if you consciously choose the synergy of cocoa beans, ancient spices, superfruits, and vegetables\n<div class=\"page\" title=\"Page 2\">\n<div class=\"layoutArea\"><\/div>\n<\/div>\n<\/li>\n<\/ul>\n<p>From young children and expectant mothers to adults exposed to higher oxidative stress, all the way to the elderly, anyone can enjoy this dietary supplement \u2014 a deliciously sweet treat that also offers unique physiological benefits.<\/p>\n<p>Flavon Joy delivers polyphenols to the body in a comprehensive way, supporting overall health. When used consciously as part of a healthy lifestyle, it can not only aid organ protection but also enhance mental and cognitive functions, learning ability, and stress resilience.<\/p>\n<p><b>Recommended daily intake<\/b>: one teaspoon daily (approx. 6 g \u2013 4.5 ml) after a meal.<\/p>\n<p>&nbsp;<\/p>\n<h4><strong>\ud83e\udd57 Ingredients:<\/strong><\/h4>\n<p>In Flavon Joy, the fruit and vegetable ingredients are present in a concentrated form, as purees and extracts. Its uniqueness comes \u2014 among other things \u2014 from cocoa, which boosts mental energy; cinnamon, known for its positive physiological effects; yeast-derived (1,3)-(1,6)-\u03b2-D-glucan, which supports healthy immune function; and turmeric, a key ingredient in Ayurvedic medicine. A true indulgence that also satisfies our sweet cravings.<\/p>\n<p>&nbsp;<\/p>\n<h4>\u26a0\ufe0f Important:<\/h4>\n<p>A dietary supplement is not a substitute for a mixed diet and a healthy lifestyle!<br \/>\nConsumers should not exceed the recommended daily intake!<br \/>\nThe product must be kept out of the reach of small children!<br \/>\nContains no preservatives!<\/p>","protected":false},"excerpt":{"rendered":"<p><strong><em>The pleasure everyone deserves<\/em><\/strong><\/p>\n<p>The third premium product is based on one of nature\u2019s oldest treasures \u2014 the fruit of the cacao tree \u2014 making Flavon Joy a refreshing standout in the dietary supplements market. While preserving the gel-like consistency that ensures excellent bioavailability, it combines fruits, vegetables, and spices that work in synergy to enhance each other\u2019s effects, providing support and indulgence for people of all ages.<\/p>","protected":false},"featured_media":2755,"template":"","meta":[],"product_brand":[59],"product_cat":[55,58],"product_tag":[],"class_list":{"0":"post-2742","1":"product","2":"type-product","3":"status-publish","4":"has-post-thumbnail","6":"product_brand-flavon","7":"product_cat-flavon","8":"product_cat-flavon-premium","10":"first","11":"instock","12":"shipping-taxable","13":"purchasable","14":"product-type-variable"},"yoast_head":"<!-- This site is optimized with the Yoast SEO plugin v27.5 - https:\/\/yoast.com\/product\/yoast-seo-wordpress\/ -->\n<title>Flavon Joy - Wellbeing \u00c9letm\u00f3d Program<\/title>\n<meta name=\"description\" content=\"A Flavon Joy \u00fcde sz\u00ednfoltot k\u00e9pvisel az \u00e9trend-kieg\u00e9sz\u00edt\u0151k piac\u00e1n. A gy\u00fcm\u00f6lcs \u00e9s z\u00f6lds\u00e9g alapanyagok koncentr\u00e1lt form\u00e1ban, s\u0171r\u00edtm\u00e9nyk\u00e9nt vannak jelen.\" \/>\n<meta name=\"robots\" content=\"index, follow, max-snippet:-1, max-image-preview:large, max-video-preview:-1\" \/>\n<link rel=\"canonical\" href=\"https:\/\/wellbeingeletmod.com\/en\/product\/flavon-joy\/\" \/>\n<meta property=\"og:locale\" content=\"en_GB\" \/>\n<meta property=\"og:type\" content=\"article\" \/>\n<meta property=\"og:title\" content=\"Flavon Joy - Wellbeing \u00c9letm\u00f3d Program\" \/>\n<meta property=\"og:description\" content=\"A Flavon Joy \u00fcde sz\u00ednfoltot k\u00e9pvisel az \u00e9trend-kieg\u00e9sz\u00edt\u0151k piac\u00e1n. A gy\u00fcm\u00f6lcs \u00e9s z\u00f6lds\u00e9g alapanyagok koncentr\u00e1lt form\u00e1ban, s\u0171r\u00edtm\u00e9nyk\u00e9nt vannak jelen.\" \/>\n<meta property=\"og:url\" content=\"https:\/\/wellbeingeletmod.com\/en\/product\/flavon-joy\/\" \/>\n<meta property=\"og:site_name\" content=\"Wellbeing \u00c9letm\u00f3d Program\" \/>\n<meta property=\"article:modified_time\" content=\"2026-02-17T14:14:22+00:00\" \/>\n<meta property=\"og:image\" content=\"https:\/\/wellbeingeletmod.com\/wp-content\/uploads\/2025\/08\/flavon-joy.png\" \/>\n\t<meta property=\"og:image:width\" content=\"1000\" \/>\n\t<meta property=\"og:image:height\" content=\"1000\" \/>\n\t<meta property=\"og:image:type\" content=\"image\/png\" \/>\n<meta name=\"twitter:card\" content=\"summary_large_image\" \/>\n<meta name=\"twitter:label1\" content=\"Estimated reading time\" \/>\n\t<meta name=\"twitter:data1\" content=\"2 minutes\" \/>\n<script type=\"application\/ld+json\" class=\"yoast-schema-graph\">{\"@context\":\"https:\\\/\\\/schema.org\",\"@graph\":[{\"@type\":\"WebPage\",\"@id\":\"https:\\\/\\\/wellbeingeletmod.com\\\/termek\\\/flavon-joy\\\/\",\"url\":\"https:\\\/\\\/wellbeingeletmod.com\\\/termek\\\/flavon-joy\\\/\",\"name\":\"Flavon Joy - Wellbeing \u00c9letm\u00f3d Program\",\"isPartOf\":{\"@id\":\"https:\\\/\\\/wellbeingeletmod.com\\\/#website\"},\"primaryImageOfPage\":{\"@id\":\"https:\\\/\\\/wellbeingeletmod.com\\\/termek\\\/flavon-joy\\\/#primaryimage\"},\"image\":{\"@id\":\"https:\\\/\\\/wellbeingeletmod.com\\\/termek\\\/flavon-joy\\\/#primaryimage\"},\"thumbnailUrl\":\"https:\\\/\\\/wellbeingeletmod.com\\\/wp-content\\\/uploads\\\/2025\\\/08\\\/flavon-joy.png\",\"datePublished\":\"2025-08-16T15:04:23+00:00\",\"dateModified\":\"2026-02-17T14:14:22+00:00\",\"description\":\"A Flavon Joy \u00fcde sz\u00ednfoltot k\u00e9pvisel az \u00e9trend-kieg\u00e9sz\u00edt\u0151k piac\u00e1n. A gy\u00fcm\u00f6lcs \u00e9s z\u00f6lds\u00e9g alapanyagok koncentr\u00e1lt form\u00e1ban, s\u0171r\u00edtm\u00e9nyk\u00e9nt vannak jelen.\",\"breadcrumb\":{\"@id\":\"https:\\\/\\\/wellbeingeletmod.com\\\/termek\\\/flavon-joy\\\/#breadcrumb\"},\"inLanguage\":\"en-GB\",\"potentialAction\":[{\"@type\":\"ReadAction\",\"target\":[\"https:\\\/\\\/wellbeingeletmod.com\\\/termek\\\/flavon-joy\\\/\"]}]},{\"@type\":\"ImageObject\",\"inLanguage\":\"en-GB\",\"@id\":\"https:\\\/\\\/wellbeingeletmod.com\\\/termek\\\/flavon-joy\\\/#primaryimage\",\"url\":\"https:\\\/\\\/wellbeingeletmod.com\\\/wp-content\\\/uploads\\\/2025\\\/08\\\/flavon-joy.png\",\"contentUrl\":\"https:\\\/\\\/wellbeingeletmod.com\\\/wp-content\\\/uploads\\\/2025\\\/08\\\/flavon-joy.png\",\"width\":1000,\"height\":1000,\"caption\":\"Flavon Joy\"},{\"@type\":\"BreadcrumbList\",\"@id\":\"https:\\\/\\\/wellbeingeletmod.com\\\/termek\\\/flavon-joy\\\/#breadcrumb\",\"itemListElement\":[{\"@type\":\"ListItem\",\"position\":1,\"name\":\"Kezd\u0151lap\",\"item\":\"https:\\\/\\\/wellbeingeletmod.com\\\/\"},{\"@type\":\"ListItem\",\"position\":2,\"name\":\"Term\u00e9kek\",\"item\":\"https:\\\/\\\/wellbeingeletmod.com\\\/termekek\\\/\"},{\"@type\":\"ListItem\",\"position\":3,\"name\":\"Flavon Joy\"}]},{\"@type\":\"WebSite\",\"@id\":\"https:\\\/\\\/wellbeingeletmod.com\\\/#website\",\"url\":\"https:\\\/\\\/wellbeingeletmod.com\\\/\",\"name\":\"Wellbeing \u00c9letm\u00f3d Program\",\"description\":\"\u00c9letm\u00f3d amely bel\u00fclr\u0151l \u00e9p\u00edt\",\"publisher\":{\"@id\":\"https:\\\/\\\/wellbeingeletmod.com\\\/#\\\/schema\\\/person\\\/5922e136ec70ee3c2d22fac7ab1ac917\"},\"potentialAction\":[{\"@type\":\"SearchAction\",\"target\":{\"@type\":\"EntryPoint\",\"urlTemplate\":\"https:\\\/\\\/wellbeingeletmod.com\\\/?s={search_term_string}\"},\"query-input\":{\"@type\":\"PropertyValueSpecification\",\"valueRequired\":true,\"valueName\":\"search_term_string\"}}],\"inLanguage\":\"en-GB\"},{\"@type\":[\"Person\",\"Organization\"],\"@id\":\"https:\\\/\\\/wellbeingeletmod.com\\\/#\\\/schema\\\/person\\\/5922e136ec70ee3c2d22fac7ab1ac917\",\"name\":\"Borb\u00e9ly Erika\",\"image\":{\"@type\":\"ImageObject\",\"inLanguage\":\"en-GB\",\"@id\":\"https:\\\/\\\/wellbeingeletmod.com\\\/wp-content\\\/uploads\\\/2025\\\/07\\\/wb-png-logo.png\",\"url\":\"https:\\\/\\\/wellbeingeletmod.com\\\/wp-content\\\/uploads\\\/2025\\\/07\\\/wb-png-logo.png\",\"contentUrl\":\"https:\\\/\\\/wellbeingeletmod.com\\\/wp-content\\\/uploads\\\/2025\\\/07\\\/wb-png-logo.png\",\"width\":350,\"height\":120,\"caption\":\"Borb\u00e9ly Erika\"},\"logo\":{\"@id\":\"https:\\\/\\\/wellbeingeletmod.com\\\/wp-content\\\/uploads\\\/2025\\\/07\\\/wb-png-logo.png\"},\"sameAs\":[\"https:\\\/\\\/wellbeingeletmod.com\"]}]}<\/script>\n<!-- \/ Yoast SEO plugin. -->","yoast_head_json":{"title":"Flavon Joy - Wellbeing \u00c9letm\u00f3d Program","description":"A Flavon Joy \u00fcde sz\u00ednfoltot k\u00e9pvisel az \u00e9trend-kieg\u00e9sz\u00edt\u0151k piac\u00e1n. A gy\u00fcm\u00f6lcs \u00e9s z\u00f6lds\u00e9g alapanyagok koncentr\u00e1lt form\u00e1ban, s\u0171r\u00edtm\u00e9nyk\u00e9nt vannak jelen.","robots":{"index":"index","follow":"follow","max-snippet":"max-snippet:-1","max-image-preview":"max-image-preview:large","max-video-preview":"max-video-preview:-1"},"canonical":"https:\/\/wellbeingeletmod.com\/en\/product\/flavon-joy\/","og_locale":"en_GB","og_type":"article","og_title":"Flavon Joy - Wellbeing \u00c9letm\u00f3d Program","og_description":"A Flavon Joy \u00fcde sz\u00ednfoltot k\u00e9pvisel az \u00e9trend-kieg\u00e9sz\u00edt\u0151k piac\u00e1n. A gy\u00fcm\u00f6lcs \u00e9s z\u00f6lds\u00e9g alapanyagok koncentr\u00e1lt form\u00e1ban, s\u0171r\u00edtm\u00e9nyk\u00e9nt vannak jelen.","og_url":"https:\/\/wellbeingeletmod.com\/en\/product\/flavon-joy\/","og_site_name":"Wellbeing \u00c9letm\u00f3d Program","article_modified_time":"2026-02-17T14:14:22+00:00","og_image":[{"width":1000,"height":1000,"url":"https:\/\/wellbeingeletmod.com\/wp-content\/uploads\/2025\/08\/flavon-joy.png","type":"image\/png"}],"twitter_card":"summary_large_image","twitter_misc":{"Estimated reading time":"2 minutes"},"schema":{"@context":"https:\/\/schema.org","@graph":[{"@type":"WebPage","@id":"https:\/\/wellbeingeletmod.com\/termek\/flavon-joy\/","url":"https:\/\/wellbeingeletmod.com\/termek\/flavon-joy\/","name":"Flavon Joy - Wellbeing \u00c9letm\u00f3d Program","isPartOf":{"@id":"https:\/\/wellbeingeletmod.com\/#website"},"primaryImageOfPage":{"@id":"https:\/\/wellbeingeletmod.com\/termek\/flavon-joy\/#primaryimage"},"image":{"@id":"https:\/\/wellbeingeletmod.com\/termek\/flavon-joy\/#primaryimage"},"thumbnailUrl":"https:\/\/wellbeingeletmod.com\/wp-content\/uploads\/2025\/08\/flavon-joy.png","datePublished":"2025-08-16T15:04:23+00:00","dateModified":"2026-02-17T14:14:22+00:00","description":"A Flavon Joy \u00fcde sz\u00ednfoltot k\u00e9pvisel az \u00e9trend-kieg\u00e9sz\u00edt\u0151k piac\u00e1n. A gy\u00fcm\u00f6lcs \u00e9s z\u00f6lds\u00e9g alapanyagok koncentr\u00e1lt form\u00e1ban, s\u0171r\u00edtm\u00e9nyk\u00e9nt vannak jelen.","breadcrumb":{"@id":"https:\/\/wellbeingeletmod.com\/termek\/flavon-joy\/#breadcrumb"},"inLanguage":"en-GB","potentialAction":[{"@type":"ReadAction","target":["https:\/\/wellbeingeletmod.com\/termek\/flavon-joy\/"]}]},{"@type":"ImageObject","inLanguage":"en-GB","@id":"https:\/\/wellbeingeletmod.com\/termek\/flavon-joy\/#primaryimage","url":"https:\/\/wellbeingeletmod.com\/wp-content\/uploads\/2025\/08\/flavon-joy.png","contentUrl":"https:\/\/wellbeingeletmod.com\/wp-content\/uploads\/2025\/08\/flavon-joy.png","width":1000,"height":1000,"caption":"Flavon Joy"},{"@type":"BreadcrumbList","@id":"https:\/\/wellbeingeletmod.com\/termek\/flavon-joy\/#breadcrumb","itemListElement":[{"@type":"ListItem","position":1,"name":"Kezd\u0151lap","item":"https:\/\/wellbeingeletmod.com\/"},{"@type":"ListItem","position":2,"name":"Term\u00e9kek","item":"https:\/\/wellbeingeletmod.com\/termekek\/"},{"@type":"ListItem","position":3,"name":"Flavon Joy"}]},{"@type":"WebSite","@id":"https:\/\/wellbeingeletmod.com\/#website","url":"https:\/\/wellbeingeletmod.com\/","name":"Wellbeing Lifestyle Programme","description":"\u00c9letm\u00f3d amely bel\u00fclr\u0151l \u00e9p\u00edt","publisher":{"@id":"https:\/\/wellbeingeletmod.com\/#\/schema\/person\/5922e136ec70ee3c2d22fac7ab1ac917"},"potentialAction":[{"@type":"SearchAction","target":{"@type":"EntryPoint","urlTemplate":"https:\/\/wellbeingeletmod.com\/?s={search_term_string}"},"query-input":{"@type":"PropertyValueSpecification","valueRequired":true,"valueName":"search_term_string"}}],"inLanguage":"en-GB"},{"@type":["Person","Organization"],"@id":"https:\/\/wellbeingeletmod.com\/#\/schema\/person\/5922e136ec70ee3c2d22fac7ab1ac917","name":"Erika Borb\u00e9ly","image":{"@type":"ImageObject","inLanguage":"en-GB","@id":"https:\/\/wellbeingeletmod.com\/wp-content\/uploads\/2025\/07\/wb-png-logo.png","url":"https:\/\/wellbeingeletmod.com\/wp-content\/uploads\/2025\/07\/wb-png-logo.png","contentUrl":"https:\/\/wellbeingeletmod.com\/wp-content\/uploads\/2025\/07\/wb-png-logo.png","width":350,"height":120,"caption":"Borb\u00e9ly Erika"},"logo":{"@id":"https:\/\/wellbeingeletmod.com\/wp-content\/uploads\/2025\/07\/wb-png-logo.png"},"sameAs":["https:\/\/wellbeingeletmod.com"]}]}},"_links":{"self":[{"href":"https:\/\/wellbeingeletmod.com\/en\/wp-json\/wp\/v2\/product\/2742","targetHints":{"allow":["GET"]}}],"collection":[{"href":"https:\/\/wellbeingeletmod.com\/en\/wp-json\/wp\/v2\/product"}],"about":[{"href":"https:\/\/wellbeingeletmod.com\/en\/wp-json\/wp\/v2\/types\/product"}],"version-history":[{"count":0,"href":"https:\/\/wellbeingeletmod.com\/en\/wp-json\/wp\/v2\/product\/2742\/revisions"}],"wp:featuredmedia":[{"embeddable":true,"href":"https:\/\/wellbeingeletmod.com\/en\/wp-json\/wp\/v2\/media\/2755"}],"wp:attachment":[{"href":"https:\/\/wellbeingeletmod.com\/en\/wp-json\/wp\/v2\/media?parent=2742"}],"wp:term":[{"taxonomy":"product_brand","embeddable":true,"href":"https:\/\/wellbeingeletmod.com\/en\/wp-json\/wp\/v2\/product_brand?post=2742"},{"taxonomy":"product_cat","embeddable":true,"href":"https:\/\/wellbeingeletmod.com\/en\/wp-json\/wp\/v2\/product_cat?post=2742"},{"taxonomy":"product_tag","embeddable":true,"href":"https:\/\/wellbeingeletmod.com\/en\/wp-json\/wp\/v2\/product_tag?post=2742"}],"curies":[{"name":"wp","href":"https:\/\/api.w.org\/{rel}","templated":true}]}}