{"id":2750,"date":"2025-08-16T17:16:46","date_gmt":"2025-08-16T15:16:46","guid":{"rendered":"https:\/\/wellbeingeletmod.com\/?post_type=product&#038;p=2750"},"modified":"2026-05-07T15:11:57","modified_gmt":"2026-05-07T13:11:57","slug":"flavon-green-3","status":"publish","type":"product","link":"https:\/\/wellbeingeletmod.com\/en\/termek\/flavon-green-3\/","title":{"rendered":"Flavon Green+"},"content":{"rendered":"<p>The product was primarily developed for those with a one-sided diet or low vegetable intake, based on Flavon Green and the latest scientific findings, aiming to enhance the synergistic effects between its ingredients. By using scientifically proven components with beneficial physiological effects, <strong>it supports health-conscious nutrition and lifestyle<\/strong>.<\/p>\n<p>&nbsp;<\/p>\n<h4><strong data-start=\"1545\" data-end=\"1581\"><img decoding=\"async\" class=\"emoji\" role=\"img\" draggable=\"false\" src=\"https:\/\/s.w.org\/images\/core\/emoji\/16.0.1\/svg\/1f4a7.svg\" alt=\"\ud83d\udca7\" \/><\/strong> Flavon Green+ is recommended for consumption:<\/h4>\n<ul>\n<li>for all age groups, from children to the elderly<\/li>\n<li>if you\u2019re looking for high-quality vegetable products<\/li>\n<li>if you\u2019d like to enrich your vegetable intake with exceptional ingredients<\/li>\n<li>if you prefer consuming vegetables in a complex, concentrated form<\/li>\n<li>because it\u2019s a unique product in the dietary supplements market\n<div class=\"layoutArea\"><\/div>\n<\/li>\n<\/ul>\n<p>&nbsp;<\/p>\n<p>Striving to consciously expand our consumer base, one of the key considerations in selecting the product\u2019s ingredients was to ensure that it can be safely consumed by everyone \u2014 from young children and expectant mothers to the elderly.<\/p>\n<p>It harmonizes exceptionally well with fruit-based Flavon products and can be combined advantageously with any of them.<\/p>\n<p><b>Recommended daily intake<\/b>: one teaspoon daily (approx. 6 g \u2013 4.5 ml) after a meal.<\/p>\n<p>&nbsp;<\/p>\n<h4><strong>\ud83e\udd57 Ingredients:<\/strong><\/h4>\n<p>In Flavon Green +, the vegetable ingredients are present in a concentrated form, as purees and extracts. The product contains the newly introduced, yeast-derived (1,3)-(1,6)-\u03b2-D-glucan, known for its significant role in supporting healthy immune function; the long-recognized and beneficial turmeric; and Moringa Oleifera, rich in trace elements and vitamins, with high antioxidant activity. Flavon Green + is also characterized by the presence of lipophilic flavonoids and functional dietary fibers such as inulin.<\/p>\n<p>&nbsp;<\/p>\n<h4>\u26a0\ufe0f Important:<\/h4>\n<p>A dietary supplement is not a substitute for a mixed diet and a healthy lifestyle!<br \/>\nConsumers should not exceed the recommended daily intake!<br \/>\nThe product must be kept out of the reach of small children!<br \/>\nContains no preservatives!<\/p>","protected":false},"excerpt":{"rendered":"<p><strong><em>Vegetable selection at its finest<\/em><\/strong><\/p>\n<p>Vegetables are sources of unique phytochemicals not found in fruits, essential for the optimal functioning of our cells and organs, maintaining health, and improving quality of life. Flavon Green+ is made from 12 carefully selected ingredients using a unique process to provide the highest possible active ingredient content within Flavon\u2019s premium dietary supplement range.<\/p>","protected":false},"featured_media":2745,"template":"","meta":[],"product_brand":[59],"product_cat":[55,58],"product_tag":[],"class_list":{"0":"post-2750","1":"product","2":"type-product","3":"status-publish","4":"has-post-thumbnail","6":"product_brand-flavon","7":"product_cat-flavon","8":"product_cat-flavon-premium","10":"first","11":"instock","12":"shipping-taxable","13":"purchasable","14":"product-type-variable"},"yoast_head":"<!-- This site is optimized with the Yoast SEO plugin v27.5 - https:\/\/yoast.com\/product\/yoast-seo-wordpress\/ -->\n<title>Flavon Green+ - Wellbeing \u00c9letm\u00f3d Program<\/title>\n<meta name=\"description\" content=\"A Flavon Green+ 12 v\u00e1logatott \u00f6sszetev\u0151b\u0151l, egyedi elj\u00e1r\u00e1ssal k\u00e9sz\u00fclt, magas hat\u00f3anyaggal rendelkez\u0151 pr\u00e9mium \u00e9trend-kieg\u00e9sz\u00edt\u0151\" \/>\n<meta name=\"robots\" content=\"index, follow, max-snippet:-1, max-image-preview:large, max-video-preview:-1\" \/>\n<link rel=\"canonical\" href=\"https:\/\/wellbeingeletmod.com\/en\/product\/flavon-green-3\/\" \/>\n<meta property=\"og:locale\" content=\"en_GB\" \/>\n<meta property=\"og:type\" content=\"article\" \/>\n<meta property=\"og:title\" content=\"Flavon Green+ \u00e9trend-kieg\u00e9sz\u00edt\u0151\" \/>\n<meta property=\"og:description\" content=\"A Flavon Green+ 12 v\u00e1logatott \u00f6sszetev\u0151b\u0151l, egyedi elj\u00e1r\u00e1ssal k\u00e9sz\u00fclt, magas hat\u00f3anyaggal rendelkez\u0151 pr\u00e9mium \u00e9trend-kieg\u00e9sz\u00edt\u0151\" \/>\n<meta property=\"og:url\" content=\"https:\/\/wellbeingeletmod.com\/en\/product\/flavon-green-3\/\" \/>\n<meta property=\"og:site_name\" content=\"Wellbeing \u00c9letm\u00f3d Program\" \/>\n<meta property=\"article:modified_time\" content=\"2026-05-07T13:11:57+00:00\" \/>\n<meta property=\"og:image\" content=\"https:\/\/wellbeingeletmod.com\/wp-content\/uploads\/2025\/08\/flavon-green-plus-uveg.png\" \/>\n\t<meta property=\"og:image:width\" content=\"1000\" \/>\n\t<meta property=\"og:image:height\" content=\"1000\" \/>\n\t<meta property=\"og:image:type\" content=\"image\/png\" \/>\n<meta name=\"twitter:card\" content=\"summary_large_image\" \/>\n<meta name=\"twitter:label1\" content=\"Estimated reading time\" \/>\n\t<meta name=\"twitter:data1\" content=\"2 minutes\" \/>\n<script type=\"application\/ld+json\" class=\"yoast-schema-graph\">{\"@context\":\"https:\\\/\\\/schema.org\",\"@graph\":[{\"@type\":\"WebPage\",\"@id\":\"https:\\\/\\\/wellbeingeletmod.com\\\/termek\\\/flavon-green-3\\\/\",\"url\":\"https:\\\/\\\/wellbeingeletmod.com\\\/termek\\\/flavon-green-3\\\/\",\"name\":\"Flavon Green+ - Wellbeing \u00c9letm\u00f3d Program\",\"isPartOf\":{\"@id\":\"https:\\\/\\\/wellbeingeletmod.com\\\/#website\"},\"primaryImageOfPage\":{\"@id\":\"https:\\\/\\\/wellbeingeletmod.com\\\/termek\\\/flavon-green-3\\\/#primaryimage\"},\"image\":{\"@id\":\"https:\\\/\\\/wellbeingeletmod.com\\\/termek\\\/flavon-green-3\\\/#primaryimage\"},\"thumbnailUrl\":\"https:\\\/\\\/wellbeingeletmod.com\\\/wp-content\\\/uploads\\\/2025\\\/08\\\/flavon-green-plus.png\",\"datePublished\":\"2025-08-16T15:16:46+00:00\",\"dateModified\":\"2026-05-07T13:11:57+00:00\",\"description\":\"A Flavon Green+ 12 v\u00e1logatott \u00f6sszetev\u0151b\u0151l, egyedi elj\u00e1r\u00e1ssal k\u00e9sz\u00fclt, magas hat\u00f3anyaggal rendelkez\u0151 pr\u00e9mium \u00e9trend-kieg\u00e9sz\u00edt\u0151\",\"breadcrumb\":{\"@id\":\"https:\\\/\\\/wellbeingeletmod.com\\\/termek\\\/flavon-green-3\\\/#breadcrumb\"},\"inLanguage\":\"en-GB\",\"potentialAction\":[{\"@type\":\"ReadAction\",\"target\":[\"https:\\\/\\\/wellbeingeletmod.com\\\/termek\\\/flavon-green-3\\\/\"]}]},{\"@type\":\"ImageObject\",\"inLanguage\":\"en-GB\",\"@id\":\"https:\\\/\\\/wellbeingeletmod.com\\\/termek\\\/flavon-green-3\\\/#primaryimage\",\"url\":\"https:\\\/\\\/wellbeingeletmod.com\\\/wp-content\\\/uploads\\\/2025\\\/08\\\/flavon-green-plus.png\",\"contentUrl\":\"https:\\\/\\\/wellbeingeletmod.com\\\/wp-content\\\/uploads\\\/2025\\\/08\\\/flavon-green-plus.png\",\"width\":1000,\"height\":1000,\"caption\":\"Flavon Green Plus\"},{\"@type\":\"BreadcrumbList\",\"@id\":\"https:\\\/\\\/wellbeingeletmod.com\\\/termek\\\/flavon-green-3\\\/#breadcrumb\",\"itemListElement\":[{\"@type\":\"ListItem\",\"position\":1,\"name\":\"Kezd\u0151lap\",\"item\":\"https:\\\/\\\/wellbeingeletmod.com\\\/\"},{\"@type\":\"ListItem\",\"position\":2,\"name\":\"Term\u00e9kek\",\"item\":\"https:\\\/\\\/wellbeingeletmod.com\\\/termekek\\\/\"},{\"@type\":\"ListItem\",\"position\":3,\"name\":\"Flavon Green+\"}]},{\"@type\":\"WebSite\",\"@id\":\"https:\\\/\\\/wellbeingeletmod.com\\\/#website\",\"url\":\"https:\\\/\\\/wellbeingeletmod.com\\\/\",\"name\":\"Wellbeing \u00c9letm\u00f3d Program\",\"description\":\"\u00c9letm\u00f3d amely bel\u00fclr\u0151l \u00e9p\u00edt\",\"publisher\":{\"@id\":\"https:\\\/\\\/wellbeingeletmod.com\\\/#\\\/schema\\\/person\\\/5922e136ec70ee3c2d22fac7ab1ac917\"},\"potentialAction\":[{\"@type\":\"SearchAction\",\"target\":{\"@type\":\"EntryPoint\",\"urlTemplate\":\"https:\\\/\\\/wellbeingeletmod.com\\\/?s={search_term_string}\"},\"query-input\":{\"@type\":\"PropertyValueSpecification\",\"valueRequired\":true,\"valueName\":\"search_term_string\"}}],\"inLanguage\":\"en-GB\"},{\"@type\":[\"Person\",\"Organization\"],\"@id\":\"https:\\\/\\\/wellbeingeletmod.com\\\/#\\\/schema\\\/person\\\/5922e136ec70ee3c2d22fac7ab1ac917\",\"name\":\"Borb\u00e9ly Erika\",\"image\":{\"@type\":\"ImageObject\",\"inLanguage\":\"en-GB\",\"@id\":\"https:\\\/\\\/wellbeingeletmod.com\\\/wp-content\\\/uploads\\\/2025\\\/07\\\/wb-png-logo.png\",\"url\":\"https:\\\/\\\/wellbeingeletmod.com\\\/wp-content\\\/uploads\\\/2025\\\/07\\\/wb-png-logo.png\",\"contentUrl\":\"https:\\\/\\\/wellbeingeletmod.com\\\/wp-content\\\/uploads\\\/2025\\\/07\\\/wb-png-logo.png\",\"width\":350,\"height\":120,\"caption\":\"Borb\u00e9ly Erika\"},\"logo\":{\"@id\":\"https:\\\/\\\/wellbeingeletmod.com\\\/wp-content\\\/uploads\\\/2025\\\/07\\\/wb-png-logo.png\"},\"sameAs\":[\"https:\\\/\\\/wellbeingeletmod.com\"]}]}<\/script>\n<!-- \/ Yoast SEO plugin. -->","yoast_head_json":{"title":"Flavon Green+ - Wellbeing \u00c9letm\u00f3d Program","description":"A Flavon Green+ 12 v\u00e1logatott \u00f6sszetev\u0151b\u0151l, egyedi elj\u00e1r\u00e1ssal k\u00e9sz\u00fclt, magas hat\u00f3anyaggal rendelkez\u0151 pr\u00e9mium \u00e9trend-kieg\u00e9sz\u00edt\u0151","robots":{"index":"index","follow":"follow","max-snippet":"max-snippet:-1","max-image-preview":"max-image-preview:large","max-video-preview":"max-video-preview:-1"},"canonical":"https:\/\/wellbeingeletmod.com\/en\/product\/flavon-green-3\/","og_locale":"en_GB","og_type":"article","og_title":"Flavon Green+ \u00e9trend-kieg\u00e9sz\u00edt\u0151","og_description":"A Flavon Green+ 12 v\u00e1logatott \u00f6sszetev\u0151b\u0151l, egyedi elj\u00e1r\u00e1ssal k\u00e9sz\u00fclt, magas hat\u00f3anyaggal rendelkez\u0151 pr\u00e9mium \u00e9trend-kieg\u00e9sz\u00edt\u0151","og_url":"https:\/\/wellbeingeletmod.com\/en\/product\/flavon-green-3\/","og_site_name":"Wellbeing \u00c9letm\u00f3d Program","article_modified_time":"2026-05-07T13:11:57+00:00","og_image":[{"width":1000,"height":1000,"url":"https:\/\/wellbeingeletmod.com\/wp-content\/uploads\/2025\/08\/flavon-green-plus-uveg.png","type":"image\/png"}],"twitter_card":"summary_large_image","twitter_misc":{"Estimated reading time":"2 minutes"},"schema":{"@context":"https:\/\/schema.org","@graph":[{"@type":"WebPage","@id":"https:\/\/wellbeingeletmod.com\/termek\/flavon-green-3\/","url":"https:\/\/wellbeingeletmod.com\/termek\/flavon-green-3\/","name":"Flavon Green+ - Wellbeing \u00c9letm\u00f3d Program","isPartOf":{"@id":"https:\/\/wellbeingeletmod.com\/#website"},"primaryImageOfPage":{"@id":"https:\/\/wellbeingeletmod.com\/termek\/flavon-green-3\/#primaryimage"},"image":{"@id":"https:\/\/wellbeingeletmod.com\/termek\/flavon-green-3\/#primaryimage"},"thumbnailUrl":"https:\/\/wellbeingeletmod.com\/wp-content\/uploads\/2025\/08\/flavon-green-plus.png","datePublished":"2025-08-16T15:16:46+00:00","dateModified":"2026-05-07T13:11:57+00:00","description":"A Flavon Green+ 12 v\u00e1logatott \u00f6sszetev\u0151b\u0151l, egyedi elj\u00e1r\u00e1ssal k\u00e9sz\u00fclt, magas hat\u00f3anyaggal rendelkez\u0151 pr\u00e9mium \u00e9trend-kieg\u00e9sz\u00edt\u0151","breadcrumb":{"@id":"https:\/\/wellbeingeletmod.com\/termek\/flavon-green-3\/#breadcrumb"},"inLanguage":"en-GB","potentialAction":[{"@type":"ReadAction","target":["https:\/\/wellbeingeletmod.com\/termek\/flavon-green-3\/"]}]},{"@type":"ImageObject","inLanguage":"en-GB","@id":"https:\/\/wellbeingeletmod.com\/termek\/flavon-green-3\/#primaryimage","url":"https:\/\/wellbeingeletmod.com\/wp-content\/uploads\/2025\/08\/flavon-green-plus.png","contentUrl":"https:\/\/wellbeingeletmod.com\/wp-content\/uploads\/2025\/08\/flavon-green-plus.png","width":1000,"height":1000,"caption":"Flavon Green Plus"},{"@type":"BreadcrumbList","@id":"https:\/\/wellbeingeletmod.com\/termek\/flavon-green-3\/#breadcrumb","itemListElement":[{"@type":"ListItem","position":1,"name":"Kezd\u0151lap","item":"https:\/\/wellbeingeletmod.com\/"},{"@type":"ListItem","position":2,"name":"Term\u00e9kek","item":"https:\/\/wellbeingeletmod.com\/termekek\/"},{"@type":"ListItem","position":3,"name":"Flavon Green+"}]},{"@type":"WebSite","@id":"https:\/\/wellbeingeletmod.com\/#website","url":"https:\/\/wellbeingeletmod.com\/","name":"Wellbeing Lifestyle Programme","description":"\u00c9letm\u00f3d amely bel\u00fclr\u0151l \u00e9p\u00edt","publisher":{"@id":"https:\/\/wellbeingeletmod.com\/#\/schema\/person\/5922e136ec70ee3c2d22fac7ab1ac917"},"potentialAction":[{"@type":"SearchAction","target":{"@type":"EntryPoint","urlTemplate":"https:\/\/wellbeingeletmod.com\/?s={search_term_string}"},"query-input":{"@type":"PropertyValueSpecification","valueRequired":true,"valueName":"search_term_string"}}],"inLanguage":"en-GB"},{"@type":["Person","Organization"],"@id":"https:\/\/wellbeingeletmod.com\/#\/schema\/person\/5922e136ec70ee3c2d22fac7ab1ac917","name":"Erika Borb\u00e9ly","image":{"@type":"ImageObject","inLanguage":"en-GB","@id":"https:\/\/wellbeingeletmod.com\/wp-content\/uploads\/2025\/07\/wb-png-logo.png","url":"https:\/\/wellbeingeletmod.com\/wp-content\/uploads\/2025\/07\/wb-png-logo.png","contentUrl":"https:\/\/wellbeingeletmod.com\/wp-content\/uploads\/2025\/07\/wb-png-logo.png","width":350,"height":120,"caption":"Borb\u00e9ly Erika"},"logo":{"@id":"https:\/\/wellbeingeletmod.com\/wp-content\/uploads\/2025\/07\/wb-png-logo.png"},"sameAs":["https:\/\/wellbeingeletmod.com"]}]}},"_links":{"self":[{"href":"https:\/\/wellbeingeletmod.com\/en\/wp-json\/wp\/v2\/product\/2750","targetHints":{"allow":["GET"]}}],"collection":[{"href":"https:\/\/wellbeingeletmod.com\/en\/wp-json\/wp\/v2\/product"}],"about":[{"href":"https:\/\/wellbeingeletmod.com\/en\/wp-json\/wp\/v2\/types\/product"}],"version-history":[{"count":0,"href":"https:\/\/wellbeingeletmod.com\/en\/wp-json\/wp\/v2\/product\/2750\/revisions"}],"wp:featuredmedia":[{"embeddable":true,"href":"https:\/\/wellbeingeletmod.com\/en\/wp-json\/wp\/v2\/media\/2745"}],"wp:attachment":[{"href":"https:\/\/wellbeingeletmod.com\/en\/wp-json\/wp\/v2\/media?parent=2750"}],"wp:term":[{"taxonomy":"product_brand","embeddable":true,"href":"https:\/\/wellbeingeletmod.com\/en\/wp-json\/wp\/v2\/product_brand?post=2750"},{"taxonomy":"product_cat","embeddable":true,"href":"https:\/\/wellbeingeletmod.com\/en\/wp-json\/wp\/v2\/product_cat?post=2750"},{"taxonomy":"product_tag","embeddable":true,"href":"https:\/\/wellbeingeletmod.com\/en\/wp-json\/wp\/v2\/product_tag?post=2750"}],"curies":[{"name":"wp","href":"https:\/\/api.w.org\/{rel}","templated":true}]}}