{"id":2760,"date":"2025-08-16T17:41:36","date_gmt":"2025-08-16T15:41:36","guid":{"rendered":"https:\/\/wellbeingeletmod.com\/?post_type=product&#038;p=2760"},"modified":"2026-05-07T15:01:53","modified_gmt":"2026-05-07T13:01:53","slug":"immune-by-flavon","status":"publish","type":"product","link":"https:\/\/wellbeingeletmod.com\/en\/termek\/immune-by-flavon\/","title":{"rendered":"Immune by Flavon"},"content":{"rendered":"<p><strong>The following scientifically proven statements apply to the vitamins and minerals present in Immune:<\/strong><\/p>\n<ul>\n<li>Vitamin D, zinc, selenium, and vitamin C contribute to the normal functioning of the immune system.<\/li>\n<li>Selenium and vitamin C contribute to the protection of cells against oxidative stress.<\/li>\n<li>Vitamin D contributes to the maintenance of normal blood calcium levels.<\/li>\n<li>Vitamin C enhances the absorption of iron.<\/li>\n<li>Zinc plays a role in normal protein synthesis.<\/li>\n<li>Zinc contributes to normal DNA synthesis.<\/li>\n<li>Selenium contributes to the normal functioning of the thyroid gland.<\/li>\n<\/ul>\n<p>The product\u2019s unique combination of ingredients may support the proper functioning of our immune system.<\/p>\n<div class=\"col-lg-12 col-md-12 col-sm-12\">\n<p>&nbsp;<\/p>\n<\/div>\n<h4><strong>\ud83e\udd57 Ingredients:<\/strong><\/h4>\n<ul>\n<li>Acerola fruit juice powder (300 mg\/capsule), Echinacea purpurea extract, yeast beta-glucans (Saccharomyces cerevisiae), inulin, gelatin capsule shell, Hibiscus sabdariffa flower extract, zinc citrate, selenium-enriched yeast, vitamin D3 (cholecalciferol), oleoresin rich in astaxanthin from Haematococcus pluvialis algae.<\/li>\n<li>One box contains 60 capsules.<\/li>\n<li>The capsule shell is of animal origin.<\/li>\n<\/ul>\n<p>&nbsp;<\/p>\n<p><strong>Dosage:<\/strong> take 2 capsules daily with plenty of water.<\/p>\n<p>Store the product in a dry, cool place, protected from sunlight, at room temperature (15\u201325\u202f\u00b0C).<\/p>\n<p>&nbsp;<\/p>\n<h4>\u26a0\ufe0f Important:<\/h4>\n<div class=\"col-lg-6 col-md-12 col-sm-12\">A dietary supplement is not a substitute for a mixed diet and a healthy lifestyle!<br \/>\nConsumers should not exceed the recommended daily intake!<br \/>\nThe product must be kept out of the reach of small children!<br \/>\nThe product is not suitable for infants, young children, or children under 14 years of age!<\/div>\n<div><\/div>\n<div class=\"col-lg-6 col-md-12 col-sm-12 ingredients-image\"><\/div>","protected":false},"excerpt":{"rendered":"<p><strong><em>Masterpiece for supporting our immune system<\/em><\/strong><\/p>\n<p>The Immune by Flavon capsule contains vitamins, minerals, plant extracts, and an outstanding source of dietary fiber, inulin.<\/p>\n<p>A strong, well-functioning immune system is the cornerstone of our overall health, and in addition to a balanced diet, it can be supported with dietary supplements. Regular physical activity is also essential, benefiting not only our physical condition but also our mood and mental well-being. A carefully chosen dietary supplement can help us face everyday challenges in peak condition.<\/p>","protected":false},"featured_media":2765,"template":"","meta":[],"product_brand":[59],"product_cat":[55,58],"product_tag":[],"class_list":{"0":"post-2760","1":"product","2":"type-product","3":"status-publish","4":"has-post-thumbnail","6":"product_brand-flavon","7":"product_cat-flavon","8":"product_cat-flavon-premium","10":"first","11":"instock","12":"shipping-taxable","13":"purchasable","14":"product-type-variable"},"yoast_head":"<!-- This site is optimized with the Yoast SEO plugin v27.5 - https:\/\/yoast.com\/product\/yoast-seo-wordpress\/ -->\n<title>Immune by Flavon - Wellbeing \u00c9letm\u00f3d Program<\/title>\n<meta name=\"description\" content=\"Az Immune by Flavon kapszul\u00e1ban vitaminok, \u00e1sv\u00e1nyi anyagok, n\u00f6v\u00e9nyi kivonatok \u00e9s egy kiemelked\u0151 \u00e9lelmirost-forr\u00e1s, az inulin is megtal\u00e1lhat\u00f3.\" \/>\n<meta name=\"robots\" content=\"index, follow, max-snippet:-1, max-image-preview:large, max-video-preview:-1\" \/>\n<link rel=\"canonical\" href=\"https:\/\/wellbeingeletmod.com\/en\/product\/immune-by-flavon\/\" \/>\n<meta property=\"og:locale\" content=\"en_GB\" \/>\n<meta property=\"og:type\" content=\"article\" \/>\n<meta property=\"og:title\" content=\"Immune by Flavon - Wellbeing \u00c9letm\u00f3d Program\" \/>\n<meta property=\"og:description\" content=\"Az Immune by Flavon kapszul\u00e1ban vitaminok, \u00e1sv\u00e1nyi anyagok, n\u00f6v\u00e9nyi kivonatok \u00e9s egy kiemelked\u0151 \u00e9lelmirost-forr\u00e1s, az inulin is megtal\u00e1lhat\u00f3.\" \/>\n<meta property=\"og:url\" content=\"https:\/\/wellbeingeletmod.com\/en\/product\/immune-by-flavon\/\" \/>\n<meta property=\"og:site_name\" content=\"Wellbeing \u00c9letm\u00f3d Program\" \/>\n<meta property=\"article:modified_time\" content=\"2026-05-07T13:01:53+00:00\" \/>\n<meta property=\"og:image\" content=\"https:\/\/wellbeingeletmod.com\/wp-content\/uploads\/2025\/08\/immune-by-flavon-doboz.png\" \/>\n\t<meta property=\"og:image:width\" content=\"1000\" \/>\n\t<meta property=\"og:image:height\" content=\"1000\" \/>\n\t<meta property=\"og:image:type\" content=\"image\/png\" \/>\n<meta name=\"twitter:card\" content=\"summary_large_image\" \/>\n<meta name=\"twitter:label1\" content=\"Estimated reading time\" \/>\n\t<meta name=\"twitter:data1\" content=\"2 minutes\" \/>\n<script type=\"application\/ld+json\" class=\"yoast-schema-graph\">{\"@context\":\"https:\\\/\\\/schema.org\",\"@graph\":[{\"@type\":\"WebPage\",\"@id\":\"https:\\\/\\\/wellbeingeletmod.com\\\/termek\\\/immune-by-flavon\\\/\",\"url\":\"https:\\\/\\\/wellbeingeletmod.com\\\/termek\\\/immune-by-flavon\\\/\",\"name\":\"Immune by Flavon - Wellbeing \u00c9letm\u00f3d Program\",\"isPartOf\":{\"@id\":\"https:\\\/\\\/wellbeingeletmod.com\\\/#website\"},\"primaryImageOfPage\":{\"@id\":\"https:\\\/\\\/wellbeingeletmod.com\\\/termek\\\/immune-by-flavon\\\/#primaryimage\"},\"image\":{\"@id\":\"https:\\\/\\\/wellbeingeletmod.com\\\/termek\\\/immune-by-flavon\\\/#primaryimage\"},\"thumbnailUrl\":\"https:\\\/\\\/wellbeingeletmod.com\\\/wp-content\\\/uploads\\\/2025\\\/08\\\/immune-by-flavon-doboz.png\",\"datePublished\":\"2025-08-16T15:41:36+00:00\",\"dateModified\":\"2026-05-07T13:01:53+00:00\",\"description\":\"Az Immune by Flavon kapszul\u00e1ban vitaminok, \u00e1sv\u00e1nyi anyagok, n\u00f6v\u00e9nyi kivonatok \u00e9s egy kiemelked\u0151 \u00e9lelmirost-forr\u00e1s, az inulin is megtal\u00e1lhat\u00f3.\",\"breadcrumb\":{\"@id\":\"https:\\\/\\\/wellbeingeletmod.com\\\/termek\\\/immune-by-flavon\\\/#breadcrumb\"},\"inLanguage\":\"en-GB\",\"potentialAction\":[{\"@type\":\"ReadAction\",\"target\":[\"https:\\\/\\\/wellbeingeletmod.com\\\/termek\\\/immune-by-flavon\\\/\"]}]},{\"@type\":\"ImageObject\",\"inLanguage\":\"en-GB\",\"@id\":\"https:\\\/\\\/wellbeingeletmod.com\\\/termek\\\/immune-by-flavon\\\/#primaryimage\",\"url\":\"https:\\\/\\\/wellbeingeletmod.com\\\/wp-content\\\/uploads\\\/2025\\\/08\\\/immune-by-flavon-doboz.png\",\"contentUrl\":\"https:\\\/\\\/wellbeingeletmod.com\\\/wp-content\\\/uploads\\\/2025\\\/08\\\/immune-by-flavon-doboz.png\",\"width\":1000,\"height\":1000,\"caption\":\"Immune By Flavon\"},{\"@type\":\"BreadcrumbList\",\"@id\":\"https:\\\/\\\/wellbeingeletmod.com\\\/termek\\\/immune-by-flavon\\\/#breadcrumb\",\"itemListElement\":[{\"@type\":\"ListItem\",\"position\":1,\"name\":\"Kezd\u0151lap\",\"item\":\"https:\\\/\\\/wellbeingeletmod.com\\\/\"},{\"@type\":\"ListItem\",\"position\":2,\"name\":\"Term\u00e9kek\",\"item\":\"https:\\\/\\\/wellbeingeletmod.com\\\/termekek\\\/\"},{\"@type\":\"ListItem\",\"position\":3,\"name\":\"Immune by Flavon\"}]},{\"@type\":\"WebSite\",\"@id\":\"https:\\\/\\\/wellbeingeletmod.com\\\/#website\",\"url\":\"https:\\\/\\\/wellbeingeletmod.com\\\/\",\"name\":\"Wellbeing \u00c9letm\u00f3d Program\",\"description\":\"\u00c9letm\u00f3d amely bel\u00fclr\u0151l \u00e9p\u00edt\",\"publisher\":{\"@id\":\"https:\\\/\\\/wellbeingeletmod.com\\\/#\\\/schema\\\/person\\\/5922e136ec70ee3c2d22fac7ab1ac917\"},\"potentialAction\":[{\"@type\":\"SearchAction\",\"target\":{\"@type\":\"EntryPoint\",\"urlTemplate\":\"https:\\\/\\\/wellbeingeletmod.com\\\/?s={search_term_string}\"},\"query-input\":{\"@type\":\"PropertyValueSpecification\",\"valueRequired\":true,\"valueName\":\"search_term_string\"}}],\"inLanguage\":\"en-GB\"},{\"@type\":[\"Person\",\"Organization\"],\"@id\":\"https:\\\/\\\/wellbeingeletmod.com\\\/#\\\/schema\\\/person\\\/5922e136ec70ee3c2d22fac7ab1ac917\",\"name\":\"Borb\u00e9ly Erika\",\"image\":{\"@type\":\"ImageObject\",\"inLanguage\":\"en-GB\",\"@id\":\"https:\\\/\\\/wellbeingeletmod.com\\\/wp-content\\\/uploads\\\/2025\\\/07\\\/wb-png-logo.png\",\"url\":\"https:\\\/\\\/wellbeingeletmod.com\\\/wp-content\\\/uploads\\\/2025\\\/07\\\/wb-png-logo.png\",\"contentUrl\":\"https:\\\/\\\/wellbeingeletmod.com\\\/wp-content\\\/uploads\\\/2025\\\/07\\\/wb-png-logo.png\",\"width\":350,\"height\":120,\"caption\":\"Borb\u00e9ly Erika\"},\"logo\":{\"@id\":\"https:\\\/\\\/wellbeingeletmod.com\\\/wp-content\\\/uploads\\\/2025\\\/07\\\/wb-png-logo.png\"},\"sameAs\":[\"https:\\\/\\\/wellbeingeletmod.com\"]}]}<\/script>\n<!-- \/ Yoast SEO plugin. -->","yoast_head_json":{"title":"Immune by Flavon - Wellbeing \u00c9letm\u00f3d Program","description":"The Immune by Flavon capsule contains vitamins, minerals, plant extracts, and an outstanding source of dietary fiber, inulin.","robots":{"index":"index","follow":"follow","max-snippet":"max-snippet:-1","max-image-preview":"max-image-preview:large","max-video-preview":"max-video-preview:-1"},"canonical":"https:\/\/wellbeingeletmod.com\/en\/product\/immune-by-flavon\/","og_locale":"en_GB","og_type":"article","og_title":"Immune by Flavon - Wellbeing \u00c9letm\u00f3d Program","og_description":"Az Immune by Flavon kapszul\u00e1ban vitaminok, \u00e1sv\u00e1nyi anyagok, n\u00f6v\u00e9nyi kivonatok \u00e9s egy kiemelked\u0151 \u00e9lelmirost-forr\u00e1s, az inulin is megtal\u00e1lhat\u00f3.","og_url":"https:\/\/wellbeingeletmod.com\/en\/product\/immune-by-flavon\/","og_site_name":"Wellbeing \u00c9letm\u00f3d Program","article_modified_time":"2026-05-07T13:01:53+00:00","og_image":[{"width":1000,"height":1000,"url":"https:\/\/wellbeingeletmod.com\/wp-content\/uploads\/2025\/08\/immune-by-flavon-doboz.png","type":"image\/png"}],"twitter_card":"summary_large_image","twitter_misc":{"Estimated reading time":"2 minutes"},"schema":{"@context":"https:\/\/schema.org","@graph":[{"@type":"WebPage","@id":"https:\/\/wellbeingeletmod.com\/termek\/immune-by-flavon\/","url":"https:\/\/wellbeingeletmod.com\/termek\/immune-by-flavon\/","name":"Immune by Flavon - Wellbeing \u00c9letm\u00f3d Program","isPartOf":{"@id":"https:\/\/wellbeingeletmod.com\/#website"},"primaryImageOfPage":{"@id":"https:\/\/wellbeingeletmod.com\/termek\/immune-by-flavon\/#primaryimage"},"image":{"@id":"https:\/\/wellbeingeletmod.com\/termek\/immune-by-flavon\/#primaryimage"},"thumbnailUrl":"https:\/\/wellbeingeletmod.com\/wp-content\/uploads\/2025\/08\/immune-by-flavon-doboz.png","datePublished":"2025-08-16T15:41:36+00:00","dateModified":"2026-05-07T13:01:53+00:00","description":"The Immune by Flavon capsule contains vitamins, minerals, plant extracts, and an outstanding source of dietary fiber, inulin.","breadcrumb":{"@id":"https:\/\/wellbeingeletmod.com\/termek\/immune-by-flavon\/#breadcrumb"},"inLanguage":"en-GB","potentialAction":[{"@type":"ReadAction","target":["https:\/\/wellbeingeletmod.com\/termek\/immune-by-flavon\/"]}]},{"@type":"ImageObject","inLanguage":"en-GB","@id":"https:\/\/wellbeingeletmod.com\/termek\/immune-by-flavon\/#primaryimage","url":"https:\/\/wellbeingeletmod.com\/wp-content\/uploads\/2025\/08\/immune-by-flavon-doboz.png","contentUrl":"https:\/\/wellbeingeletmod.com\/wp-content\/uploads\/2025\/08\/immune-by-flavon-doboz.png","width":1000,"height":1000,"caption":"Immune By Flavon"},{"@type":"BreadcrumbList","@id":"https:\/\/wellbeingeletmod.com\/termek\/immune-by-flavon\/#breadcrumb","itemListElement":[{"@type":"ListItem","position":1,"name":"Kezd\u0151lap","item":"https:\/\/wellbeingeletmod.com\/"},{"@type":"ListItem","position":2,"name":"Term\u00e9kek","item":"https:\/\/wellbeingeletmod.com\/termekek\/"},{"@type":"ListItem","position":3,"name":"Immune by Flavon"}]},{"@type":"WebSite","@id":"https:\/\/wellbeingeletmod.com\/#website","url":"https:\/\/wellbeingeletmod.com\/","name":"Wellbeing Lifestyle Programme","description":"\u00c9letm\u00f3d amely bel\u00fclr\u0151l \u00e9p\u00edt","publisher":{"@id":"https:\/\/wellbeingeletmod.com\/#\/schema\/person\/5922e136ec70ee3c2d22fac7ab1ac917"},"potentialAction":[{"@type":"SearchAction","target":{"@type":"EntryPoint","urlTemplate":"https:\/\/wellbeingeletmod.com\/?s={search_term_string}"},"query-input":{"@type":"PropertyValueSpecification","valueRequired":true,"valueName":"search_term_string"}}],"inLanguage":"en-GB"},{"@type":["Person","Organization"],"@id":"https:\/\/wellbeingeletmod.com\/#\/schema\/person\/5922e136ec70ee3c2d22fac7ab1ac917","name":"Erika Borb\u00e9ly","image":{"@type":"ImageObject","inLanguage":"en-GB","@id":"https:\/\/wellbeingeletmod.com\/wp-content\/uploads\/2025\/07\/wb-png-logo.png","url":"https:\/\/wellbeingeletmod.com\/wp-content\/uploads\/2025\/07\/wb-png-logo.png","contentUrl":"https:\/\/wellbeingeletmod.com\/wp-content\/uploads\/2025\/07\/wb-png-logo.png","width":350,"height":120,"caption":"Borb\u00e9ly Erika"},"logo":{"@id":"https:\/\/wellbeingeletmod.com\/wp-content\/uploads\/2025\/07\/wb-png-logo.png"},"sameAs":["https:\/\/wellbeingeletmod.com"]}]}},"_links":{"self":[{"href":"https:\/\/wellbeingeletmod.com\/en\/wp-json\/wp\/v2\/product\/2760","targetHints":{"allow":["GET"]}}],"collection":[{"href":"https:\/\/wellbeingeletmod.com\/en\/wp-json\/wp\/v2\/product"}],"about":[{"href":"https:\/\/wellbeingeletmod.com\/en\/wp-json\/wp\/v2\/types\/product"}],"version-history":[{"count":0,"href":"https:\/\/wellbeingeletmod.com\/en\/wp-json\/wp\/v2\/product\/2760\/revisions"}],"wp:featuredmedia":[{"embeddable":true,"href":"https:\/\/wellbeingeletmod.com\/en\/wp-json\/wp\/v2\/media\/2765"}],"wp:attachment":[{"href":"https:\/\/wellbeingeletmod.com\/en\/wp-json\/wp\/v2\/media?parent=2760"}],"wp:term":[{"taxonomy":"product_brand","embeddable":true,"href":"https:\/\/wellbeingeletmod.com\/en\/wp-json\/wp\/v2\/product_brand?post=2760"},{"taxonomy":"product_cat","embeddable":true,"href":"https:\/\/wellbeingeletmod.com\/en\/wp-json\/wp\/v2\/product_cat?post=2760"},{"taxonomy":"product_tag","embeddable":true,"href":"https:\/\/wellbeingeletmod.com\/en\/wp-json\/wp\/v2\/product_tag?post=2760"}],"curies":[{"name":"wp","href":"https:\/\/api.w.org\/{rel}","templated":true}]}}