{"id":3470,"date":"2025-10-01T17:55:57","date_gmt":"2025-10-01T15:55:57","guid":{"rendered":"https:\/\/wellbeingeletmod.com\/?post_type=product&#038;p=3470"},"modified":"2025-10-10T23:18:31","modified_gmt":"2025-10-10T21:18:31","slug":"menopauza-utani-eletmod-naplom","status":"publish","type":"product","link":"https:\/\/wellbeingeletmod.com\/en\/termek\/menopauza-utani-eletmod-naplom\/","title":{"rendered":"My Post-Menopause Lifestyle Journal"},"content":{"rendered":"<p>\ud83d\udcc4 Downloadable PDF \u2013 Terms of Use:<\/p>\n<p data-start=\"287\" data-end=\"308\">Dear User!<\/p>\n<p data-start=\"310\" data-end=\"429\">Please read the following terms and conditions carefully:<\/p>\n<p data-start=\"434\" data-end=\"459\"><strong data-start=\"434\" data-end=\"457\">1. Personal use<\/strong><\/p>\n<ul>\n<li data-start=\"465\" data-end=\"522\">The PDF may only be used for your own personal purposes.<\/li>\n<li data-start=\"528\" data-end=\"651\">The contents of this document may not be disclosed, shared, sold, or published in any form.<\/li>\n<\/ul>\n<p>&nbsp;<\/p>\n<p><strong data-start=\"656\" data-end=\"693\">2. Commercial use is prohibited.<\/strong><\/p>\n<ul>\n<li data-start=\"701\" data-end=\"829\">The materials contained in the PDF may not be used for commercial purposes unless you have obtained written permission from the creator.<\/li>\n<\/ul>\n<p>&nbsp;<\/p>\n<p data-start=\"834\" data-end=\"851\"><strong data-start=\"834\" data-end=\"849\">3. Copyright<\/strong><\/p>\n<ul>\n<li data-start=\"857\" data-end=\"910\">The content of this document is protected by copyright.<\/li>\n<li data-start=\"916\" data-end=\"1013\">Copying, modifying, or redistributing the PDF in any form <strong data-start=\"987\" data-end=\"1012\">without permission is prohibited.<\/strong>.<\/li>\n<\/ul>\n<p>&nbsp;<\/p>\n<p data-start=\"1018\" data-end=\"1043\"><strong data-start=\"1018\" data-end=\"1041\">4. Download issues<\/strong><\/p>\n<ul>\n<li data-start=\"1049\" data-end=\"1205\">If for any reason you are unable to download the PDF, please write an email to <em>info@wellbeingeletmod.com<\/em> and I will send you the document.<\/li>\n<\/ul>","protected":false},"excerpt":{"rendered":"<p data-start=\"525\" data-end=\"598\">\ud83d\udc9b <strong>Discover the guide to conscious living for the years after menopause!<\/strong><\/p>\n<p data-start=\"600\" data-end=\"826\">This journal and practical guide will help you restore balance to your body, soul, and spirit. It will guide you step by step through the main pillars: exercise, nutrition, spiritual harmony, and mental freshness.<\/p>\n<p data-start=\"828\" data-end=\"1016\"><strong>You will receive simple tips, inspiring thoughts, and habits that are easy to incorporate into your everyday life, which will help you not only survive but thrive in this new phase of your life.<\/strong><\/p>","protected":false},"featured_media":3473,"template":"","meta":[],"product_brand":[],"product_cat":[66],"product_tag":[],"class_list":{"0":"post-3470","1":"product","2":"type-product","3":"status-publish","4":"has-post-thumbnail","6":"product_cat-letoltheto","8":"first","9":"instock","10":"downloadable","11":"virtual","12":"sold-individually","13":"purchasable","14":"product-type-simple"},"yoast_head":"<!-- This site is optimized with the Yoast SEO plugin v27.5 - https:\/\/yoast.com\/product\/yoast-seo-wordpress\/ -->\n<title>Menopauza ut\u00e1ni \u00e9letm\u00f3d napl\u00f3m - Wellbeing \u00c9letm\u00f3d Program<\/title>\n<meta name=\"description\" content=\"Tudatos \u00e9letm\u00f3d \u00fatmutat\u00f3 menopauza ut\u00e1n: praktikus tippek mozg\u00e1sra, t\u00e1pl\u00e1lkoz\u00e1sra, lelki egyens\u00falyra \u00e9s szellemi frissess\u00e9gre.\" \/>\n<meta name=\"robots\" content=\"index, follow, max-snippet:-1, max-image-preview:large, max-video-preview:-1\" \/>\n<link rel=\"canonical\" href=\"https:\/\/wellbeingeletmod.com\/en\/product\/menopauza-utani-eletmod-naplom\/\" \/>\n<meta property=\"og:locale\" content=\"en_GB\" \/>\n<meta property=\"og:type\" content=\"article\" \/>\n<meta property=\"og:title\" content=\"Menopauza ut\u00e1ni \u00e9letm\u00f3d napl\u00f3m - Wellbeing \u00c9letm\u00f3d Program\" \/>\n<meta property=\"og:description\" content=\"Tudatos \u00e9letm\u00f3d \u00fatmutat\u00f3 menopauza ut\u00e1n: praktikus tippek mozg\u00e1sra, t\u00e1pl\u00e1lkoz\u00e1sra, lelki egyens\u00falyra \u00e9s szellemi frissess\u00e9gre.\" \/>\n<meta property=\"og:url\" content=\"https:\/\/wellbeingeletmod.com\/en\/product\/menopauza-utani-eletmod-naplom\/\" \/>\n<meta property=\"og:site_name\" content=\"Wellbeing \u00c9letm\u00f3d Program\" \/>\n<meta property=\"article:modified_time\" content=\"2025-10-10T21:18:31+00:00\" \/>\n<meta property=\"og:image\" content=\"https:\/\/wellbeingeletmod.com\/wp-content\/uploads\/2025\/10\/menopauza-pdf.jpg\" \/>\n\t<meta property=\"og:image:width\" content=\"1000\" \/>\n\t<meta property=\"og:image:height\" content=\"1000\" \/>\n\t<meta property=\"og:image:type\" content=\"image\/jpeg\" \/>\n<meta name=\"twitter:card\" content=\"summary_large_image\" \/>\n<meta name=\"twitter:label1\" content=\"Estimated reading time\" \/>\n\t<meta name=\"twitter:data1\" content=\"1 minute\" \/>\n<script type=\"application\/ld+json\" class=\"yoast-schema-graph\">{\"@context\":\"https:\\\/\\\/schema.org\",\"@graph\":[{\"@type\":\"WebPage\",\"@id\":\"https:\\\/\\\/wellbeingeletmod.com\\\/termek\\\/menopauza-utani-eletmod-naplom\\\/\",\"url\":\"https:\\\/\\\/wellbeingeletmod.com\\\/termek\\\/menopauza-utani-eletmod-naplom\\\/\",\"name\":\"Menopauza ut\u00e1ni \u00e9letm\u00f3d napl\u00f3m - Wellbeing \u00c9letm\u00f3d Program\",\"isPartOf\":{\"@id\":\"https:\\\/\\\/wellbeingeletmod.com\\\/#website\"},\"primaryImageOfPage\":{\"@id\":\"https:\\\/\\\/wellbeingeletmod.com\\\/termek\\\/menopauza-utani-eletmod-naplom\\\/#primaryimage\"},\"image\":{\"@id\":\"https:\\\/\\\/wellbeingeletmod.com\\\/termek\\\/menopauza-utani-eletmod-naplom\\\/#primaryimage\"},\"thumbnailUrl\":\"https:\\\/\\\/wellbeingeletmod.com\\\/wp-content\\\/uploads\\\/2025\\\/10\\\/menopauza-pdf.jpg\",\"datePublished\":\"2025-10-01T15:55:57+00:00\",\"dateModified\":\"2025-10-10T21:18:31+00:00\",\"description\":\"Tudatos \u00e9letm\u00f3d \u00fatmutat\u00f3 menopauza ut\u00e1n: praktikus tippek mozg\u00e1sra, t\u00e1pl\u00e1lkoz\u00e1sra, lelki egyens\u00falyra \u00e9s szellemi frissess\u00e9gre.\",\"breadcrumb\":{\"@id\":\"https:\\\/\\\/wellbeingeletmod.com\\\/termek\\\/menopauza-utani-eletmod-naplom\\\/#breadcrumb\"},\"inLanguage\":\"en-GB\",\"potentialAction\":[{\"@type\":\"ReadAction\",\"target\":[\"https:\\\/\\\/wellbeingeletmod.com\\\/termek\\\/menopauza-utani-eletmod-naplom\\\/\"]}]},{\"@type\":\"ImageObject\",\"inLanguage\":\"en-GB\",\"@id\":\"https:\\\/\\\/wellbeingeletmod.com\\\/termek\\\/menopauza-utani-eletmod-naplom\\\/#primaryimage\",\"url\":\"https:\\\/\\\/wellbeingeletmod.com\\\/wp-content\\\/uploads\\\/2025\\\/10\\\/menopauza-pdf.jpg\",\"contentUrl\":\"https:\\\/\\\/wellbeingeletmod.com\\\/wp-content\\\/uploads\\\/2025\\\/10\\\/menopauza-pdf.jpg\",\"width\":1000,\"height\":1000,\"caption\":\"menopauza ut\u00e1ni \u00e9let napl\u00f3\"},{\"@type\":\"BreadcrumbList\",\"@id\":\"https:\\\/\\\/wellbeingeletmod.com\\\/termek\\\/menopauza-utani-eletmod-naplom\\\/#breadcrumb\",\"itemListElement\":[{\"@type\":\"ListItem\",\"position\":1,\"name\":\"Kezd\u0151lap\",\"item\":\"https:\\\/\\\/wellbeingeletmod.com\\\/\"},{\"@type\":\"ListItem\",\"position\":2,\"name\":\"Term\u00e9kek\",\"item\":\"https:\\\/\\\/wellbeingeletmod.com\\\/termekek\\\/\"},{\"@type\":\"ListItem\",\"position\":3,\"name\":\"Menopauza ut\u00e1ni \u00e9letm\u00f3d napl\u00f3m\"}]},{\"@type\":\"WebSite\",\"@id\":\"https:\\\/\\\/wellbeingeletmod.com\\\/#website\",\"url\":\"https:\\\/\\\/wellbeingeletmod.com\\\/\",\"name\":\"Wellbeing \u00c9letm\u00f3d Program\",\"description\":\"\u00c9letm\u00f3d amely bel\u00fclr\u0151l \u00e9p\u00edt\",\"publisher\":{\"@id\":\"https:\\\/\\\/wellbeingeletmod.com\\\/#\\\/schema\\\/person\\\/5922e136ec70ee3c2d22fac7ab1ac917\"},\"potentialAction\":[{\"@type\":\"SearchAction\",\"target\":{\"@type\":\"EntryPoint\",\"urlTemplate\":\"https:\\\/\\\/wellbeingeletmod.com\\\/?s={search_term_string}\"},\"query-input\":{\"@type\":\"PropertyValueSpecification\",\"valueRequired\":true,\"valueName\":\"search_term_string\"}}],\"inLanguage\":\"en-GB\"},{\"@type\":[\"Person\",\"Organization\"],\"@id\":\"https:\\\/\\\/wellbeingeletmod.com\\\/#\\\/schema\\\/person\\\/5922e136ec70ee3c2d22fac7ab1ac917\",\"name\":\"Borb\u00e9ly Erika\",\"image\":{\"@type\":\"ImageObject\",\"inLanguage\":\"en-GB\",\"@id\":\"https:\\\/\\\/wellbeingeletmod.com\\\/wp-content\\\/uploads\\\/2025\\\/07\\\/wb-png-logo.png\",\"url\":\"https:\\\/\\\/wellbeingeletmod.com\\\/wp-content\\\/uploads\\\/2025\\\/07\\\/wb-png-logo.png\",\"contentUrl\":\"https:\\\/\\\/wellbeingeletmod.com\\\/wp-content\\\/uploads\\\/2025\\\/07\\\/wb-png-logo.png\",\"width\":350,\"height\":120,\"caption\":\"Borb\u00e9ly Erika\"},\"logo\":{\"@id\":\"https:\\\/\\\/wellbeingeletmod.com\\\/wp-content\\\/uploads\\\/2025\\\/07\\\/wb-png-logo.png\"},\"sameAs\":[\"https:\\\/\\\/wellbeingeletmod.com\"]}]}<\/script>\n<!-- \/ Yoast SEO plugin. -->","yoast_head_json":{"title":"Menopauza ut\u00e1ni \u00e9letm\u00f3d napl\u00f3m - Wellbeing \u00c9letm\u00f3d Program","description":"Tudatos \u00e9letm\u00f3d \u00fatmutat\u00f3 menopauza ut\u00e1n: praktikus tippek mozg\u00e1sra, t\u00e1pl\u00e1lkoz\u00e1sra, lelki egyens\u00falyra \u00e9s szellemi frissess\u00e9gre.","robots":{"index":"index","follow":"follow","max-snippet":"max-snippet:-1","max-image-preview":"max-image-preview:large","max-video-preview":"max-video-preview:-1"},"canonical":"https:\/\/wellbeingeletmod.com\/en\/product\/menopauza-utani-eletmod-naplom\/","og_locale":"en_GB","og_type":"article","og_title":"Menopauza ut\u00e1ni \u00e9letm\u00f3d napl\u00f3m - Wellbeing \u00c9letm\u00f3d Program","og_description":"Tudatos \u00e9letm\u00f3d \u00fatmutat\u00f3 menopauza ut\u00e1n: praktikus tippek mozg\u00e1sra, t\u00e1pl\u00e1lkoz\u00e1sra, lelki egyens\u00falyra \u00e9s szellemi frissess\u00e9gre.","og_url":"https:\/\/wellbeingeletmod.com\/en\/product\/menopauza-utani-eletmod-naplom\/","og_site_name":"Wellbeing \u00c9letm\u00f3d Program","article_modified_time":"2025-10-10T21:18:31+00:00","og_image":[{"width":1000,"height":1000,"url":"https:\/\/wellbeingeletmod.com\/wp-content\/uploads\/2025\/10\/menopauza-pdf.jpg","type":"image\/jpeg"}],"twitter_card":"summary_large_image","twitter_misc":{"Estimated reading time":"1 minute"},"schema":{"@context":"https:\/\/schema.org","@graph":[{"@type":"WebPage","@id":"https:\/\/wellbeingeletmod.com\/termek\/menopauza-utani-eletmod-naplom\/","url":"https:\/\/wellbeingeletmod.com\/termek\/menopauza-utani-eletmod-naplom\/","name":"Menopauza ut\u00e1ni \u00e9letm\u00f3d napl\u00f3m - Wellbeing \u00c9letm\u00f3d Program","isPartOf":{"@id":"https:\/\/wellbeingeletmod.com\/#website"},"primaryImageOfPage":{"@id":"https:\/\/wellbeingeletmod.com\/termek\/menopauza-utani-eletmod-naplom\/#primaryimage"},"image":{"@id":"https:\/\/wellbeingeletmod.com\/termek\/menopauza-utani-eletmod-naplom\/#primaryimage"},"thumbnailUrl":"https:\/\/wellbeingeletmod.com\/wp-content\/uploads\/2025\/10\/menopauza-pdf.jpg","datePublished":"2025-10-01T15:55:57+00:00","dateModified":"2025-10-10T21:18:31+00:00","description":"Tudatos \u00e9letm\u00f3d \u00fatmutat\u00f3 menopauza ut\u00e1n: praktikus tippek mozg\u00e1sra, t\u00e1pl\u00e1lkoz\u00e1sra, lelki egyens\u00falyra \u00e9s szellemi frissess\u00e9gre.","breadcrumb":{"@id":"https:\/\/wellbeingeletmod.com\/termek\/menopauza-utani-eletmod-naplom\/#breadcrumb"},"inLanguage":"en-GB","potentialAction":[{"@type":"ReadAction","target":["https:\/\/wellbeingeletmod.com\/termek\/menopauza-utani-eletmod-naplom\/"]}]},{"@type":"ImageObject","inLanguage":"en-GB","@id":"https:\/\/wellbeingeletmod.com\/termek\/menopauza-utani-eletmod-naplom\/#primaryimage","url":"https:\/\/wellbeingeletmod.com\/wp-content\/uploads\/2025\/10\/menopauza-pdf.jpg","contentUrl":"https:\/\/wellbeingeletmod.com\/wp-content\/uploads\/2025\/10\/menopauza-pdf.jpg","width":1000,"height":1000,"caption":"menopauza ut\u00e1ni \u00e9let napl\u00f3"},{"@type":"BreadcrumbList","@id":"https:\/\/wellbeingeletmod.com\/termek\/menopauza-utani-eletmod-naplom\/#breadcrumb","itemListElement":[{"@type":"ListItem","position":1,"name":"Kezd\u0151lap","item":"https:\/\/wellbeingeletmod.com\/"},{"@type":"ListItem","position":2,"name":"Term\u00e9kek","item":"https:\/\/wellbeingeletmod.com\/termekek\/"},{"@type":"ListItem","position":3,"name":"Menopauza ut\u00e1ni \u00e9letm\u00f3d napl\u00f3m"}]},{"@type":"WebSite","@id":"https:\/\/wellbeingeletmod.com\/#website","url":"https:\/\/wellbeingeletmod.com\/","name":"Wellbeing Lifestyle Programme","description":"\u00c9letm\u00f3d amely bel\u00fclr\u0151l \u00e9p\u00edt","publisher":{"@id":"https:\/\/wellbeingeletmod.com\/#\/schema\/person\/5922e136ec70ee3c2d22fac7ab1ac917"},"potentialAction":[{"@type":"SearchAction","target":{"@type":"EntryPoint","urlTemplate":"https:\/\/wellbeingeletmod.com\/?s={search_term_string}"},"query-input":{"@type":"PropertyValueSpecification","valueRequired":true,"valueName":"search_term_string"}}],"inLanguage":"en-GB"},{"@type":["Person","Organization"],"@id":"https:\/\/wellbeingeletmod.com\/#\/schema\/person\/5922e136ec70ee3c2d22fac7ab1ac917","name":"Erika Borb\u00e9ly","image":{"@type":"ImageObject","inLanguage":"en-GB","@id":"https:\/\/wellbeingeletmod.com\/wp-content\/uploads\/2025\/07\/wb-png-logo.png","url":"https:\/\/wellbeingeletmod.com\/wp-content\/uploads\/2025\/07\/wb-png-logo.png","contentUrl":"https:\/\/wellbeingeletmod.com\/wp-content\/uploads\/2025\/07\/wb-png-logo.png","width":350,"height":120,"caption":"Borb\u00e9ly Erika"},"logo":{"@id":"https:\/\/wellbeingeletmod.com\/wp-content\/uploads\/2025\/07\/wb-png-logo.png"},"sameAs":["https:\/\/wellbeingeletmod.com"]}]}},"_links":{"self":[{"href":"https:\/\/wellbeingeletmod.com\/en\/wp-json\/wp\/v2\/product\/3470","targetHints":{"allow":["GET"]}}],"collection":[{"href":"https:\/\/wellbeingeletmod.com\/en\/wp-json\/wp\/v2\/product"}],"about":[{"href":"https:\/\/wellbeingeletmod.com\/en\/wp-json\/wp\/v2\/types\/product"}],"version-history":[{"count":0,"href":"https:\/\/wellbeingeletmod.com\/en\/wp-json\/wp\/v2\/product\/3470\/revisions"}],"wp:featuredmedia":[{"embeddable":true,"href":"https:\/\/wellbeingeletmod.com\/en\/wp-json\/wp\/v2\/media\/3473"}],"wp:attachment":[{"href":"https:\/\/wellbeingeletmod.com\/en\/wp-json\/wp\/v2\/media?parent=3470"}],"wp:term":[{"taxonomy":"product_brand","embeddable":true,"href":"https:\/\/wellbeingeletmod.com\/en\/wp-json\/wp\/v2\/product_brand?post=3470"},{"taxonomy":"product_cat","embeddable":true,"href":"https:\/\/wellbeingeletmod.com\/en\/wp-json\/wp\/v2\/product_cat?post=3470"},{"taxonomy":"product_tag","embeddable":true,"href":"https:\/\/wellbeingeletmod.com\/en\/wp-json\/wp\/v2\/product_tag?post=3470"}],"curies":[{"name":"wp","href":"https:\/\/api.w.org\/{rel}","templated":true}]}}